{"id":27296,"date":"2022-11-24T09:50:41","date_gmt":"2022-11-24T08:50:41","guid":{"rendered":"https:\/\/www.exenia.eu\/prodotto\/museo-revo-small-2\/"},"modified":"2023-07-14T13:44:57","modified_gmt":"2023-07-14T11:44:57","slug":"museo-revo-small","status":"publish","type":"product","link":"https:\/\/restyling.exenia.eu\/fr\/produit\/museo-revo-small\/","title":{"rendered":"Museo Revo Small"},"content":{"rendered":"<p>caract\u00e9ris\u00e9 par une double articulation et six degr\u00e9s de libert\u00e9, ils permettent un positionnement pr\u00e9cis et ponctuel dans toutes les directions.<br \/>\nLes dimensions r\u00e9duites au minimum, les finitions d\u00e9di\u00e9es au camouflage maximum dans le contexte, sont combin\u00e9s avec la nouvelle performance Revo param\u00e8tres, atteignant un rapport taille-performance comparable.<\/p>\n<p>La version <strong> petite <\/strong> propose des faisceaux de 6 \u00b0 \u00e0 50 \u00b0, deux poutres elliptiques \u00e0 large et larges elliptiques, et une fixation de shaper plus de nombreux accessoires de recueil. Le rendu haute couleur, le coefficient UGR &lt; 10 et la conformit\u00e9 aux param\u00e8tres d&rsquo;\u00e9clairage sombre sont compl\u00e9t\u00e9s par la qualit\u00e9 du 2 SDCM de la source lumineuse et par la propret\u00e9 particuli\u00e8re de la projection du faisceau.<br \/>\nCompatibilit\u00e9 compl\u00e8te avec le contr\u00f4le le plus courant Les syst\u00e8mes font de Museo Revo Small l&rsquo;outil parfait dans les contextes o\u00f9 la valeur de la source est d\u00e9termin\u00e9e par une qualit\u00e9 de performance tr\u00e8s \u00e9lev\u00e9e et une intrusivit\u00e9 physique et visuelle minimale.<\/p>\n","protected":false},"excerpt":{"rendered":"<p>caract\u00e9ris\u00e9 par une double articulation et six degr\u00e9s de libert\u00e9,&#8230;<\/p>\n","protected":false},"featured_media":23512,"template":"","meta":{"_acf_changed":false},"product_brand":[],"product_cat":[2701],"product_tag":[7498,7507],"categoria-admin-prodotto":[],"class_list":{"0":"post-27296","1":"product","2":"type-product","3":"status-publish","4":"has-post-thumbnail","6":"product_cat-museo-revo-projecteurs-de-base","7":"product_tag-38540-fr","8":"product_tag-38541-fr-2","9":"pa_cct-2700k-fr","10":"pa_cct-3000k-fr","11":"pa_cct-3500k-fr","12":"pa_cct-4000k-fr","13":"pa_certificazione-conformita-ce-fr","14":"pa_classe-f-oui","15":"pa_cri-92-fr","16":"pa_cri-98-fr","17":"pa_grado-ip-ip20-fr","18":"pa_temperatura-di-esercizio-10-35-fr","20":"first","21":"instock","22":"purchasable","23":"product-type-composite"},"composite_virtual":false,"composite_layout":"single","composite_add_to_cart_form_location":"default","composite_editable_in_cart":false,"composite_sold_individually_context":"product","composite_shop_price_calc":"defaults","composite_components":[{"id":"1674663088","title":"Corp de l&#039;appareil","description":"","query_type":"product_ids","query_ids":[18570],"default_option_id":18570,"thumbnail_id":"","thumbnail_src":"","quantity_min":1,"quantity_max":1,"priced_individually":false,"shipped_individually":false,"optional":false,"discount":"","options_style":"radios","pagination_style":"classic","display_prices":"absolute","show_sorting_options":false,"show_filtering_options":false,"attribute_filter_ids":[],"product_title_visible":false,"product_descr_visible":false,"product_price_visible":false,"product_thumb_visible":false,"subtotal_visible_product":false,"subtotal_visible_cart":false,"subtotal_visible_orders":false},{"id":"1674663089","title":"Version","description":"","query_type":"product_ids","query_ids":[19040,19049],"default_option_id":"","thumbnail_id":"","thumbnail_src":"","quantity_min":1,"quantity_max":1,"priced_individually":false,"shipped_individually":false,"optional":true,"discount":"","options_style":"radios","pagination_style":"classic","display_prices":"absolute","show_sorting_options":false,"show_filtering_options":false,"attribute_filter_ids":[],"product_title_visible":false,"product_descr_visible":false,"product_price_visible":false,"product_thumb_visible":false,"subtotal_visible_product":false,"subtotal_visible_cart":false,"subtotal_visible_orders":false},{"id":"1674663090","title":"Controle","description":"","query_type":"product_ids","query_ids":[18444,18445,18473,18471,18489],"default_option_id":"","thumbnail_id":"","thumbnail_src":"","quantity_min":1,"quantity_max":1,"priced_individually":false,"shipped_individually":false,"optional":true,"discount":"","options_style":"radios","pagination_style":"classic","display_prices":"absolute","show_sorting_options":false,"show_filtering_options":false,"attribute_filter_ids":[],"product_title_visible":false,"product_descr_visible":false,"product_price_visible":false,"product_thumb_visible":false,"subtotal_visible_product":false,"subtotal_visible_cart":false,"subtotal_visible_orders":false},{"id":"1674663091","title":"Finition","description":"","query_type":"product_ids","query_ids":[18774,18749,18707,18767,18765,18762,18753],"default_option_id":"","thumbnail_id":"","thumbnail_src":"","quantity_min":1,"quantity_max":1,"priced_individually":false,"shipped_individually":false,"optional":true,"discount":"","options_style":"radios","pagination_style":"classic","display_prices":"absolute","show_sorting_options":false,"show_filtering_options":false,"attribute_filter_ids":[],"product_title_visible":false,"product_descr_visible":false,"product_price_visible":false,"product_thumb_visible":false,"subtotal_visible_product":false,"subtotal_visible_cart":false,"subtotal_visible_orders":false},{"id":"1674663092","title":"CRI-CCT","description":"","query_type":"product_ids","query_ids":[18627,18628,18630,18629,18637,18639,18638,18640],"default_option_id":"","thumbnail_id":"","thumbnail_src":"","quantity_min":1,"quantity_max":1,"priced_individually":false,"shipped_individually":false,"optional":true,"discount":"","options_style":"radios","pagination_style":"classic","display_prices":"absolute","show_sorting_options":false,"show_filtering_options":false,"attribute_filter_ids":[],"product_title_visible":false,"product_descr_visible":false,"product_price_visible":false,"product_thumb_visible":false,"subtotal_visible_product":false,"subtotal_visible_cart":false,"subtotal_visible_orders":false},{"id":"1674663093","title":"Optique","description":"","query_type":"product_ids","query_ids":[18924,18898,18794,18914,18892,18862,18931,18801],"default_option_id":"","thumbnail_id":"","thumbnail_src":"","quantity_min":1,"quantity_max":1,"priced_individually":false,"shipped_individually":false,"optional":true,"discount":"","options_style":"radios","pagination_style":"classic","display_prices":"absolute","show_sorting_options":false,"show_filtering_options":false,"attribute_filter_ids":[],"product_title_visible":false,"product_descr_visible":false,"product_price_visible":false,"product_thumb_visible":false,"subtotal_visible_product":false,"subtotal_visible_cart":false,"subtotal_visible_orders":false},{"id":"1674663094","title":"Accessoires","description":"","query_type":"product_ids","query_ids":[18413,18387,18417,18419,18383],"default_option_id":"","thumbnail_id":"","thumbnail_src":"","quantity_min":1,"quantity_max":1,"priced_individually":false,"shipped_individually":false,"optional":true,"discount":"","options_style":"radios","pagination_style":"classic","display_prices":"absolute","show_sorting_options":false,"show_filtering_options":false,"attribute_filter_ids":[],"product_title_visible":false,"product_descr_visible":false,"product_price_visible":false,"product_thumb_visible":false,"subtotal_visible_product":false,"subtotal_visible_cart":false,"subtotal_visible_orders":false},{"id":"1676887044","title":"Accessoires ind\u00e9pendants","description":"","query_type":"product_ids","query_ids":[40640],"default_option_id":40640,"thumbnail_id":"","thumbnail_src":"","quantity_min":1,"quantity_max":1,"priced_individually":false,"shipped_individually":false,"optional":false,"discount":"","options_style":"radios","pagination_style":"classic","display_prices":"absolute","show_sorting_options":false,"show_filtering_options":false,"attribute_filter_ids":[],"product_title_visible":false,"product_descr_visible":true,"product_price_visible":false,"product_thumb_visible":false,"subtotal_visible_product":false,"subtotal_visible_cart":false,"subtotal_visible_orders":false},{"id":"1689331882","title":"Dur&eacute;e de vie","description":"","query_type":"product_ids","query_ids":[50124,50128],"default_option_id":"","thumbnail_id":"","thumbnail_src":"","quantity_min":1,"quantity_max":1,"priced_individually":false,"shipped_individually":false,"optional":true,"discount":"","options_style":"radios","pagination_style":"classic","display_prices":"absolute","show_sorting_options":false,"show_filtering_options":false,"attribute_filter_ids":[],"product_title_visible":false,"product_descr_visible":false,"product_price_visible":false,"product_thumb_visible":false,"subtotal_visible_product":false,"subtotal_visible_cart":false,"subtotal_visible_orders":false}],"composite_scenarios":[{"id":"1674663661","name":"1x + LT","description":"","configuration":[{"component_id":"1674663089","options_modifier":"in","component_options":[19040]},{"component_id":"1674663090","options_modifier":"in","component_options":[18489]}],"actions":[{"action_id":"compat_group","is_active":false},{"action_id":"conditional_components","is_active":false,"hidden_components":[]},{"action_id":"conditional_options","is_active":true,"hidden_options":[{"component_id":"1674663093","component_options":[18924,18898,18794],"options_modifier":"in"}]}],"enabled":true},{"id":"1674663662","name":"2x + LT","description":"","configuration":[{"component_id":"1674663089","options_modifier":"in","component_options":[19049]},{"component_id":"1674663090","options_modifier":"in","component_options":[18489]}],"actions":[{"action_id":"compat_group","is_active":false},{"action_id":"conditional_components","is_active":false,"hidden_components":[]},{"action_id":"conditional_options","is_active":true,"hidden_options":[{"component_id":"1674663093","component_options":[18924],"options_modifier":"in"}]}],"enabled":true},{"id":"1674663663","name":"cri98","description":"","configuration":[{"component_id":"1674663092","options_modifier":"in","component_options":[18637,18639,18638,18640]}],"actions":[{"action_id":"compat_group","is_active":false},{"action_id":"conditional_components","is_active":false,"hidden_components":[]},{"action_id":"conditional_options","is_active":true,"hidden_options":[{"component_id":"1674663093","component_options":[18924,18898,18794],"options_modifier":"in"}]}],"enabled":true},{"id":"1674663664","name":"very narrow spot","description":"","configuration":[{"component_id":"1674663093","options_modifier":"in","component_options":[18924]}],"actions":[{"action_id":"compat_group","is_active":false},{"action_id":"conditional_components","is_active":false,"hidden_components":[]},{"action_id":"conditional_options","is_active":true,"hidden_options":[{"component_id":"1674663090","component_options":[18489],"options_modifier":"in"},{"component_id":"1674663092","component_options":[18637,18639,18638,18640],"options_modifier":"in"}]}],"enabled":true},{"id":"1674663665","name":"narrow spot","description":"","configuration":[{"component_id":"1674663093","options_modifier":"in","component_options":[18898]}],"actions":[{"action_id":"compat_group","is_active":false},{"action_id":"conditional_components","is_active":false,"hidden_components":[]},{"action_id":"conditional_options","is_active":true,"hidden_options":[{"component_id":"1674663092","component_options":[18637,18639,18638,18640],"options_modifier":"in"},{"component_id":"1674663094","component_options":[18383],"options_modifier":"in"}]}],"enabled":true},{"id":"1674663666","name":"narrow spot \/ ell.narrow spot + 1x","description":"","configuration":[{"component_id":"1674663089","options_modifier":"in","component_options":[19040]},{"component_id":"1674663093","options_modifier":"in","component_options":[18898,18794]}],"actions":[{"action_id":"compat_group","is_active":false},{"action_id":"conditional_components","is_active":false,"hidden_components":[]},{"action_id":"conditional_options","is_active":true,"hidden_options":[{"component_id":"1674663090","component_options":[18489],"options_modifier":"in"}]}],"enabled":true},{"id":"1674663667","name":"ell. narrow spot","description":"","configuration":[{"component_id":"1674663093","options_modifier":"in","component_options":[18794]}],"actions":[{"action_id":"compat_group","is_active":false},{"action_id":"conditional_components","is_active":false,"hidden_components":[]},{"action_id":"conditional_options","is_active":true,"hidden_options":[{"component_id":"1674663092","component_options":[18637,18639,18638,18640],"options_modifier":"in"},{"component_id":"1674663094","component_options":[-1,18413],"options_modifier":"not-in"}]}],"enabled":true},{"id":"1674663668","name":"wide flood","description":"","configuration":[{"component_id":"1674663093","options_modifier":"in","component_options":[18931]}],"actions":[{"action_id":"compat_group","is_active":false},{"action_id":"conditional_components","is_active":false,"hidden_components":[]},{"action_id":"conditional_options","is_active":true,"hidden_options":[{"component_id":"1674663094","component_options":[18383],"options_modifier":"in"}]}],"enabled":true},{"id":"1674663669","name":"ell. wide flood","description":"","configuration":[{"component_id":"1674663093","options_modifier":"in","component_options":[18801]}],"actions":[{"action_id":"compat_group","is_active":false},{"action_id":"conditional_components","is_active":false,"hidden_components":[]},{"action_id":"conditional_options","is_active":true,"hidden_options":[{"component_id":"1674663094","component_options":[-1,18413],"options_modifier":"not-in"}]}],"enabled":true},{"id":"1674663853","name":"acc. honeycomb \/ snoot \/ visor","description":"","configuration":[{"component_id":"1674663094","options_modifier":"in","component_options":[18387,18417,18419]}],"actions":[{"action_id":"compat_group","is_active":false},{"action_id":"conditional_components","is_active":false,"hidden_components":[]},{"action_id":"conditional_options","is_active":true,"hidden_options":[{"component_id":"1674663093","component_options":[18794,18801],"options_modifier":"in"}]}],"enabled":true},{"id":"1674663854","name":"acc. lente ell.","description":"","configuration":[{"component_id":"1674663094","options_modifier":"in","component_options":[18383]}],"actions":[{"action_id":"compat_group","is_active":false},{"action_id":"conditional_components","is_active":false,"hidden_components":[]},{"action_id":"conditional_options","is_active":true,"hidden_options":[{"component_id":"1674663093","component_options":[18898,18794,18931,18801],"options_modifier":"in"}]}],"enabled":true},{"id":"1689331958","name":"LT 80","description":"","configuration":[{"component_id":"1674663093","options_modifier":"in","component_options":[18914,18892,18862,18931,18801]}],"actions":[{"action_id":"compat_group","is_active":false},{"action_id":"conditional_components","is_active":false,"hidden_components":[]},{"action_id":"conditional_options","is_active":true,"hidden_options":[{"component_id":"1689331882","component_options":[-1,50124],"options_modifier":"not-in"}]}],"enabled":true},{"id":"1689331959","name":"LT 100","description":"","configuration":[{"component_id":"1674663093","options_modifier":"in","component_options":[18924,18898,18794]}],"actions":[{"action_id":"compat_group","is_active":false},{"action_id":"conditional_components","is_active":false,"hidden_components":[]},{"action_id":"conditional_options","is_active":true,"hidden_options":[{"component_id":"1689331882","component_options":[-1,50128],"options_modifier":"not-in"}]}],"enabled":true}],"bundled_by":[],"bundle_stock_status":"instock","bundle_stock_quantity":null,"bundle_virtual":false,"bundle_layout":"","bundle_add_to_cart_form_location":"","bundle_editable_in_cart":false,"bundle_sold_individually_context":"","bundle_item_grouping":"","bundle_min_size":"","bundle_max_size":"","bundled_items":[],"bundle_sell_ids":[],"acf":[],"yoast_head":"<!-- This site is optimized with the Yoast SEO plugin v27.5 - https:\/\/yoast.com\/product\/yoast-seo-wordpress\/ -->\n<title>Museo Revo Small | Exenia<\/title>\n<meta name=\"robots\" content=\"noindex, follow, max-snippet:-1, max-image-preview:large, max-video-preview:-1\" \/>\n<meta property=\"og:locale\" content=\"fr_FR\" \/>\n<meta property=\"og:type\" content=\"article\" \/>\n<meta property=\"og:title\" content=\"Museo Revo Small | Exenia\" \/>\n<meta property=\"og:description\" content=\"caract\u00e9ris\u00e9 par une double articulation et six degr\u00e9s de libert\u00e9,...\" \/>\n<meta property=\"og:url\" content=\"https:\/\/restyling.exenia.eu\/prodotto\/museo-revo-small\/\" \/>\n<meta property=\"og:site_name\" content=\"Exenia\" \/>\n<meta property=\"article:publisher\" content=\"https:\/\/www.facebook.com\/exenialighting\" \/>\n<meta property=\"article:modified_time\" content=\"2023-07-14T11:44:57+00:00\" \/>\n<meta property=\"og:image\" content=\"https:\/\/restyling.exenia.eu\/wp-content\/uploads\/2023\/01\/Museo-revo-small-prodotto.jpg\" \/>\n\t<meta property=\"og:image:width\" content=\"2000\" \/>\n\t<meta property=\"og:image:height\" content=\"1919\" \/>\n\t<meta property=\"og:image:type\" content=\"image\/jpeg\" \/>\n<!-- \/ Yoast SEO plugin. -->","yoast_head_json":{"title":"Museo Revo Small | Exenia","robots":{"index":"noindex","follow":"follow","max-snippet":"max-snippet:-1","max-image-preview":"max-image-preview:large","max-video-preview":"max-video-preview:-1"},"og_locale":"fr_FR","og_type":"article","og_title":"Museo Revo Small | Exenia","og_description":"caract\u00e9ris\u00e9 par une double articulation et six degr\u00e9s de libert\u00e9,...","og_url":"https:\/\/restyling.exenia.eu\/prodotto\/museo-revo-small\/","og_site_name":"Exenia","article_publisher":"https:\/\/www.facebook.com\/exenialighting","article_modified_time":"2023-07-14T11:44:57+00:00","og_image":[{"width":2000,"height":1919,"url":"https:\/\/restyling.exenia.eu\/wp-content\/uploads\/2023\/01\/Museo-revo-small-prodotto.jpg","type":"image\/jpeg"}],"schema":{"@context":"https:\/\/schema.org","@graph":[{"@type":"WebPage","@id":"https:\/\/restyling.exenia.eu\/prodotto\/museo-revo-small\/","url":"https:\/\/restyling.exenia.eu\/prodotto\/museo-revo-small\/","name":"Museo Revo Small | Exenia","isPartOf":{"@id":"https:\/\/restyling.exenia.eu\/#website"},"primaryImageOfPage":{"@id":"https:\/\/restyling.exenia.eu\/prodotto\/museo-revo-small\/#primaryimage"},"image":{"@id":"https:\/\/restyling.exenia.eu\/prodotto\/museo-revo-small\/#primaryimage"},"thumbnailUrl":"https:\/\/restyling.exenia.eu\/wp-content\/uploads\/2023\/01\/Museo-revo-small-prodotto.jpg","datePublished":"2022-11-24T08:50:41+00:00","dateModified":"2023-07-14T11:44:57+00:00","breadcrumb":{"@id":"https:\/\/restyling.exenia.eu\/prodotto\/museo-revo-small\/#breadcrumb"},"inLanguage":"fr-FR","potentialAction":[{"@type":"ReadAction","target":["https:\/\/restyling.exenia.eu\/prodotto\/museo-revo-small\/"]}]},{"@type":"ImageObject","inLanguage":"fr-FR","@id":"https:\/\/restyling.exenia.eu\/prodotto\/museo-revo-small\/#primaryimage","url":"https:\/\/restyling.exenia.eu\/wp-content\/uploads\/2023\/01\/Museo-revo-small-prodotto.jpg","contentUrl":"https:\/\/restyling.exenia.eu\/wp-content\/uploads\/2023\/01\/Museo-revo-small-prodotto.jpg","width":2000,"height":1919},{"@type":"BreadcrumbList","@id":"https:\/\/restyling.exenia.eu\/prodotto\/museo-revo-small\/#breadcrumb","itemListElement":[{"@type":"ListItem","position":1,"name":"Home","item":"https:\/\/restyling.exenia.eu\/"},{"@type":"ListItem","position":2,"name":"Produits","item":"https:\/\/restyling.exenia.eu\/prodotti\/"},{"@type":"ListItem","position":3,"name":"Indoor","item":"https:\/\/restyling.exenia.eu\/c\/indoor\/"},{"@type":"ListItem","position":4,"name":"Proiettori a base","item":"https:\/\/restyling.exenia.eu\/c\/indoor\/proiettori-a-base\/"},{"@type":"ListItem","position":5,"name":"Museo Revo","item":"https:\/\/restyling.exenia.eu\/c\/indoor\/proiettori-a-base\/museo-revo\/"},{"@type":"ListItem","position":6,"name":"Museo Revo Small"}]},{"@type":"WebSite","@id":"https:\/\/restyling.exenia.eu\/#website","url":"https:\/\/restyling.exenia.eu\/","name":"Exenia","description":"","publisher":{"@id":"https:\/\/restyling.exenia.eu\/#organization"},"potentialAction":[{"@type":"SearchAction","target":{"@type":"EntryPoint","urlTemplate":"https:\/\/restyling.exenia.eu\/?s={search_term_string}"},"query-input":{"@type":"PropertyValueSpecification","valueRequired":true,"valueName":"search_term_string"}}],"inLanguage":"fr-FR"},{"@type":"Organization","@id":"https:\/\/restyling.exenia.eu\/#organization","name":"Exenia","url":"https:\/\/restyling.exenia.eu\/","logo":{"@type":"ImageObject","inLanguage":"fr-FR","@id":"https:\/\/restyling.exenia.eu\/#\/schema\/logo\/image\/","url":"https:\/\/restyling.exenia.eu\/wp-content\/uploads\/2022\/09\/logo_exenia-e1678467519405.png","contentUrl":"https:\/\/restyling.exenia.eu\/wp-content\/uploads\/2022\/09\/logo_exenia-e1678467519405.png","width":600,"height":194,"caption":"Exenia"},"image":{"@id":"https:\/\/restyling.exenia.eu\/#\/schema\/logo\/image\/"},"sameAs":["https:\/\/www.facebook.com\/exenialighting","https:\/\/x.com\/ExeniaLighting"]}]}},"_links":{"self":[{"href":"https:\/\/restyling.exenia.eu\/fr\/wp-json\/wp\/v2\/product\/27296","targetHints":{"allow":["GET"]}}],"collection":[{"href":"https:\/\/restyling.exenia.eu\/fr\/wp-json\/wp\/v2\/product"}],"about":[{"href":"https:\/\/restyling.exenia.eu\/fr\/wp-json\/wp\/v2\/types\/product"}],"wp:featuredmedia":[{"embeddable":true,"href":"https:\/\/restyling.exenia.eu\/fr\/wp-json\/wp\/v2\/media\/23512"}],"wp:attachment":[{"href":"https:\/\/restyling.exenia.eu\/fr\/wp-json\/wp\/v2\/media?parent=27296"}],"wp:term":[{"taxonomy":"product_brand","embeddable":true,"href":"https:\/\/restyling.exenia.eu\/fr\/wp-json\/wp\/v2\/product_brand?post=27296"},{"taxonomy":"product_cat","embeddable":true,"href":"https:\/\/restyling.exenia.eu\/fr\/wp-json\/wp\/v2\/product_cat?post=27296"},{"taxonomy":"product_tag","embeddable":true,"href":"https:\/\/restyling.exenia.eu\/fr\/wp-json\/wp\/v2\/product_tag?post=27296"},{"taxonomy":"categoria-admin-prodotto","embeddable":true,"href":"https:\/\/restyling.exenia.eu\/fr\/wp-json\/wp\/v2\/categoria-admin-prodotto?post=27296"}],"curies":[{"name":"wp","href":"https:\/\/api.w.org\/{rel}","templated":true}]}}