{"id":27320,"date":"2022-11-24T09:50:41","date_gmt":"2022-11-24T08:50:41","guid":{"rendered":"https:\/\/www.exenia.eu\/prodotto\/naboo-vertical-2\/"},"modified":"2023-06-13T14:39:18","modified_gmt":"2023-06-13T12:39:18","slug":"naboo-vertical","status":"publish","type":"product","link":"https:\/\/restyling.exenia.eu\/fr\/produit\/naboo-vertical\/","title":{"rendered":"Naboo Vertical"},"content":{"rendered":"<p>Le Naboo est un appareil suspendu \u00e0 lumi\u00e8re diffus\u00e9 e avec source SMD lin\u00e9aire aliment\u00e9e en courant continu \u00e0 courant constant par un transformateur \u00e0 l&rsquo;int\u00e9rieur de la rosace (\u00e0 commander s\u00e9par\u00e9ment). Il est possible d&rsquo;installer \u00e0 distance le transformateur d&rsquo;alimentation sans n\u00e9cessairement acheter l&rsquo;accessoire rosace. Il est \u00e9quip\u00e9 d&rsquo;une source de lumi\u00e8re lin\u00e9aire SMD et d&rsquo;un di useur en polycarbonate opale pour une r\u00e9partition lumineuse omnidirectionnelle. Le Naboo est disponible en 2700K, et 3000K haute 4000K version CRI95 et 3000K version CRI85. Il va maintenir un flux lumineux de 50 000 heures conform\u00e9ment \u00e0 la norme L80 B10. Le luminaire est fabriqu\u00e9 en profil\u00e9 d&rsquo;alliage d&rsquo;aluminium extrud\u00e9 6060 et est compos\u00e9 de quatre sections pouvant \u00eatre assembl\u00e9es avec des pi\u00e8ces de jonction en aluminium inject\u00e9. La suspension est fournie avec des c\u00e2bles de suspension en acier pour le r\u00e9glage en ur du luminaire. Cet appareil en est un de classe III avec une source d&rsquo;alimentation incluse dans la base, disponible avec gradateur ON\/OFF, 1-10V, DALI et PUSH. Une option d&rsquo;alimentation \u00e0 distance est disponible pour les installa-tions sans base. Classe indice de protection IP40. Les finitions du corps comprennent le rouge brique, le textur\u00e9 blanc mat, le textur\u00e9 noir mat, l&rsquo;effet de rouille et le gris b\u00e9ton.<\/p>\n","protected":false},"excerpt":{"rendered":"<p>Le Naboo est un appareil suspendu \u00e0 lumi\u00e8re diffus\u00e9 e&#8230;<\/p>\n","protected":false},"featured_media":11741,"template":"","meta":{"_acf_changed":false},"product_brand":[],"product_cat":[2650],"product_tag":[8432,8437,8439],"categoria-admin-prodotto":[],"class_list":{"0":"post-27320","1":"product","2":"type-product","3":"status-publish","4":"has-post-thumbnail","6":"product_cat-naboo-suspensions-et-plafonniers","7":"product_tag-37750-fr","8":"product_tag-37751-fr","9":"product_tag-37752-fr","10":"pa_cct-2700k-fr","11":"pa_cct-3000k-fr","12":"pa_cct-4000k-fr","13":"pa_certificazione-conformita-ce-fr","14":"pa_classe-f-oui","15":"pa_cri-85-fr","16":"pa_cri-95-fr","17":"pa_grado-ip-ip40-fr","18":"pa_lifetime-l80b10-50-000-h-fr","19":"pa_temperatura-di-esercizio-10-30-fr","21":"first","22":"instock","23":"purchasable","24":"product-type-composite"},"composite_virtual":false,"composite_layout":"single","composite_add_to_cart_form_location":"default","composite_editable_in_cart":false,"composite_sold_individually_context":"product","composite_shop_price_calc":"defaults","composite_components":[{"id":"1669644398","title":"Corp de l&#039;appareil","description":"","query_type":"product_ids","query_ids":[18563],"default_option_id":18563,"thumbnail_id":"","thumbnail_src":"","quantity_min":1,"quantity_max":1,"priced_individually":false,"shipped_individually":false,"optional":false,"discount":"","options_style":"radios","pagination_style":"classic","display_prices":"absolute","show_sorting_options":false,"show_filtering_options":false,"attribute_filter_ids":[],"product_title_visible":false,"product_descr_visible":false,"product_price_visible":false,"product_thumb_visible":false,"subtotal_visible_product":false,"subtotal_visible_cart":false,"subtotal_visible_orders":false},{"id":"1669644399","title":"Version","description":"","query_type":"product_ids","query_ids":[18972,18982,18989],"default_option_id":"","thumbnail_id":"","thumbnail_src":"","quantity_min":1,"quantity_max":1,"priced_individually":false,"shipped_individually":false,"optional":true,"discount":"","options_style":"radios","pagination_style":"classic","display_prices":"absolute","show_sorting_options":false,"show_filtering_options":false,"attribute_filter_ids":[],"product_title_visible":false,"product_descr_visible":false,"product_price_visible":false,"product_thumb_visible":false,"subtotal_visible_product":false,"subtotal_visible_cart":false,"subtotal_visible_orders":false},{"id":"1669644400","title":"Source","description":"","query_type":"product_ids","query_ids":[19032],"default_option_id":19032,"thumbnail_id":"","thumbnail_src":"","quantity_min":1,"quantity_max":1,"priced_individually":false,"shipped_individually":false,"optional":false,"discount":"","options_style":"radios","pagination_style":"classic","display_prices":"absolute","show_sorting_options":false,"show_filtering_options":false,"attribute_filter_ids":[],"product_title_visible":false,"product_descr_visible":false,"product_price_visible":false,"product_thumb_visible":false,"subtotal_visible_product":false,"subtotal_visible_cart":false,"subtotal_visible_orders":false},{"id":"1669644401","title":"Finition","description":"","query_type":"product_ids","query_ids":[18742,18746,18747,18724,18727],"default_option_id":"","thumbnail_id":"","thumbnail_src":"","quantity_min":1,"quantity_max":1,"priced_individually":false,"shipped_individually":false,"optional":true,"discount":"","options_style":"radios","pagination_style":"classic","display_prices":"absolute","show_sorting_options":false,"show_filtering_options":false,"attribute_filter_ids":[],"product_title_visible":false,"product_descr_visible":false,"product_price_visible":false,"product_thumb_visible":false,"subtotal_visible_product":false,"subtotal_visible_cart":false,"subtotal_visible_orders":false},{"id":"1669644402","title":"CRI-CCT","description":"","query_type":"product_ids","query_ids":[18655,18649,18650,18651],"default_option_id":"","thumbnail_id":"","thumbnail_src":"","quantity_min":1,"quantity_max":1,"priced_individually":false,"shipped_individually":false,"optional":true,"discount":"","options_style":"radios","pagination_style":"classic","display_prices":"absolute","show_sorting_options":false,"show_filtering_options":false,"attribute_filter_ids":[],"product_title_visible":false,"product_descr_visible":false,"product_price_visible":false,"product_thumb_visible":false,"subtotal_visible_product":false,"subtotal_visible_cart":false,"subtotal_visible_orders":false},{"id":"1675417144","title":"Commandez s\u00e9par\u00e9ment","description":"","query_type":"product_ids","query_ids":[7634],"default_option_id":7634,"thumbnail_id":"","thumbnail_src":"","quantity_min":1,"quantity_max":1,"priced_individually":false,"shipped_individually":false,"optional":false,"discount":"","options_style":"radios","pagination_style":"classic","display_prices":"absolute","show_sorting_options":false,"show_filtering_options":false,"attribute_filter_ids":[],"product_title_visible":false,"product_descr_visible":false,"product_price_visible":false,"product_thumb_visible":false,"subtotal_visible_product":false,"subtotal_visible_cart":false,"subtotal_visible_orders":false},{"id":"1675417145","title":"Alimentation \u00e9lectrique","description":"","query_type":"product_ids","query_ids":[41949,40225],"default_option_id":"","thumbnail_id":"","thumbnail_src":"","quantity_min":1,"quantity_max":1,"priced_individually":false,"shipped_individually":false,"optional":true,"discount":"","options_style":"radios","pagination_style":"classic","display_prices":"absolute","show_sorting_options":false,"show_filtering_options":false,"attribute_filter_ids":[],"product_title_visible":false,"product_descr_visible":false,"product_price_visible":false,"product_thumb_visible":true,"subtotal_visible_product":false,"subtotal_visible_cart":false,"subtotal_visible_orders":false}],"composite_scenarios":[],"bundled_by":[],"bundle_stock_status":"instock","bundle_stock_quantity":null,"bundle_virtual":false,"bundle_layout":"","bundle_add_to_cart_form_location":"","bundle_editable_in_cart":false,"bundle_sold_individually_context":"","bundle_item_grouping":"","bundle_min_size":"","bundle_max_size":"","bundled_items":[],"bundle_sell_ids":[],"acf":[],"yoast_head":"<!-- This site is optimized with the Yoast SEO plugin v27.4 - https:\/\/yoast.com\/product\/yoast-seo-wordpress\/ -->\n<title>Naboo Vertical | Exenia<\/title>\n<meta name=\"robots\" content=\"noindex, follow, max-snippet:-1, max-image-preview:large, max-video-preview:-1\" \/>\n<meta property=\"og:locale\" content=\"fr_FR\" \/>\n<meta property=\"og:type\" content=\"article\" \/>\n<meta property=\"og:title\" content=\"Naboo Vertical | Exenia\" \/>\n<meta property=\"og:description\" content=\"Le Naboo est un appareil suspendu \u00e0 lumi\u00e8re diffus\u00e9 e...\" \/>\n<meta property=\"og:url\" content=\"https:\/\/restyling.exenia.eu\/fr\/produit\/naboo-vertical\/\" \/>\n<meta property=\"og:site_name\" content=\"Exenia\" \/>\n<meta property=\"article:publisher\" content=\"https:\/\/www.facebook.com\/exenialighting\" \/>\n<meta property=\"article:modified_time\" content=\"2023-06-13T12:39:18+00:00\" \/>\n<meta property=\"og:image\" content=\"https:\/\/restyling.exenia.eu\/wp-content\/uploads\/2023\/01\/Naboo-vertical.jpg\" \/>\n\t<meta property=\"og:image:width\" content=\"2000\" \/>\n\t<meta property=\"og:image:height\" content=\"1919\" \/>\n\t<meta property=\"og:image:type\" content=\"image\/jpeg\" \/>\n<!-- \/ Yoast SEO plugin. -->","yoast_head_json":{"title":"Naboo Vertical | Exenia","robots":{"index":"noindex","follow":"follow","max-snippet":"max-snippet:-1","max-image-preview":"max-image-preview:large","max-video-preview":"max-video-preview:-1"},"og_locale":"fr_FR","og_type":"article","og_title":"Naboo Vertical | Exenia","og_description":"Le Naboo est un appareil suspendu \u00e0 lumi\u00e8re diffus\u00e9 e...","og_url":"https:\/\/restyling.exenia.eu\/fr\/produit\/naboo-vertical\/","og_site_name":"Exenia","article_publisher":"https:\/\/www.facebook.com\/exenialighting","article_modified_time":"2023-06-13T12:39:18+00:00","og_image":[{"width":2000,"height":1919,"url":"https:\/\/restyling.exenia.eu\/wp-content\/uploads\/2023\/01\/Naboo-vertical.jpg","type":"image\/jpeg"}],"schema":{"@context":"https:\/\/schema.org","@graph":[{"@type":"WebPage","@id":"https:\/\/restyling.exenia.eu\/fr\/produit\/naboo-vertical\/","url":"https:\/\/restyling.exenia.eu\/fr\/produit\/naboo-vertical\/","name":"Naboo Vertical | Exenia","isPartOf":{"@id":"https:\/\/restyling.exenia.eu\/#website"},"primaryImageOfPage":{"@id":"https:\/\/restyling.exenia.eu\/fr\/produit\/naboo-vertical\/#primaryimage"},"image":{"@id":"https:\/\/restyling.exenia.eu\/fr\/produit\/naboo-vertical\/#primaryimage"},"thumbnailUrl":"https:\/\/restyling.exenia.eu\/wp-content\/uploads\/2023\/01\/Naboo-vertical.jpg","datePublished":"2022-11-24T08:50:41+00:00","dateModified":"2023-06-13T12:39:18+00:00","breadcrumb":{"@id":"https:\/\/restyling.exenia.eu\/fr\/produit\/naboo-vertical\/#breadcrumb"},"inLanguage":"fr-FR","potentialAction":[{"@type":"ReadAction","target":["https:\/\/restyling.exenia.eu\/fr\/produit\/naboo-vertical\/"]}]},{"@type":"ImageObject","inLanguage":"fr-FR","@id":"https:\/\/restyling.exenia.eu\/fr\/produit\/naboo-vertical\/#primaryimage","url":"https:\/\/restyling.exenia.eu\/wp-content\/uploads\/2023\/01\/Naboo-vertical.jpg","contentUrl":"https:\/\/restyling.exenia.eu\/wp-content\/uploads\/2023\/01\/Naboo-vertical.jpg","width":2000,"height":1919},{"@type":"BreadcrumbList","@id":"https:\/\/restyling.exenia.eu\/fr\/produit\/naboo-vertical\/#breadcrumb","itemListElement":[{"@type":"ListItem","position":1,"name":"Home","item":"https:\/\/restyling.exenia.eu\/"},{"@type":"ListItem","position":2,"name":"Produits","item":"https:\/\/restyling.exenia.eu\/prodotti\/"},{"@type":"ListItem","position":3,"name":"Indoor","item":"https:\/\/restyling.exenia.eu\/fr\/c\/indoor\/"},{"@type":"ListItem","position":4,"name":"Suspensions et plafonniers","item":"https:\/\/restyling.exenia.eu\/fr\/c\/indoor\/suspensions-et-plafonniers\/"},{"@type":"ListItem","position":5,"name":"Naboo","item":"https:\/\/restyling.exenia.eu\/fr\/c\/indoor\/suspensions-et-plafonniers\/naboo-suspensions-et-plafonniers\/"},{"@type":"ListItem","position":6,"name":"Naboo Vertical"}]},{"@type":"WebSite","@id":"https:\/\/restyling.exenia.eu\/#website","url":"https:\/\/restyling.exenia.eu\/","name":"Exenia","description":"","publisher":{"@id":"https:\/\/restyling.exenia.eu\/#organization"},"potentialAction":[{"@type":"SearchAction","target":{"@type":"EntryPoint","urlTemplate":"https:\/\/restyling.exenia.eu\/?s={search_term_string}"},"query-input":{"@type":"PropertyValueSpecification","valueRequired":true,"valueName":"search_term_string"}}],"inLanguage":"fr-FR"},{"@type":"Organization","@id":"https:\/\/restyling.exenia.eu\/#organization","name":"Exenia","url":"https:\/\/restyling.exenia.eu\/","logo":{"@type":"ImageObject","inLanguage":"fr-FR","@id":"https:\/\/restyling.exenia.eu\/#\/schema\/logo\/image\/","url":"https:\/\/restyling.exenia.eu\/wp-content\/uploads\/2022\/09\/logo_exenia-e1678467519405.png","contentUrl":"https:\/\/restyling.exenia.eu\/wp-content\/uploads\/2022\/09\/logo_exenia-e1678467519405.png","width":600,"height":194,"caption":"Exenia"},"image":{"@id":"https:\/\/restyling.exenia.eu\/#\/schema\/logo\/image\/"},"sameAs":["https:\/\/www.facebook.com\/exenialighting","https:\/\/x.com\/ExeniaLighting"]}]}},"_links":{"self":[{"href":"https:\/\/restyling.exenia.eu\/fr\/wp-json\/wp\/v2\/product\/27320","targetHints":{"allow":["GET"]}}],"collection":[{"href":"https:\/\/restyling.exenia.eu\/fr\/wp-json\/wp\/v2\/product"}],"about":[{"href":"https:\/\/restyling.exenia.eu\/fr\/wp-json\/wp\/v2\/types\/product"}],"wp:featuredmedia":[{"embeddable":true,"href":"https:\/\/restyling.exenia.eu\/fr\/wp-json\/wp\/v2\/media\/11741"}],"wp:attachment":[{"href":"https:\/\/restyling.exenia.eu\/fr\/wp-json\/wp\/v2\/media?parent=27320"}],"wp:term":[{"taxonomy":"product_brand","embeddable":true,"href":"https:\/\/restyling.exenia.eu\/fr\/wp-json\/wp\/v2\/product_brand?post=27320"},{"taxonomy":"product_cat","embeddable":true,"href":"https:\/\/restyling.exenia.eu\/fr\/wp-json\/wp\/v2\/product_cat?post=27320"},{"taxonomy":"product_tag","embeddable":true,"href":"https:\/\/restyling.exenia.eu\/fr\/wp-json\/wp\/v2\/product_tag?post=27320"},{"taxonomy":"categoria-admin-prodotto","embeddable":true,"href":"https:\/\/restyling.exenia.eu\/fr\/wp-json\/wp\/v2\/categoria-admin-prodotto?post=27320"}],"curies":[{"name":"wp","href":"https:\/\/api.w.org\/{rel}","templated":true}]}}