{"id":27413,"date":"2022-11-24T09:50:06","date_gmt":"2022-11-24T08:50:06","guid":{"rendered":"https:\/\/www.exenia.eu\/prodotto\/fleur-corpo-2\/"},"modified":"2023-06-13T14:39:02","modified_gmt":"2023-06-13T12:39:02","slug":"fleur","status":"publish","type":"product","link":"https:\/\/restyling.exenia.eu\/fr\/produit\/fleur\/","title":{"rendered":"Fleur"},"content":{"rendered":"<p>Syst\u00e8me d&rsquo;\u00e9clairage polyvalent pour des besoins d&rsquo;\u00e9clairage diffus et accentu\u00e9, compl\u00e8tement camoufl\u00e9. FLEUR se compose de tiges pliantes avec des cosses renforc\u00e9es en laiton et acier rev\u00eatus de poudre. Les \u00e9l\u00e9ments d&rsquo;\u00e9clairage \u00e0 LED peuvent \u00eatre configur\u00e9s en tant que projecteur, disponible en Spot 12\u00b0, Moyen 24\u00b0 ou Large 41\u00b0, ou avec un diffuseur sph\u00e9rique ou un diffuseur conique pour un \u00e9clairage omnidirectionnel. Chaque tige h\u00e9berge une led de 1,2W nominale (120lm) \u00e0 2700K, 3000K ou 4000K en CRI85, avec une dur\u00e9e de vie de 100 000 heures \u00e0 L80 B10. Les options de montage pour FLEUR comprennent les installations de piquetage, d&rsquo;arbre, encastr\u00e9es et en surface. Les encastr\u00e9s et les surfaces FLEUR sont disponibles avec deux ou trois tiges configurables individuellement, tandis que les versions \u00e0 piquets et \u00e0 arbre sont configur\u00e9es avec une seule tige. La base de montage en laiton et en acier et les ensembles optiques sont disponibles dans une s\u00e9lection de finitions de peinture en poudre, notamment gris anthracite, brun boue, sable et effet rouille. Les tiges FLEUR sont recouvertes d&rsquo;une gaine en textile noisette \u00e0 haute r\u00e9sistance. Degr\u00e9 de protection IP65. P\u00e9riph\u00e9rique de classe III avec une s\u00e9lection d&rsquo;alimentateurs distants.<\/p>\n<p>&nbsp;<\/p>\n<p><iframe title=\"FLEUR | EN\" width=\"800\" height=\"450\" src=\"https:\/\/www.youtube.com\/embed\/F0LstDlggp0?start=4&#038;feature=oembed\" frameborder=\"0\" allow=\"accelerometer; autoplay; clipboard-write; encrypted-media; gyroscope; picture-in-picture; web-share\" referrerpolicy=\"strict-origin-when-cross-origin\" allowfullscreen><\/iframe><\/p>\n","protected":false},"excerpt":{"rendered":"<p>Syst\u00e8me d&rsquo;\u00e9clairage polyvalent pour des besoins d&rsquo;\u00e9clairage diffus et accentu\u00e9,&#8230;<\/p>\n","protected":false},"featured_media":24774,"template":"","meta":{"_acf_changed":false},"product_brand":[],"product_cat":[2719],"product_tag":[7625,7630,7633,7637,7641,7644,7659],"categoria-admin-prodotto":[],"class_list":{"0":"post-27413","1":"product","2":"type-product","3":"status-publish","4":"has-post-thumbnail","6":"product_cat-fleur-bollard-outdoor-outdoor-3","7":"product_tag-840973-fr","8":"product_tag-840972-fr","9":"product_tag-840971-fr","10":"product_tag-840970-fr","11":"product_tag-840933-fr","12":"product_tag-840932-fr","13":"product_tag-840931-fr","14":"pa_cct-2700k-fr","15":"pa_cct-3000k-fr","16":"pa_cct-4000k-fr","17":"pa_certificazione-conformita-ce-fr","18":"pa_cri-85-fr","19":"pa_grado-ip-ip65-fr","20":"pa_lifetime-l80b10-100-000-ore-fr","21":"pa_temperatura-di-esercizio-10-30-fr","23":"first","24":"instock","25":"purchasable","26":"product-type-composite"},"composite_virtual":false,"composite_layout":"single","composite_add_to_cart_form_location":"default","composite_editable_in_cart":false,"composite_sold_individually_context":"product","composite_shop_price_calc":"defaults","composite_components":[{"id":"1675336944","title":"Corp de l&#039;appareil","description":"","query_type":"product_ids","query_ids":[24539,24544,24548,24554,42116,24559],"default_option_id":"","thumbnail_id":"","thumbnail_src":"","quantity_min":1,"quantity_max":1,"priced_individually":false,"shipped_individually":false,"optional":true,"discount":"","options_style":"radios","pagination_style":"classic","display_prices":"absolute","show_sorting_options":false,"show_filtering_options":false,"attribute_filter_ids":[],"product_title_visible":false,"product_descr_visible":false,"product_price_visible":false,"product_thumb_visible":true,"subtotal_visible_product":false,"subtotal_visible_cart":false,"subtotal_visible_orders":false},{"id":"1675336945","title":"Controle","description":"","query_type":"product_ids","query_ids":[18444,18493],"default_option_id":"","thumbnail_id":"","thumbnail_src":"","quantity_min":1,"quantity_max":1,"priced_individually":false,"shipped_individually":false,"optional":true,"discount":"","options_style":"radios","pagination_style":"classic","display_prices":"absolute","show_sorting_options":false,"show_filtering_options":false,"attribute_filter_ids":[],"product_title_visible":false,"product_descr_visible":false,"product_price_visible":false,"product_thumb_visible":false,"subtotal_visible_product":false,"subtotal_visible_cart":false,"subtotal_visible_orders":false},{"id":"1675336946","title":"Finition du bo\u00eetier","description":"","query_type":"product_ids","query_ids":[18758,18762,18765,18767],"default_option_id":"","thumbnail_id":"","thumbnail_src":"","quantity_min":1,"quantity_max":1,"priced_individually":false,"shipped_individually":false,"optional":true,"discount":"","options_style":"radios","pagination_style":"classic","display_prices":"absolute","show_sorting_options":false,"show_filtering_options":false,"attribute_filter_ids":[],"product_title_visible":false,"product_descr_visible":false,"product_price_visible":false,"product_thumb_visible":false,"subtotal_visible_product":false,"subtotal_visible_cart":false,"subtotal_visible_orders":false},{"id":"1675336947","title":"Commandez s\u00e9par\u00e9ment","description":"","query_type":"product_ids","query_ids":[7634],"default_option_id":7634,"thumbnail_id":"","thumbnail_src":"","quantity_min":1,"quantity_max":1,"priced_individually":false,"shipped_individually":false,"optional":false,"discount":"","options_style":"radios","pagination_style":"classic","display_prices":"absolute","show_sorting_options":false,"show_filtering_options":false,"attribute_filter_ids":[],"product_title_visible":false,"product_descr_visible":false,"product_price_visible":false,"product_thumb_visible":false,"subtotal_visible_product":false,"subtotal_visible_cart":false,"subtotal_visible_orders":false},{"id":"1675336948","title":"Tige","description":"","query_type":"product_ids","query_ids":[18610],"default_option_id":18610,"thumbnail_id":"","thumbnail_src":"","quantity_min":1,"quantity_max":1,"priced_individually":false,"shipped_individually":false,"optional":false,"discount":"","options_style":"radios","pagination_style":"classic","display_prices":"absolute","show_sorting_options":false,"show_filtering_options":false,"attribute_filter_ids":[],"product_title_visible":false,"product_descr_visible":false,"product_price_visible":false,"product_thumb_visible":false,"subtotal_visible_product":false,"subtotal_visible_cart":false,"subtotal_visible_orders":false},{"id":"1675336949","title":"Taille","description":"","query_type":"product_ids","query_ids":[18784,18785,18786,18787],"default_option_id":"","thumbnail_id":"","thumbnail_src":"","quantity_min":1,"quantity_max":1,"priced_individually":false,"shipped_individually":false,"optional":true,"discount":"","options_style":"radios","pagination_style":"classic","display_prices":"absolute","show_sorting_options":false,"show_filtering_options":false,"attribute_filter_ids":[],"product_title_visible":false,"product_descr_visible":false,"product_price_visible":false,"product_thumb_visible":false,"subtotal_visible_product":false,"subtotal_visible_cart":false,"subtotal_visible_orders":false},{"id":"1675336950","title":"CRI-CCT","description":"","query_type":"product_ids","query_ids":[18652,18653,18654],"default_option_id":"","thumbnail_id":"","thumbnail_src":"","quantity_min":1,"quantity_max":1,"priced_individually":false,"shipped_individually":false,"optional":true,"discount":"","options_style":"radios","pagination_style":"classic","display_prices":"absolute","show_sorting_options":false,"show_filtering_options":false,"attribute_filter_ids":[],"product_title_visible":false,"product_descr_visible":false,"product_price_visible":false,"product_thumb_visible":false,"subtotal_visible_product":false,"subtotal_visible_cart":false,"subtotal_visible_orders":false},{"id":"1675336951","title":"Finition de la tige","description":"","query_type":"product_ids","query_ids":[18758,18762,18767,18765],"default_option_id":"","thumbnail_id":"","thumbnail_src":"","quantity_min":1,"quantity_max":1,"priced_individually":false,"shipped_individually":false,"optional":true,"discount":"","options_style":"radios","pagination_style":"classic","display_prices":"absolute","show_sorting_options":false,"show_filtering_options":false,"attribute_filter_ids":[],"product_title_visible":false,"product_descr_visible":false,"product_price_visible":false,"product_thumb_visible":false,"subtotal_visible_product":false,"subtotal_visible_cart":false,"subtotal_visible_orders":false},{"id":"1675336952","title":"Optique","description":"","query_type":"product_ids","query_ids":[18906,18920,18902,18894,18866],"default_option_id":"","thumbnail_id":"","thumbnail_src":"","quantity_min":1,"quantity_max":1,"priced_individually":false,"shipped_individually":false,"optional":true,"discount":"","options_style":"radios","pagination_style":"classic","display_prices":"absolute","show_sorting_options":false,"show_filtering_options":false,"attribute_filter_ids":[],"product_title_visible":false,"product_descr_visible":false,"product_price_visible":false,"product_thumb_visible":false,"subtotal_visible_product":false,"subtotal_visible_cart":false,"subtotal_visible_orders":false},{"id":"1676048412","title":" ","description":"","query_type":"product_ids","query_ids":[7634],"default_option_id":7634,"thumbnail_id":"","thumbnail_src":"","quantity_min":1,"quantity_max":1,"priced_individually":false,"shipped_individually":false,"optional":false,"discount":"","options_style":"radios","pagination_style":"classic","display_prices":"absolute","show_sorting_options":false,"show_filtering_options":false,"attribute_filter_ids":[],"product_title_visible":false,"product_descr_visible":false,"product_price_visible":false,"product_thumb_visible":false,"subtotal_visible_product":false,"subtotal_visible_cart":false,"subtotal_visible_orders":false},{"id":"1676048413","title":"Degr\u00e9 de protection du conducteur","description":"","query_type":"product_ids","query_ids":[26461,26480],"default_option_id":"","thumbnail_id":"","thumbnail_src":"","quantity_min":1,"quantity_max":1,"priced_individually":false,"shipped_individually":false,"optional":true,"discount":"","options_style":"radios","pagination_style":"classic","display_prices":"absolute","show_sorting_options":false,"show_filtering_options":false,"attribute_filter_ids":[],"product_title_visible":false,"product_descr_visible":false,"product_price_visible":false,"product_thumb_visible":false,"subtotal_visible_product":false,"subtotal_visible_cart":false,"subtotal_visible_orders":false},{"id":"1676048414","title":"Alimentation \u00e9lectrique","description":"","query_type":"product_ids","query_ids":[40172],"default_option_id":40172,"thumbnail_id":"","thumbnail_src":"","quantity_min":1,"quantity_max":1,"priced_individually":false,"shipped_individually":false,"optional":false,"discount":"","options_style":"radios","pagination_style":"classic","display_prices":"absolute","show_sorting_options":false,"show_filtering_options":false,"attribute_filter_ids":[],"product_title_visible":false,"product_descr_visible":false,"product_price_visible":false,"product_thumb_visible":true,"subtotal_visible_product":false,"subtotal_visible_cart":false,"subtotal_visible_orders":false},{"id":"1675336953","title":"Coffrage","description":"","query_type":"product_ids","query_ids":[40898],"default_option_id":40898,"thumbnail_id":"","thumbnail_src":"","quantity_min":1,"quantity_max":1,"priced_individually":false,"shipped_individually":false,"optional":false,"discount":"","options_style":"radios","pagination_style":"classic","display_prices":"absolute","show_sorting_options":false,"show_filtering_options":false,"attribute_filter_ids":[],"product_title_visible":false,"product_descr_visible":false,"product_price_visible":false,"product_thumb_visible":false,"subtotal_visible_product":false,"subtotal_visible_cart":false,"subtotal_visible_orders":false},{"id":"1675336954","title":"Connecteurs","description":"","query_type":"product_ids","query_ids":[33021],"default_option_id":33021,"thumbnail_id":"","thumbnail_src":"","quantity_min":1,"quantity_max":1,"priced_individually":false,"shipped_individually":false,"optional":false,"discount":"","options_style":"radios","pagination_style":"classic","display_prices":"absolute","show_sorting_options":false,"show_filtering_options":false,"attribute_filter_ids":[],"product_title_visible":false,"product_descr_visible":false,"product_price_visible":false,"product_thumb_visible":false,"subtotal_visible_product":false,"subtotal_visible_cart":false,"subtotal_visible_orders":false}],"composite_scenarios":[{"id":"1675337195","name":"inground","description":"","configuration":[{"component_id":"1675336944","options_modifier":"in","component_options":[24548,24554]}],"actions":[{"action_id":"compat_group","is_active":false},{"action_id":"conditional_components","is_active":false,"hidden_components":[]},{"action_id":"conditional_options","is_active":true,"hidden_options":[{"component_id":"1675336945","component_options":[18493],"options_modifier":"in"},{"component_id":"1675336949","component_options":[18787],"options_modifier":"in"}]}],"enabled":true},{"id":"1675337196","name":"spike\/surface","description":"","configuration":[{"component_id":"1675336944","options_modifier":"in","component_options":[24539,24544,42116]}],"actions":[{"action_id":"compat_group","is_active":false},{"action_id":"conditional_components","is_active":false,"hidden_components":[]},{"action_id":"conditional_options","is_active":true,"hidden_options":[{"component_id":"1675336945","component_options":[18444],"options_modifier":"in"},{"component_id":"1675336949","component_options":[18787],"options_modifier":"in"}]}],"enabled":true},{"id":"1675337197","name":"spike \/ tree no cassaforma","description":"","configuration":[{"component_id":"1675336944","options_modifier":"in","component_options":[42116,24559]}],"actions":[{"action_id":"compat_group","is_active":false},{"action_id":"conditional_components","is_active":true,"hidden_components":["1675336953"]},{"action_id":"conditional_options","is_active":false,"hidden_options":[]}],"enabled":true},{"id":"1675337198","name":"tree","description":"","configuration":[{"component_id":"1675336944","options_modifier":"in","component_options":[24559]}],"actions":[{"action_id":"compat_group","is_active":false},{"action_id":"conditional_components","is_active":true,"hidden_components":["1675336947"]},{"action_id":"conditional_options","is_active":true,"hidden_options":[{"component_id":"1675336945","component_options":[-1],"options_modifier":"not-in"},{"component_id":"1675336946","component_options":[-1],"options_modifier":"not-in"},{"component_id":"1675336949","component_options":[18784,18785,18786],"options_modifier":"in"}]}],"enabled":true},{"id":"1675337407","name":"on-off","description":"","configuration":[{"component_id":"1675336945","options_modifier":"in","component_options":[18444]}],"actions":[{"action_id":"compat_group","is_active":false},{"action_id":"conditional_components","is_active":false,"hidden_components":[]},{"action_id":"conditional_options","is_active":true,"hidden_options":[{"component_id":"1675336944","component_options":[24539,24544,42116,24559],"options_modifier":"in"},{"component_id":"1675336949","component_options":[18787],"options_modifier":"in"}]}],"enabled":true},{"id":"1675337408","name":"dr.rem","description":"","configuration":[{"component_id":"1675336945","options_modifier":"in","component_options":[18493]}],"actions":[{"action_id":"compat_group","is_active":false},{"action_id":"conditional_components","is_active":false,"hidden_components":[]},{"action_id":"conditional_options","is_active":true,"hidden_options":[{"component_id":"1675336944","component_options":[24548,24554,24559],"options_modifier":"in"},{"component_id":"1675336949","component_options":[18787],"options_modifier":"in"}]}],"enabled":true},{"id":"1675337409","name":"stelo no 120","description":"","configuration":[{"component_id":"1675336949","options_modifier":"in","component_options":[18784,18785,18786]}],"actions":[{"action_id":"compat_group","is_active":false},{"action_id":"conditional_components","is_active":false,"hidden_components":[]},{"action_id":"conditional_options","is_active":true,"hidden_options":[{"component_id":"1675336944","component_options":[24559],"options_modifier":"in"}]}],"enabled":true},{"id":"1675337410","name":"stelo si 120","description":"","configuration":[{"component_id":"1675336949","options_modifier":"in","component_options":[18787]}],"actions":[{"action_id":"compat_group","is_active":false},{"action_id":"conditional_components","is_active":false,"hidden_components":[]},{"action_id":"conditional_options","is_active":true,"hidden_options":[{"component_id":"1675336944","component_options":[-1,24559],"options_modifier":"not-in"}]}],"enabled":true},{"id":"1676048666","name":"inground no driver","description":"","configuration":[{"component_id":"1675336944","options_modifier":"in","component_options":[24548,24554]}],"actions":[{"action_id":"compat_group","is_active":false},{"action_id":"conditional_components","is_active":true,"hidden_components":["1676048412","1676048414"]},{"action_id":"conditional_options","is_active":true,"hidden_options":[{"component_id":"1676048413","component_options":[-1],"options_modifier":"not-in"},{"component_id":"1676048414","component_options":[-1],"options_modifier":"not-in"}]}],"enabled":true},{"id":"1676048667","name":"SURFACE IP20","description":"","configuration":[{"component_id":"1675336944","options_modifier":"in","component_options":[24539,24544]},{"component_id":"1676048413","options_modifier":"in","component_options":[26461]}],"actions":[{"action_id":"compat_group","is_active":false},{"action_id":"conditional_components","is_active":false,"hidden_components":[]},{"action_id":"conditional_options","is_active":true,"hidden_options":[{"component_id":"1676048414","component_options":[-1,40177],"options_modifier":"not-in"}]}],"enabled":true},{"id":"1676048668","name":"SURFACE IP67","description":"","configuration":[{"component_id":"1675336944","options_modifier":"in","component_options":[24539,24544]},{"component_id":"1676048413","options_modifier":"in","component_options":[26480]}],"actions":[{"action_id":"compat_group","is_active":false},{"action_id":"conditional_components","is_active":false,"hidden_components":[]},{"action_id":"conditional_options","is_active":true,"hidden_options":[{"component_id":"1676048414","component_options":[-1,40199],"options_modifier":"not-in"}]}],"enabled":true},{"id":"1676048669","name":"SPIKE\/TREE IP20","description":"","configuration":[{"component_id":"1675336944","options_modifier":"in","component_options":[42116,24559]},{"component_id":"1676048413","options_modifier":"in","component_options":[26461]}],"actions":[{"action_id":"compat_group","is_active":false},{"action_id":"conditional_components","is_active":false,"hidden_components":[]},{"action_id":"conditional_options","is_active":true,"hidden_options":[{"component_id":"1676048414","component_options":[-1,40177,40182],"options_modifier":"not-in"}]}],"enabled":true},{"id":"1676048670","name":"SPIKE\/TREE IP67","description":"","configuration":[{"component_id":"1675336944","options_modifier":"in","component_options":[42116,24559]},{"component_id":"1676048413","options_modifier":"in","component_options":[26480]}],"actions":[{"action_id":"compat_group","is_active":false},{"action_id":"conditional_components","is_active":false,"hidden_components":[]},{"action_id":"conditional_options","is_active":true,"hidden_options":[{"component_id":"1676048414","component_options":[-1,40199],"options_modifier":"not-in"}]}],"enabled":true},{"id":"1676048671","name":"NO DRIVER NO SELECTION","description":"","configuration":[{"component_id":"1676048413","options_modifier":"in","component_options":[-1]}],"actions":[{"action_id":"compat_group","is_active":false},{"action_id":"conditional_components","is_active":false,"hidden_components":[]},{"action_id":"conditional_options","is_active":true,"hidden_options":[{"component_id":"1676048414","component_options":[-1],"options_modifier":"not-in"}]}],"enabled":true}],"bundled_by":[],"bundle_stock_status":"instock","bundle_stock_quantity":null,"bundle_virtual":false,"bundle_layout":"","bundle_add_to_cart_form_location":"","bundle_editable_in_cart":false,"bundle_sold_individually_context":"","bundle_item_grouping":"","bundle_min_size":"","bundle_max_size":"","bundled_items":[],"bundle_sell_ids":[],"acf":[],"yoast_head":"<!-- This site is optimized with the Yoast SEO plugin v27.4 - https:\/\/yoast.com\/product\/yoast-seo-wordpress\/ -->\n<title>Fleur | Exenia<\/title>\n<meta name=\"robots\" content=\"noindex, follow, max-snippet:-1, max-image-preview:large, max-video-preview:-1\" \/>\n<meta property=\"og:locale\" content=\"fr_FR\" \/>\n<meta property=\"og:type\" content=\"article\" \/>\n<meta property=\"og:title\" content=\"Fleur | Exenia\" \/>\n<meta property=\"og:description\" content=\"Syst\u00e8me d&rsquo;\u00e9clairage polyvalent pour des besoins d&rsquo;\u00e9clairage diffus et accentu\u00e9,...\" \/>\n<meta property=\"og:url\" content=\"https:\/\/restyling.exenia.eu\/prodotto\/fleur-corpo\/\" \/>\n<meta property=\"og:site_name\" content=\"Exenia\" \/>\n<meta property=\"article:publisher\" content=\"https:\/\/www.facebook.com\/exenialighting\" \/>\n<meta property=\"article:modified_time\" content=\"2023-06-13T12:39:02+00:00\" \/>\n<meta property=\"og:image\" content=\"https:\/\/restyling.exenia.eu\/wp-content\/uploads\/2022\/11\/Fleur-prodotto.jpg\" \/>\n\t<meta property=\"og:image:width\" content=\"2000\" \/>\n\t<meta property=\"og:image:height\" content=\"1919\" \/>\n\t<meta property=\"og:image:type\" content=\"image\/jpeg\" \/>\n<!-- \/ Yoast SEO plugin. -->","yoast_head_json":{"title":"Fleur | Exenia","robots":{"index":"noindex","follow":"follow","max-snippet":"max-snippet:-1","max-image-preview":"max-image-preview:large","max-video-preview":"max-video-preview:-1"},"og_locale":"fr_FR","og_type":"article","og_title":"Fleur | Exenia","og_description":"Syst\u00e8me d&rsquo;\u00e9clairage polyvalent pour des besoins d&rsquo;\u00e9clairage diffus et accentu\u00e9,...","og_url":"https:\/\/restyling.exenia.eu\/prodotto\/fleur-corpo\/","og_site_name":"Exenia","article_publisher":"https:\/\/www.facebook.com\/exenialighting","article_modified_time":"2023-06-13T12:39:02+00:00","og_image":[{"width":2000,"height":1919,"url":"https:\/\/restyling.exenia.eu\/wp-content\/uploads\/2022\/11\/Fleur-prodotto.jpg","type":"image\/jpeg"}],"schema":{"@context":"https:\/\/schema.org","@graph":[{"@type":"WebPage","@id":"https:\/\/restyling.exenia.eu\/prodotto\/fleur-corpo\/","url":"https:\/\/restyling.exenia.eu\/prodotto\/fleur-corpo\/","name":"Fleur | Exenia","isPartOf":{"@id":"https:\/\/restyling.exenia.eu\/#website"},"primaryImageOfPage":{"@id":"https:\/\/restyling.exenia.eu\/prodotto\/fleur-corpo\/#primaryimage"},"image":{"@id":"https:\/\/restyling.exenia.eu\/prodotto\/fleur-corpo\/#primaryimage"},"thumbnailUrl":"https:\/\/restyling.exenia.eu\/wp-content\/uploads\/2022\/11\/Fleur-prodotto.jpg","datePublished":"2022-11-24T08:50:06+00:00","dateModified":"2023-06-13T12:39:02+00:00","breadcrumb":{"@id":"https:\/\/restyling.exenia.eu\/prodotto\/fleur-corpo\/#breadcrumb"},"inLanguage":"fr-FR","potentialAction":[{"@type":"ReadAction","target":["https:\/\/restyling.exenia.eu\/prodotto\/fleur-corpo\/"]}]},{"@type":"ImageObject","inLanguage":"fr-FR","@id":"https:\/\/restyling.exenia.eu\/prodotto\/fleur-corpo\/#primaryimage","url":"https:\/\/restyling.exenia.eu\/wp-content\/uploads\/2022\/11\/Fleur-prodotto.jpg","contentUrl":"https:\/\/restyling.exenia.eu\/wp-content\/uploads\/2022\/11\/Fleur-prodotto.jpg","width":2000,"height":1919},{"@type":"BreadcrumbList","@id":"https:\/\/restyling.exenia.eu\/prodotto\/fleur-corpo\/#breadcrumb","itemListElement":[{"@type":"ListItem","position":1,"name":"Home","item":"https:\/\/restyling.exenia.eu\/"},{"@type":"ListItem","position":2,"name":"Produits","item":"https:\/\/restyling.exenia.eu\/prodotti\/"},{"@type":"ListItem","position":3,"name":"Outdoor","item":"https:\/\/restyling.exenia.eu\/c\/outdoor\/"},{"@type":"ListItem","position":4,"name":"Bollard","item":"https:\/\/restyling.exenia.eu\/c\/outdoor\/bollard-outdoor\/"},{"@type":"ListItem","position":5,"name":"Fleur","item":"https:\/\/restyling.exenia.eu\/c\/outdoor\/bollard-outdoor\/fleur\/"},{"@type":"ListItem","position":6,"name":"Fleur"}]},{"@type":"WebSite","@id":"https:\/\/restyling.exenia.eu\/#website","url":"https:\/\/restyling.exenia.eu\/","name":"Exenia","description":"","publisher":{"@id":"https:\/\/restyling.exenia.eu\/#organization"},"potentialAction":[{"@type":"SearchAction","target":{"@type":"EntryPoint","urlTemplate":"https:\/\/restyling.exenia.eu\/?s={search_term_string}"},"query-input":{"@type":"PropertyValueSpecification","valueRequired":true,"valueName":"search_term_string"}}],"inLanguage":"fr-FR"},{"@type":"Organization","@id":"https:\/\/restyling.exenia.eu\/#organization","name":"Exenia","url":"https:\/\/restyling.exenia.eu\/","logo":{"@type":"ImageObject","inLanguage":"fr-FR","@id":"https:\/\/restyling.exenia.eu\/#\/schema\/logo\/image\/","url":"https:\/\/restyling.exenia.eu\/wp-content\/uploads\/2022\/09\/logo_exenia-e1678467519405.png","contentUrl":"https:\/\/restyling.exenia.eu\/wp-content\/uploads\/2022\/09\/logo_exenia-e1678467519405.png","width":600,"height":194,"caption":"Exenia"},"image":{"@id":"https:\/\/restyling.exenia.eu\/#\/schema\/logo\/image\/"},"sameAs":["https:\/\/www.facebook.com\/exenialighting","https:\/\/x.com\/ExeniaLighting"]}]}},"_links":{"self":[{"href":"https:\/\/restyling.exenia.eu\/fr\/wp-json\/wp\/v2\/product\/27413","targetHints":{"allow":["GET"]}}],"collection":[{"href":"https:\/\/restyling.exenia.eu\/fr\/wp-json\/wp\/v2\/product"}],"about":[{"href":"https:\/\/restyling.exenia.eu\/fr\/wp-json\/wp\/v2\/types\/product"}],"wp:featuredmedia":[{"embeddable":true,"href":"https:\/\/restyling.exenia.eu\/fr\/wp-json\/wp\/v2\/media\/24774"}],"wp:attachment":[{"href":"https:\/\/restyling.exenia.eu\/fr\/wp-json\/wp\/v2\/media?parent=27413"}],"wp:term":[{"taxonomy":"product_brand","embeddable":true,"href":"https:\/\/restyling.exenia.eu\/fr\/wp-json\/wp\/v2\/product_brand?post=27413"},{"taxonomy":"product_cat","embeddable":true,"href":"https:\/\/restyling.exenia.eu\/fr\/wp-json\/wp\/v2\/product_cat?post=27413"},{"taxonomy":"product_tag","embeddable":true,"href":"https:\/\/restyling.exenia.eu\/fr\/wp-json\/wp\/v2\/product_tag?post=27413"},{"taxonomy":"categoria-admin-prodotto","embeddable":true,"href":"https:\/\/restyling.exenia.eu\/fr\/wp-json\/wp\/v2\/categoria-admin-prodotto?post=27413"}],"curies":[{"name":"wp","href":"https:\/\/api.w.org\/{rel}","templated":true}]}}