{"id":27473,"date":"2022-11-24T09:49:47","date_gmt":"2022-11-24T08:49:47","guid":{"rendered":"https:\/\/www.exenia.eu\/prodotto\/brick-2\/"},"modified":"2023-06-13T14:38:57","modified_gmt":"2023-06-13T12:38:57","slug":"brick","status":"publish","type":"product","link":"https:\/\/restyling.exenia.eu\/fr\/produit\/brick\/","title":{"rendered":"Brick"},"content":{"rendered":"<p>Luminaire mural \u00e0 LED avec diffuseur en polycarbonate opale. On fournit des accessoires optiques interchangeables pour cr\u00e9er un faisceau Spot (16\u00b0), Moyen (31\u00b0) et Large (58\u00b0). On fournit \u00e9galement un support de montage au plafond r\u00e9glable pour un r\u00e9glage horizontal ou vertical \u00e0 90\u00b0, ainsi qu&rsquo;un bo\u00eetier de montage en saillie pour un montage dans le b\u00e9ton ou la brique. Disponible de s\u00e9rie en 3000K, CRI85. CRI95, 2700K et 4000K sont disponibles sur demande. Degr\u00e9 de protection IP55.<\/p>\n","protected":false},"excerpt":{"rendered":"<p>Luminaire mural \u00e0 LED avec diffuseur en polycarbonate opale. On&#8230;<\/p>\n","protected":false},"featured_media":10732,"template":"","meta":{"_acf_changed":false},"product_brand":[],"product_cat":[2712],"product_tag":[7568,7573],"categoria-admin-prodotto":[],"class_list":{"0":"post-27473","1":"product","2":"type-product","3":"status-publish","4":"has-post-thumbnail","6":"product_cat-brick-appliques-murales-outdoor","7":"product_tag-833640-fr","8":"product_tag-833641-fr","9":"pa_cct-2700k-fr","10":"pa_cct-3000k-fr","11":"pa_cct-4000k-fr","12":"pa_certificazione-conformita-ce-fr","13":"pa_classe-f-oui","14":"pa_cri-85-fr","15":"pa_cri-95-fr","16":"pa_grado-ip-ip55-fr","17":"pa_temperatura-di-esercizio-10-30-fr","19":"first","20":"instock","21":"purchasable","22":"product-type-composite"},"composite_virtual":false,"composite_layout":"single","composite_add_to_cart_form_location":"default","composite_editable_in_cart":false,"composite_sold_individually_context":"product","composite_shop_price_calc":"defaults","composite_components":[{"id":"1674127361","title":"Corp de l&#039;appareil","description":"","query_type":"product_ids","query_ids":[18596],"default_option_id":18596,"thumbnail_id":"","thumbnail_src":"","quantity_min":1,"quantity_max":1,"priced_individually":false,"shipped_individually":false,"optional":false,"discount":"","options_style":"radios","pagination_style":"classic","display_prices":"absolute","show_sorting_options":false,"show_filtering_options":false,"attribute_filter_ids":[],"product_title_visible":false,"product_descr_visible":false,"product_price_visible":false,"product_thumb_visible":false,"subtotal_visible_product":false,"subtotal_visible_cart":false,"subtotal_visible_orders":false},{"id":"1674127362","title":"Version","description":"","query_type":"product_ids","query_ids":[19047,19052],"default_option_id":"","thumbnail_id":"","thumbnail_src":"","quantity_min":1,"quantity_max":1,"priced_individually":false,"shipped_individually":false,"optional":true,"discount":"","options_style":"radios","pagination_style":"classic","display_prices":"absolute","show_sorting_options":false,"show_filtering_options":false,"attribute_filter_ids":[],"product_title_visible":false,"product_descr_visible":false,"product_price_visible":false,"product_thumb_visible":false,"subtotal_visible_product":false,"subtotal_visible_cart":false,"subtotal_visible_orders":false},{"id":"1674127363","title":"Controle","description":"","query_type":"product_ids","query_ids":[18444,18445,18473,18494],"default_option_id":"","thumbnail_id":"","thumbnail_src":"","quantity_min":1,"quantity_max":1,"priced_individually":false,"shipped_individually":false,"optional":true,"discount":"","options_style":"radios","pagination_style":"classic","display_prices":"absolute","show_sorting_options":false,"show_filtering_options":false,"attribute_filter_ids":[],"product_title_visible":false,"product_descr_visible":false,"product_price_visible":false,"product_thumb_visible":false,"subtotal_visible_product":false,"subtotal_visible_cart":false,"subtotal_visible_orders":false},{"id":"1674127364","title":"Finition","description":"","query_type":"product_ids","query_ids":[18765,18762,18767,18758,18774,18707],"default_option_id":"","thumbnail_id":"","thumbnail_src":"","quantity_min":1,"quantity_max":1,"priced_individually":false,"shipped_individually":false,"optional":true,"discount":"","options_style":"radios","pagination_style":"classic","display_prices":"absolute","show_sorting_options":false,"show_filtering_options":false,"attribute_filter_ids":[],"product_title_visible":false,"product_descr_visible":false,"product_price_visible":false,"product_thumb_visible":false,"subtotal_visible_product":false,"subtotal_visible_cart":false,"subtotal_visible_orders":false},{"id":"1674127365","title":"CRI-CCT","description":"","query_type":"product_ids","query_ids":[18653,18654,18631,18632,18633],"default_option_id":"","thumbnail_id":"","thumbnail_src":"","quantity_min":1,"quantity_max":1,"priced_individually":false,"shipped_individually":false,"optional":true,"discount":"","options_style":"radios","pagination_style":"classic","display_prices":"absolute","show_sorting_options":false,"show_filtering_options":false,"attribute_filter_ids":[],"product_title_visible":false,"product_descr_visible":false,"product_price_visible":false,"product_thumb_visible":false,"subtotal_visible_product":false,"subtotal_visible_cart":false,"subtotal_visible_orders":false},{"id":"1674127366","title":"Accessoires","description":"","query_type":"product_ids","query_ids":[18386],"default_option_id":"","thumbnail_id":"","thumbnail_src":"","quantity_min":1,"quantity_max":1,"priced_individually":false,"shipped_individually":false,"optional":true,"discount":"","options_style":"radios","pagination_style":"classic","display_prices":"absolute","show_sorting_options":false,"show_filtering_options":false,"attribute_filter_ids":[],"product_title_visible":false,"product_descr_visible":false,"product_price_visible":false,"product_thumb_visible":false,"subtotal_visible_product":false,"subtotal_visible_cart":false,"subtotal_visible_orders":false},{"id":"1679310395","title":"S\u00e9lectionner pour activer l&#039;accessoire","description":"","query_type":"product_ids","query_ids":[7634],"default_option_id":"","thumbnail_id":"","thumbnail_src":"","quantity_min":1,"quantity_max":1,"priced_individually":false,"shipped_individually":false,"optional":true,"discount":"","options_style":"radios","pagination_style":"classic","display_prices":"absolute","show_sorting_options":false,"show_filtering_options":false,"attribute_filter_ids":[],"product_title_visible":false,"product_descr_visible":false,"product_price_visible":false,"product_thumb_visible":false,"subtotal_visible_product":false,"subtotal_visible_cart":false,"subtotal_visible_orders":false},{"id":"1674127368","title":"Accessoires optiques + Diffuseur","description":"","query_type":"product_ids","query_ids":[13546,13539,13536],"default_option_id":"","thumbnail_id":"","thumbnail_src":"","quantity_min":1,"quantity_max":1,"priced_individually":false,"shipped_individually":false,"optional":true,"discount":"","options_style":"radios","pagination_style":"classic","display_prices":"absolute","show_sorting_options":false,"show_filtering_options":false,"attribute_filter_ids":[],"product_title_visible":false,"product_descr_visible":false,"product_price_visible":false,"product_thumb_visible":false,"subtotal_visible_product":false,"subtotal_visible_cart":false,"subtotal_visible_orders":false},{"id":"1676308377","title":" ","description":"","query_type":"product_ids","query_ids":[7634],"default_option_id":"","thumbnail_id":"","thumbnail_src":"","quantity_min":1,"quantity_max":1,"priced_individually":false,"shipped_individually":false,"optional":true,"discount":"","options_style":"radios","pagination_style":"classic","display_prices":"absolute","show_sorting_options":false,"show_filtering_options":false,"attribute_filter_ids":[],"product_title_visible":false,"product_descr_visible":false,"product_price_visible":false,"product_thumb_visible":false,"subtotal_visible_product":false,"subtotal_visible_cart":false,"subtotal_visible_orders":false},{"id":"1676308378","title":"Accessoire pour le montage mural","description":"","query_type":"product_ids","query_ids":[42468],"default_option_id":42468,"thumbnail_id":"","thumbnail_src":"","quantity_min":1,"quantity_max":1,"priced_individually":false,"shipped_individually":false,"optional":false,"discount":"","options_style":"radios","pagination_style":"classic","display_prices":"absolute","show_sorting_options":false,"show_filtering_options":false,"attribute_filter_ids":[],"product_title_visible":false,"product_descr_visible":true,"product_price_visible":false,"product_thumb_visible":true,"subtotal_visible_product":false,"subtotal_visible_cart":false,"subtotal_visible_orders":false},{"id":"1676308379","title":" ","description":"","query_type":"product_ids","query_ids":[40886],"default_option_id":40886,"thumbnail_id":"","thumbnail_src":"","quantity_min":1,"quantity_max":1,"priced_individually":false,"shipped_individually":false,"optional":false,"discount":"","options_style":"radios","pagination_style":"classic","display_prices":"absolute","show_sorting_options":false,"show_filtering_options":false,"attribute_filter_ids":[],"product_title_visible":false,"product_descr_visible":false,"product_price_visible":false,"product_thumb_visible":false,"subtotal_visible_product":false,"subtotal_visible_cart":false,"subtotal_visible_orders":false}],"composite_scenarios":[{"id":"1674127541","name":"small 40","description":"","configuration":[{"component_id":"1674127362","options_modifier":"in","component_options":[19047]}],"actions":[{"action_id":"compat_group","is_active":false},{"action_id":"conditional_components","is_active":false,"hidden_components":[]},{"action_id":"conditional_options","is_active":true,"hidden_options":[{"component_id":"1674127363","component_options":[-1,18444],"options_modifier":"not-in"},{"component_id":"1674127365","component_options":[18654],"options_modifier":"in"}]}],"enabled":true},{"id":"1674127542","name":"medium 41","description":"","configuration":[{"component_id":"1674127362","options_modifier":"in","component_options":[19052]}],"actions":[{"action_id":"compat_group","is_active":false},{"action_id":"conditional_components","is_active":true,"hidden_components":["1674127366","1679310395","1674127368"]},{"action_id":"conditional_options","is_active":true,"hidden_options":[{"component_id":"1674127365","component_options":[18631,18632,18633],"options_modifier":"in"}]}],"enabled":true},{"id":"1674127808","name":"controlli dimm.","description":"","configuration":[{"component_id":"1674127363","options_modifier":"in","component_options":[18445,18473,18494]}],"actions":[{"action_id":"compat_group","is_active":false},{"action_id":"conditional_components","is_active":true,"hidden_components":["1674127368"]},{"action_id":"conditional_options","is_active":true,"hidden_options":[{"component_id":"1674127362","component_options":[19047],"options_modifier":"in"},{"component_id":"1674127365","component_options":[18631,18632,18633],"options_modifier":"in"}]}],"enabled":true},{"id":"1674127809","name":"cri85 4000k","description":"","configuration":[{"component_id":"1674127365","options_modifier":"in","component_options":[18654]}],"actions":[{"action_id":"compat_group","is_active":false},{"action_id":"conditional_components","is_active":true,"hidden_components":["1674127366","1674127368"]},{"action_id":"conditional_options","is_active":true,"hidden_options":[{"component_id":"1674127362","component_options":[19047],"options_modifier":"in"}]}],"enabled":true},{"id":"1674127810","name":"cri95","description":"","configuration":[{"component_id":"1674127365","options_modifier":"in","component_options":[18631,18632,18633]}],"actions":[{"action_id":"compat_group","is_active":false},{"action_id":"conditional_components","is_active":false,"hidden_components":[]},{"action_id":"conditional_options","is_active":true,"hidden_options":[{"component_id":"1674127362","component_options":[19052],"options_modifier":"in"},{"component_id":"1674127363","component_options":[-1,18444],"options_modifier":"not-in"}]}],"enabled":true},{"id":"1674128043","name":"deflettore","description":"","configuration":[{"component_id":"1674127366","options_modifier":"in","component_options":[18386]}],"actions":[{"action_id":"compat_group","is_active":false},{"action_id":"conditional_components","is_active":false,"hidden_components":[]},{"action_id":"conditional_options","is_active":true,"hidden_options":[{"component_id":"1674127362","component_options":[19052],"options_modifier":"in"},{"component_id":"1674127363","component_options":[18445,18473,18494],"options_modifier":"in"},{"component_id":"1674127365","component_options":[18654],"options_modifier":"in"}]}],"enabled":true},{"id":"1674128134","name":"ottiche","description":"","configuration":[{"component_id":"1674127368","options_modifier":"in","component_options":[13546,13539,13536]}],"actions":[{"action_id":"compat_group","is_active":false},{"action_id":"conditional_components","is_active":false,"hidden_components":[]},{"action_id":"conditional_options","is_active":true,"hidden_options":[{"component_id":"1674127362","component_options":[19052],"options_modifier":"in"},{"component_id":"1674127363","component_options":[18445,18473,18494],"options_modifier":"in"},{"component_id":"1674127365","component_options":[18654],"options_modifier":"in"}]}],"enabled":true},{"id":"1676286055","name":"no accessorio","description":"","configuration":[{"component_id":"1679310395","options_modifier":"in","component_options":[-1]}],"actions":[{"action_id":"compat_group","is_active":false},{"action_id":"conditional_components","is_active":true,"hidden_components":["1674127368"]},{"action_id":"conditional_options","is_active":false,"hidden_options":[]}],"enabled":true},{"id":"1676308458","name":"no staffa","description":"","configuration":[{"component_id":"1676308377","options_modifier":"in","component_options":[-1]}],"actions":[{"action_id":"compat_group","is_active":false},{"action_id":"conditional_components","is_active":true,"hidden_components":["1676308378"]},{"action_id":"conditional_options","is_active":true,"hidden_options":[{"component_id":"1676308378","component_options":[-1],"options_modifier":"not-in"}]}],"enabled":true},{"id":"1676308509","name":"no cassaforma medium","description":"","configuration":[{"component_id":"1674127362","options_modifier":"in","component_options":[19052]}],"actions":[{"action_id":"compat_group","is_active":false},{"action_id":"conditional_components","is_active":true,"hidden_components":["1676308379"]},{"action_id":"conditional_options","is_active":true,"hidden_options":[{"component_id":"1676308379","component_options":[-1],"options_modifier":"not-in"}]}],"enabled":true}],"bundled_by":[],"bundle_stock_status":"instock","bundle_stock_quantity":null,"bundle_virtual":false,"bundle_layout":"","bundle_add_to_cart_form_location":"","bundle_editable_in_cart":false,"bundle_sold_individually_context":"","bundle_item_grouping":"","bundle_min_size":"","bundle_max_size":"","bundled_items":[],"bundle_sell_ids":[],"acf":[],"yoast_head":"<!-- This site is optimized with the Yoast SEO plugin v27.5 - https:\/\/yoast.com\/product\/yoast-seo-wordpress\/ -->\n<title>Brick | Exenia<\/title>\n<meta name=\"robots\" content=\"noindex, follow, max-snippet:-1, max-image-preview:large, max-video-preview:-1\" \/>\n<meta property=\"og:locale\" content=\"fr_FR\" \/>\n<meta property=\"og:type\" content=\"article\" \/>\n<meta property=\"og:title\" content=\"Brick | Exenia\" \/>\n<meta property=\"og:description\" content=\"Luminaire mural \u00e0 LED avec diffuseur en polycarbonate opale. On...\" \/>\n<meta property=\"og:url\" content=\"https:\/\/restyling.exenia.eu\/prodotto\/brick\/\" \/>\n<meta property=\"og:site_name\" content=\"Exenia\" \/>\n<meta property=\"article:publisher\" content=\"https:\/\/www.facebook.com\/exenialighting\" \/>\n<meta property=\"article:modified_time\" content=\"2023-06-13T12:38:57+00:00\" \/>\n<meta property=\"og:image\" content=\"https:\/\/restyling.exenia.eu\/wp-content\/uploads\/2023\/01\/Brick-prodotto.jpg\" \/>\n\t<meta property=\"og:image:width\" content=\"2000\" \/>\n\t<meta property=\"og:image:height\" content=\"1919\" \/>\n\t<meta property=\"og:image:type\" content=\"image\/jpeg\" \/>\n<!-- \/ Yoast SEO plugin. -->","yoast_head_json":{"title":"Brick | Exenia","robots":{"index":"noindex","follow":"follow","max-snippet":"max-snippet:-1","max-image-preview":"max-image-preview:large","max-video-preview":"max-video-preview:-1"},"og_locale":"fr_FR","og_type":"article","og_title":"Brick | Exenia","og_description":"Luminaire mural \u00e0 LED avec diffuseur en polycarbonate opale. On...","og_url":"https:\/\/restyling.exenia.eu\/prodotto\/brick\/","og_site_name":"Exenia","article_publisher":"https:\/\/www.facebook.com\/exenialighting","article_modified_time":"2023-06-13T12:38:57+00:00","og_image":[{"width":2000,"height":1919,"url":"https:\/\/restyling.exenia.eu\/wp-content\/uploads\/2023\/01\/Brick-prodotto.jpg","type":"image\/jpeg"}],"schema":{"@context":"https:\/\/schema.org","@graph":[{"@type":"WebPage","@id":"https:\/\/restyling.exenia.eu\/prodotto\/brick\/","url":"https:\/\/restyling.exenia.eu\/prodotto\/brick\/","name":"Brick | Exenia","isPartOf":{"@id":"https:\/\/restyling.exenia.eu\/#website"},"primaryImageOfPage":{"@id":"https:\/\/restyling.exenia.eu\/prodotto\/brick\/#primaryimage"},"image":{"@id":"https:\/\/restyling.exenia.eu\/prodotto\/brick\/#primaryimage"},"thumbnailUrl":"https:\/\/restyling.exenia.eu\/wp-content\/uploads\/2023\/01\/Brick-prodotto.jpg","datePublished":"2022-11-24T08:49:47+00:00","dateModified":"2023-06-13T12:38:57+00:00","breadcrumb":{"@id":"https:\/\/restyling.exenia.eu\/prodotto\/brick\/#breadcrumb"},"inLanguage":"fr-FR","potentialAction":[{"@type":"ReadAction","target":["https:\/\/restyling.exenia.eu\/prodotto\/brick\/"]}]},{"@type":"ImageObject","inLanguage":"fr-FR","@id":"https:\/\/restyling.exenia.eu\/prodotto\/brick\/#primaryimage","url":"https:\/\/restyling.exenia.eu\/wp-content\/uploads\/2023\/01\/Brick-prodotto.jpg","contentUrl":"https:\/\/restyling.exenia.eu\/wp-content\/uploads\/2023\/01\/Brick-prodotto.jpg","width":2000,"height":1919},{"@type":"BreadcrumbList","@id":"https:\/\/restyling.exenia.eu\/prodotto\/brick\/#breadcrumb","itemListElement":[{"@type":"ListItem","position":1,"name":"Home","item":"https:\/\/restyling.exenia.eu\/"},{"@type":"ListItem","position":2,"name":"Produits","item":"https:\/\/restyling.exenia.eu\/prodotti\/"},{"@type":"ListItem","position":3,"name":"Outdoor","item":"https:\/\/restyling.exenia.eu\/c\/outdoor\/"},{"@type":"ListItem","position":4,"name":"Apparecchi a parete","item":"https:\/\/restyling.exenia.eu\/c\/outdoor\/apparecchi-a-parete-outdoor\/"},{"@type":"ListItem","position":5,"name":"Brick","item":"https:\/\/restyling.exenia.eu\/c\/outdoor\/apparecchi-a-parete-outdoor\/brick\/"},{"@type":"ListItem","position":6,"name":"Brick"}]},{"@type":"WebSite","@id":"https:\/\/restyling.exenia.eu\/#website","url":"https:\/\/restyling.exenia.eu\/","name":"Exenia","description":"","publisher":{"@id":"https:\/\/restyling.exenia.eu\/#organization"},"potentialAction":[{"@type":"SearchAction","target":{"@type":"EntryPoint","urlTemplate":"https:\/\/restyling.exenia.eu\/?s={search_term_string}"},"query-input":{"@type":"PropertyValueSpecification","valueRequired":true,"valueName":"search_term_string"}}],"inLanguage":"fr-FR"},{"@type":"Organization","@id":"https:\/\/restyling.exenia.eu\/#organization","name":"Exenia","url":"https:\/\/restyling.exenia.eu\/","logo":{"@type":"ImageObject","inLanguage":"fr-FR","@id":"https:\/\/restyling.exenia.eu\/#\/schema\/logo\/image\/","url":"https:\/\/restyling.exenia.eu\/wp-content\/uploads\/2022\/09\/logo_exenia-e1678467519405.png","contentUrl":"https:\/\/restyling.exenia.eu\/wp-content\/uploads\/2022\/09\/logo_exenia-e1678467519405.png","width":600,"height":194,"caption":"Exenia"},"image":{"@id":"https:\/\/restyling.exenia.eu\/#\/schema\/logo\/image\/"},"sameAs":["https:\/\/www.facebook.com\/exenialighting","https:\/\/x.com\/ExeniaLighting"]}]}},"_links":{"self":[{"href":"https:\/\/restyling.exenia.eu\/fr\/wp-json\/wp\/v2\/product\/27473","targetHints":{"allow":["GET"]}}],"collection":[{"href":"https:\/\/restyling.exenia.eu\/fr\/wp-json\/wp\/v2\/product"}],"about":[{"href":"https:\/\/restyling.exenia.eu\/fr\/wp-json\/wp\/v2\/types\/product"}],"wp:featuredmedia":[{"embeddable":true,"href":"https:\/\/restyling.exenia.eu\/fr\/wp-json\/wp\/v2\/media\/10732"}],"wp:attachment":[{"href":"https:\/\/restyling.exenia.eu\/fr\/wp-json\/wp\/v2\/media?parent=27473"}],"wp:term":[{"taxonomy":"product_brand","embeddable":true,"href":"https:\/\/restyling.exenia.eu\/fr\/wp-json\/wp\/v2\/product_brand?post=27473"},{"taxonomy":"product_cat","embeddable":true,"href":"https:\/\/restyling.exenia.eu\/fr\/wp-json\/wp\/v2\/product_cat?post=27473"},{"taxonomy":"product_tag","embeddable":true,"href":"https:\/\/restyling.exenia.eu\/fr\/wp-json\/wp\/v2\/product_tag?post=27473"},{"taxonomy":"categoria-admin-prodotto","embeddable":true,"href":"https:\/\/restyling.exenia.eu\/fr\/wp-json\/wp\/v2\/categoria-admin-prodotto?post=27473"}],"curies":[{"name":"wp","href":"https:\/\/api.w.org\/{rel}","templated":true}]}}