{"id":27500,"date":"2022-11-24T09:49:47","date_gmt":"2022-11-24T08:49:47","guid":{"rendered":"https:\/\/www.exenia.eu\/prodotto\/dark-tilt-compact-2-2\/"},"modified":"2025-03-26T11:41:05","modified_gmt":"2025-03-26T10:41:05","slug":"dark-orientable-compact","status":"publish","type":"product","link":"https:\/\/restyling.exenia.eu\/fr\/produit\/dark-orientable-compact\/","title":{"rendered":"Dark Orientable Compact"},"content":{"rendered":"<p class=\"p1\">Ce spot encastr\u00e9 Orientable de forme compacte, d\u00e9di\u00e9 \u00e0 la conception lumi\u00e8re professionnelle, conjugue non seulement des performances excellentes avec des dimensions minimales, mais il est \u00e9galement dot\u00e9 du nouveau syst\u00e8me optique Revo \u00ab\u00a0Cross\u00a0\u00bb qui permet d&rsquo;obtenir des rendements et une projection d&rsquo;une puret\u00e9 exceptionnelle.<\/p>\n<p class=\"p2\">Les versions orientables garantissent des inclinaisons jusqu&rsquo;\u00e0 40\u00b0 sans aucune d\u00e9formation du faisceau ni perte d&rsquo;\u00e9mission. Dot\u00e9 d&rsquo;un syst\u00e8me unique \u00ab\u00a0anti-slot\u00a0\u00bb con\u00e7u pour cacher la vue de l&rsquo;intrados du grenier, permet d&rsquo;obtenir un effet minimaliste et un style sobre quelle que soit la direction de pointage du faisceau.<\/p>\n<p class=\"p2\">Toutes les versions de la famille Dark sont caract\u00e9ris\u00e9es par l&rsquo;excellent confort visuel et par le rapport Lux\/Watt \u00e9mis tout en conservant des rapports entre puissances et dimensions in\u00e9galables.<\/p>\n<p class=\"p2\">Disponible en versions simples avec un cadre de forme carr\u00e9e et ronde, cette famille offre un tr\u00e8s large \u00e9ventail d&rsquo;options offre un tr\u00e8s large \u00e9ventail d&rsquo;options optiques, accessoires et configurations formelles.<\/p>\n<p><img fetchpriority=\"high\" decoding=\"async\" class=\"alignnone size-medium wp-image-26241\" src=\"https:\/\/restyling.exenia.eu\/wp-content\/uploads\/2023\/02\/indoor-4-212x300.jpeg\" alt=\"\" width=\"212\" height=\"300\" srcset=\"https:\/\/restyling.exenia.eu\/wp-content\/uploads\/2023\/02\/indoor-4-212x300.jpeg 212w, https:\/\/restyling.exenia.eu\/wp-content\/uploads\/2023\/02\/indoor-4-725x1024.jpeg 725w, https:\/\/restyling.exenia.eu\/wp-content\/uploads\/2023\/02\/indoor-4-768x1085.jpeg 768w, https:\/\/restyling.exenia.eu\/wp-content\/uploads\/2023\/02\/indoor-4-1087x1536.jpeg 1087w, https:\/\/restyling.exenia.eu\/wp-content\/uploads\/2023\/02\/indoor-4.jpeg 1360w\" sizes=\"(max-width: 212px) 100vw, 212px\" \/> <img decoding=\"async\" class=\"alignnone size-medium wp-image-72539\" src=\"https:\/\/restyling.exenia.eu\/wp-content\/uploads\/2022\/11\/Media-Kit-212x300.jpg\" alt=\"\" width=\"212\" height=\"300\" srcset=\"https:\/\/restyling.exenia.eu\/wp-content\/uploads\/2022\/11\/Media-Kit-212x300.jpg 212w, https:\/\/restyling.exenia.eu\/wp-content\/uploads\/2022\/11\/Media-Kit-725x1024.jpg 725w, https:\/\/restyling.exenia.eu\/wp-content\/uploads\/2022\/11\/Media-Kit-768x1085.jpg 768w, https:\/\/restyling.exenia.eu\/wp-content\/uploads\/2022\/11\/Media-Kit-1087x1536.jpg 1087w, https:\/\/restyling.exenia.eu\/wp-content\/uploads\/2022\/11\/Media-Kit.jpg 1360w\" sizes=\"(max-width: 212px) 100vw, 212px\" \/><\/p>\n<p><iframe title=\"Exenia DARK\" width=\"800\" height=\"450\" src=\"https:\/\/www.youtube.com\/embed\/lHLJsd7GOcA?start=7&#038;feature=oembed\" frameborder=\"0\" allow=\"accelerometer; autoplay; clipboard-write; encrypted-media; gyroscope; picture-in-picture; web-share\" referrerpolicy=\"strict-origin-when-cross-origin\" allowfullscreen><\/iframe><\/p>\n","protected":false},"excerpt":{"rendered":"<p>Ce spot encastr\u00e9 Orientable de forme compacte, d\u00e9di\u00e9 \u00e0 la&#8230;<\/p>\n","protected":false},"featured_media":22587,"template":"","meta":{"_acf_changed":false},"product_brand":[],"product_cat":[8973,2666],"product_tag":[7150,7153,7284,7289],"categoria-admin-prodotto":[],"class_list":{"0":"post-27500","1":"product","2":"type-product","3":"status-publish","4":"has-post-thumbnail","6":"product_cat-dark-tilt-fr","7":"product_cat-dark-encastres","8":"product_tag-1348b-fr","9":"product_tag-1348a-fr","10":"product_tag-13480-fr","11":"product_tag-13481-fr","12":"pa_cct-2700k-fr","13":"pa_cct-3000k-fr","14":"pa_cct-3500k-fr","15":"pa_cct-4000k-fr","16":"pa_certificazione-conformita-ce-fr","17":"pa_classe-f-oui","18":"pa_cri-92-fr","19":"pa_cri-98-fr","20":"pa_grado-ip-compartiment-interieur-ip20","21":"pa_grado-ip-bloc-optique-ip54","22":"pa_temperatura-di-esercizio-10-35-fr","24":"first","25":"instock","26":"purchasable","27":"product-type-composite"},"composite_virtual":false,"composite_layout":"single","composite_add_to_cart_form_location":"default","composite_editable_in_cart":false,"composite_sold_individually_context":"product","composite_shop_price_calc":"defaults","composite_components":[{"id":"1672667895","title":"Corp de l&#039;appareil","description":"","query_type":"product_ids","query_ids":[18513],"default_option_id":18513,"thumbnail_id":"","thumbnail_src":"","quantity_min":1,"quantity_max":1,"priced_individually":false,"shipped_individually":false,"optional":false,"discount":"","options_style":"radios","pagination_style":"classic","display_prices":"absolute","show_sorting_options":false,"show_filtering_options":false,"attribute_filter_ids":[],"product_title_visible":false,"product_descr_visible":false,"product_price_visible":false,"product_thumb_visible":false,"subtotal_visible_product":false,"subtotal_visible_cart":false,"subtotal_visible_orders":false},{"id":"1672667896","title":"Version","description":"","query_type":"product_ids","query_ids":[19137,19146,19172,19173],"default_option_id":"","thumbnail_id":"","thumbnail_src":"","quantity_min":1,"quantity_max":1,"priced_individually":false,"shipped_individually":false,"optional":true,"discount":"","options_style":"radios","pagination_style":"classic","display_prices":"absolute","show_sorting_options":false,"show_filtering_options":false,"attribute_filter_ids":[],"product_title_visible":false,"product_descr_visible":false,"product_price_visible":false,"product_thumb_visible":false,"subtotal_visible_product":false,"subtotal_visible_cart":false,"subtotal_visible_orders":false},{"id":"1672667897","title":"Controle","description":"","query_type":"product_ids","query_ids":[18493],"default_option_id":18493,"thumbnail_id":"","thumbnail_src":"","quantity_min":1,"quantity_max":1,"priced_individually":false,"shipped_individually":false,"optional":false,"discount":"","options_style":"radios","pagination_style":"classic","display_prices":"absolute","show_sorting_options":false,"show_filtering_options":false,"attribute_filter_ids":[],"product_title_visible":false,"product_descr_visible":false,"product_price_visible":false,"product_thumb_visible":false,"subtotal_visible_product":false,"subtotal_visible_cart":false,"subtotal_visible_orders":false},{"id":"1672667898","title":"Finition","description":"","query_type":"product_ids","query_ids":[18774,18749,18707,18761,18753],"default_option_id":"","thumbnail_id":"","thumbnail_src":"","quantity_min":1,"quantity_max":1,"priced_individually":false,"shipped_individually":false,"optional":true,"discount":"","options_style":"radios","pagination_style":"classic","display_prices":"absolute","show_sorting_options":false,"show_filtering_options":false,"attribute_filter_ids":[],"product_title_visible":false,"product_descr_visible":false,"product_price_visible":false,"product_thumb_visible":false,"subtotal_visible_product":false,"subtotal_visible_cart":false,"subtotal_visible_orders":false},{"id":"1672667899","title":"CRI-CCT","description":"","query_type":"product_ids","query_ids":[18627,18628,18630,18629,18637,18638,18640,18639],"default_option_id":"","thumbnail_id":"","thumbnail_src":"","quantity_min":1,"quantity_max":1,"priced_individually":false,"shipped_individually":false,"optional":true,"discount":"","options_style":"radios","pagination_style":"classic","display_prices":"absolute","show_sorting_options":false,"show_filtering_options":false,"attribute_filter_ids":[],"product_title_visible":false,"product_descr_visible":false,"product_price_visible":false,"product_thumb_visible":false,"subtotal_visible_product":false,"subtotal_visible_cart":false,"subtotal_visible_orders":false},{"id":"1672667900","title":"Optique","description":"","query_type":"product_ids","query_ids":[18922,18901,18791,18909,18887,18858,18935,18798,18870,18848],"default_option_id":"","thumbnail_id":"","thumbnail_src":"","quantity_min":1,"quantity_max":1,"priced_individually":false,"shipped_individually":false,"optional":true,"discount":"","options_style":"radios","pagination_style":"classic","display_prices":"absolute","show_sorting_options":false,"show_filtering_options":false,"attribute_filter_ids":[],"product_title_visible":false,"product_descr_visible":false,"product_price_visible":false,"product_thumb_visible":false,"subtotal_visible_product":false,"subtotal_visible_cart":false,"subtotal_visible_orders":false},{"id":"1672667901","title":"Accessoires mont\u00e9s en usine","description":"","query_type":"product_ids","query_ids":[30183],"default_option_id":30183,"thumbnail_id":"","thumbnail_src":"","quantity_min":1,"quantity_max":1,"priced_individually":false,"shipped_individually":false,"optional":false,"discount":"","options_style":"radios","pagination_style":"classic","display_prices":"absolute","show_sorting_options":false,"show_filtering_options":false,"attribute_filter_ids":[],"product_title_visible":false,"product_descr_visible":true,"product_price_visible":false,"product_thumb_visible":true,"subtotal_visible_product":false,"subtotal_visible_cart":false,"subtotal_visible_orders":false},{"id":"1675941747","title":" ","description":"","query_type":"product_ids","query_ids":[7634],"default_option_id":7634,"thumbnail_id":"","thumbnail_src":"","quantity_min":1,"quantity_max":1,"priced_individually":false,"shipped_individually":false,"optional":false,"discount":"","options_style":"radios","pagination_style":"classic","display_prices":"absolute","show_sorting_options":false,"show_filtering_options":false,"attribute_filter_ids":[],"product_title_visible":false,"product_descr_visible":false,"product_price_visible":false,"product_thumb_visible":false,"subtotal_visible_product":false,"subtotal_visible_cart":false,"subtotal_visible_orders":false},{"id":"1675941748","title":"Alimentation \u00e9lectrique (pour l&#039;option d&#039;urgence, contacter le service interne)","description":"","query_type":"product_ids","query_ids":[40151,40128,40118],"default_option_id":"","thumbnail_id":"","thumbnail_src":"","quantity_min":1,"quantity_max":1,"priced_individually":false,"shipped_individually":false,"optional":true,"discount":"","options_style":"radios","pagination_style":"classic","display_prices":"absolute","show_sorting_options":false,"show_filtering_options":false,"attribute_filter_ids":[],"product_title_visible":false,"product_descr_visible":false,"product_price_visible":false,"product_thumb_visible":true,"subtotal_visible_product":false,"subtotal_visible_cart":false,"subtotal_visible_orders":false},{"id":"1676892962","title":"Accessoires ind\u00e9pendants","description":"","query_type":"product_ids","query_ids":[39667],"default_option_id":39667,"thumbnail_id":"","thumbnail_src":"","quantity_min":1,"quantity_max":1,"priced_individually":false,"shipped_individually":false,"optional":false,"discount":"","options_style":"radios","pagination_style":"classic","display_prices":"absolute","show_sorting_options":false,"show_filtering_options":false,"attribute_filter_ids":[],"product_title_visible":false,"product_descr_visible":true,"product_price_visible":false,"product_thumb_visible":false,"subtotal_visible_product":false,"subtotal_visible_cart":false,"subtotal_visible_orders":false},{"id":"1689346537","title":"Dur\u00e9e de vie","description":"","query_type":"product_ids","query_ids":[50124,50128],"default_option_id":"","thumbnail_id":"","thumbnail_src":"","quantity_min":1,"quantity_max":1,"priced_individually":false,"shipped_individually":false,"optional":true,"discount":"","options_style":"radios","pagination_style":"classic","display_prices":"absolute","show_sorting_options":false,"show_filtering_options":false,"attribute_filter_ids":[],"product_title_visible":false,"product_descr_visible":false,"product_price_visible":false,"product_thumb_visible":false,"subtotal_visible_product":false,"subtotal_visible_cart":false,"subtotal_visible_orders":false}],"composite_scenarios":[{"id":"1674731477","name":"cri98","description":"","configuration":[{"component_id":"1672667899","options_modifier":"in","component_options":[18637,18638,18640,18639]}],"actions":[{"action_id":"compat_group","is_active":false},{"action_id":"conditional_components","is_active":false,"hidden_components":[]},{"action_id":"conditional_options","is_active":true,"hidden_options":[{"component_id":"1672667900","component_options":[18922],"options_modifier":"in"}]}],"enabled":true},{"id":"1674731478","name":"narrow spot \/ wide flood","description":"","configuration":[{"component_id":"1672667900","options_modifier":"in","component_options":[18901,18935]}],"actions":[{"action_id":"compat_group","is_active":false},{"action_id":"conditional_components","is_active":false,"hidden_components":[]},{"action_id":"conditional_options","is_active":true,"hidden_options":[{"component_id":"1672667901","component_options":[30431,30435,30440,30441,30444,30445],"options_modifier":"in"}]}],"enabled":true},{"id":"1674731479","name":"ellittiche","description":"","configuration":[{"component_id":"1672667900","options_modifier":"in","component_options":[18791,18798]}],"actions":[{"action_id":"compat_group","is_active":false},{"action_id":"conditional_components","is_active":false,"hidden_components":[]},{"action_id":"conditional_options","is_active":true,"hidden_options":[{"component_id":"1672667901","component_options":[-1,30428],"options_modifier":"not-in"}]}],"enabled":true},{"id":"1674731480","name":"wall washer","description":"","configuration":[{"component_id":"1672667900","options_modifier":"in","component_options":[18870,18848]}],"actions":[{"action_id":"compat_group","is_active":false},{"action_id":"conditional_components","is_active":true,"hidden_components":["1676892962"]},{"action_id":"conditional_options","is_active":true,"hidden_options":[{"component_id":"1672667901","component_options":[-1,30428],"options_modifier":"not-in"}]}],"enabled":true},{"id":"1674731481","name":"honeycomb + diffondente + snoot","description":"","configuration":[{"component_id":"1672667901","options_modifier":"in","component_options":[30429,30430,30432,30434,30435,30436,30437,30438,30439,30440,30442,30443,30444,30445]}],"actions":[{"action_id":"compat_group","is_active":false},{"action_id":"conditional_components","is_active":false,"hidden_components":[]},{"action_id":"conditional_options","is_active":true,"hidden_options":[{"component_id":"1672667900","component_options":[18791,18798,18870,18848],"options_modifier":"in"}]}],"enabled":true},{"id":"1674731482","name":"lente ellittica","description":"","configuration":[{"component_id":"1672667901","options_modifier":"in","component_options":[30431,30435,30440,30441,30444,30445]}],"actions":[{"action_id":"compat_group","is_active":false},{"action_id":"conditional_components","is_active":false,"hidden_components":[]},{"action_id":"conditional_options","is_active":true,"hidden_options":[{"component_id":"1672667900","component_options":[18901,18791,18935,18798,18870,18848],"options_modifier":"in"}]}],"enabled":true},{"id":"1674731483","name":"visor","description":"","configuration":[{"component_id":"1672667901","options_modifier":"in","component_options":[30433,30437,30439,30441,30443,30445]}],"actions":[{"action_id":"compat_group","is_active":false},{"action_id":"conditional_components","is_active":false,"hidden_components":[]},{"action_id":"conditional_options","is_active":true,"hidden_options":[{"component_id":"1672667900","component_options":[18870,18848],"options_modifier":"in"}]}],"enabled":true},{"id":"1675941932","name":"NO DRIVER NO SELECTION ","description":"","configuration":[{"component_id":"1672667900","options_modifier":"in","component_options":[-1]}],"actions":[{"action_id":"compat_group","is_active":false},{"action_id":"conditional_components","is_active":false,"hidden_components":[]},{"action_id":"conditional_options","is_active":true,"hidden_options":[{"component_id":"1675941748","component_options":[-1],"options_modifier":"not-in"}]}],"enabled":true},{"id":"1675941933","name":"V","description":"","configuration":[{"component_id":"1672667900","options_modifier":"in","component_options":[18922]}],"actions":[{"action_id":"compat_group","is_active":false},{"action_id":"conditional_components","is_active":false,"hidden_components":[]},{"action_id":"conditional_options","is_active":true,"hidden_options":[{"component_id":"1675941748","component_options":[-1,75350,75351,40135,40141,40148],"options_modifier":"not-in"}]}],"enabled":true},{"id":"1675941934","name":"N-2","description":"","configuration":[{"component_id":"1672667900","options_modifier":"in","component_options":[18901,18791]}],"actions":[{"action_id":"compat_group","is_active":false},{"action_id":"conditional_components","is_active":false,"hidden_components":[]},{"action_id":"conditional_options","is_active":true,"hidden_options":[{"component_id":"1675941748","component_options":[-1,75368,75362,40122,40124,40125],"options_modifier":"not-in"}]}],"enabled":true},{"id":"1675941935","name":"S-M-F-W-6","description":"","configuration":[{"component_id":"1672667900","options_modifier":"in","component_options":[18909,18887,18858,18935,18798]}],"actions":[{"action_id":"compat_group","is_active":false},{"action_id":"conditional_components","is_active":false,"hidden_components":[]},{"action_id":"conditional_options","is_active":true,"hidden_options":[{"component_id":"1675941748","component_options":[-1,75383,75352,40129,40135,40136,40139],"options_modifier":"not-in"}]}],"enabled":true},{"id":"1675941936","name":"A-G","description":"","configuration":[{"component_id":"1672667900","options_modifier":"in","component_options":[18870,18848]}],"actions":[{"action_id":"compat_group","is_active":false},{"action_id":"conditional_components","is_active":false,"hidden_components":[]},{"action_id":"conditional_options","is_active":true,"hidden_options":[{"component_id":"1675941748","component_options":[-1,75330,75331,40157,40163,40168],"options_modifier":"not-in"}]}],"enabled":true},{"id":"1689346633","name":"LT 80 N-2","description":"","configuration":[{"component_id":"1672667900","options_modifier":"in","component_options":[18901,18791]}],"actions":[{"action_id":"compat_group","is_active":false},{"action_id":"conditional_components","is_active":false,"hidden_components":[]},{"action_id":"conditional_options","is_active":true,"hidden_options":[{"component_id":"1689346537","component_options":[-1,50124],"options_modifier":"not-in"}]}],"enabled":true},{"id":"1689346634","name":"LT 100 V-S-M-F-W-6-A-G","description":"","configuration":[{"component_id":"1672667900","options_modifier":"in","component_options":[18922,18909,18887,18858,18935,18798,18870,18848]}],"actions":[{"action_id":"compat_group","is_active":false},{"action_id":"conditional_components","is_active":false,"hidden_components":[]},{"action_id":"conditional_options","is_active":true,"hidden_options":[{"component_id":"1689346537","component_options":[-1,50128],"options_modifier":"not-in"}]}],"enabled":true}],"bundled_by":[],"bundle_stock_status":"instock","bundle_stock_quantity":null,"bundle_virtual":false,"bundle_layout":"","bundle_add_to_cart_form_location":"","bundle_editable_in_cart":false,"bundle_sold_individually_context":"","bundle_item_grouping":"","bundle_min_size":"","bundle_max_size":"","bundled_items":[],"bundle_sell_ids":[],"acf":[],"yoast_head":"<!-- This site is optimized with the Yoast SEO plugin v27.4 - https:\/\/yoast.com\/product\/yoast-seo-wordpress\/ -->\n<title>Dark Orientable Compact | Exenia<\/title>\n<meta name=\"robots\" content=\"noindex, follow, max-snippet:-1, max-image-preview:large, max-video-preview:-1\" \/>\n<meta property=\"og:locale\" content=\"fr_FR\" \/>\n<meta property=\"og:type\" content=\"article\" \/>\n<meta property=\"og:title\" content=\"Dark Orientable Compact | Exenia\" \/>\n<meta property=\"og:description\" content=\"Ce spot encastr\u00e9 Orientable de forme compacte, d\u00e9di\u00e9 \u00e0 la...\" \/>\n<meta property=\"og:url\" content=\"https:\/\/restyling.exenia.eu\/fr\/produit\/dark-orientable-compact\/\" \/>\n<meta property=\"og:site_name\" content=\"Exenia\" \/>\n<meta property=\"article:publisher\" content=\"https:\/\/www.facebook.com\/exenialighting\" \/>\n<meta property=\"article:modified_time\" content=\"2025-03-26T10:41:05+00:00\" \/>\n<meta property=\"og:image\" content=\"https:\/\/restyling.exenia.eu\/wp-content\/uploads\/2023\/01\/Dark-tilt-compact-prodotto.jpg\" \/>\n\t<meta property=\"og:image:width\" content=\"2000\" \/>\n\t<meta property=\"og:image:height\" content=\"1919\" \/>\n\t<meta property=\"og:image:type\" content=\"image\/jpeg\" \/>\n<!-- \/ Yoast SEO plugin. -->","yoast_head_json":{"title":"Dark Orientable Compact | Exenia","robots":{"index":"noindex","follow":"follow","max-snippet":"max-snippet:-1","max-image-preview":"max-image-preview:large","max-video-preview":"max-video-preview:-1"},"og_locale":"fr_FR","og_type":"article","og_title":"Dark Orientable Compact | Exenia","og_description":"Ce spot encastr\u00e9 Orientable de forme compacte, d\u00e9di\u00e9 \u00e0 la...","og_url":"https:\/\/restyling.exenia.eu\/fr\/produit\/dark-orientable-compact\/","og_site_name":"Exenia","article_publisher":"https:\/\/www.facebook.com\/exenialighting","article_modified_time":"2025-03-26T10:41:05+00:00","og_image":[{"width":2000,"height":1919,"url":"https:\/\/restyling.exenia.eu\/wp-content\/uploads\/2023\/01\/Dark-tilt-compact-prodotto.jpg","type":"image\/jpeg"}],"schema":{"@context":"https:\/\/schema.org","@graph":[{"@type":"WebPage","@id":"https:\/\/restyling.exenia.eu\/fr\/produit\/dark-orientable-compact\/","url":"https:\/\/restyling.exenia.eu\/fr\/produit\/dark-orientable-compact\/","name":"Dark Orientable Compact | Exenia","isPartOf":{"@id":"https:\/\/restyling.exenia.eu\/#website"},"primaryImageOfPage":{"@id":"https:\/\/restyling.exenia.eu\/fr\/produit\/dark-orientable-compact\/#primaryimage"},"image":{"@id":"https:\/\/restyling.exenia.eu\/fr\/produit\/dark-orientable-compact\/#primaryimage"},"thumbnailUrl":"https:\/\/restyling.exenia.eu\/wp-content\/uploads\/2023\/01\/Dark-tilt-compact-prodotto.jpg","datePublished":"2022-11-24T08:49:47+00:00","dateModified":"2025-03-26T10:41:05+00:00","breadcrumb":{"@id":"https:\/\/restyling.exenia.eu\/fr\/produit\/dark-orientable-compact\/#breadcrumb"},"inLanguage":"fr-FR","potentialAction":[{"@type":"ReadAction","target":["https:\/\/restyling.exenia.eu\/fr\/produit\/dark-orientable-compact\/"]}]},{"@type":"ImageObject","inLanguage":"fr-FR","@id":"https:\/\/restyling.exenia.eu\/fr\/produit\/dark-orientable-compact\/#primaryimage","url":"https:\/\/restyling.exenia.eu\/wp-content\/uploads\/2023\/01\/Dark-tilt-compact-prodotto.jpg","contentUrl":"https:\/\/restyling.exenia.eu\/wp-content\/uploads\/2023\/01\/Dark-tilt-compact-prodotto.jpg","width":2000,"height":1919},{"@type":"BreadcrumbList","@id":"https:\/\/restyling.exenia.eu\/fr\/produit\/dark-orientable-compact\/#breadcrumb","itemListElement":[{"@type":"ListItem","position":1,"name":"Home","item":"https:\/\/restyling.exenia.eu\/"},{"@type":"ListItem","position":2,"name":"Produits","item":"https:\/\/restyling.exenia.eu\/prodotti\/"},{"@type":"ListItem","position":3,"name":"Indoor","item":"https:\/\/restyling.exenia.eu\/fr\/c\/indoor\/"},{"@type":"ListItem","position":4,"name":"Encastr\u00e9s","item":"https:\/\/restyling.exenia.eu\/fr\/c\/indoor\/encastres\/"},{"@type":"ListItem","position":5,"name":"Dark","item":"https:\/\/restyling.exenia.eu\/c\/indoor\/apparecchi-ad-incasso\/dark\/"},{"@type":"ListItem","position":6,"name":"Dark Orientable Compact"}]},{"@type":"WebSite","@id":"https:\/\/restyling.exenia.eu\/#website","url":"https:\/\/restyling.exenia.eu\/","name":"Exenia","description":"","publisher":{"@id":"https:\/\/restyling.exenia.eu\/#organization"},"potentialAction":[{"@type":"SearchAction","target":{"@type":"EntryPoint","urlTemplate":"https:\/\/restyling.exenia.eu\/?s={search_term_string}"},"query-input":{"@type":"PropertyValueSpecification","valueRequired":true,"valueName":"search_term_string"}}],"inLanguage":"fr-FR"},{"@type":"Organization","@id":"https:\/\/restyling.exenia.eu\/#organization","name":"Exenia","url":"https:\/\/restyling.exenia.eu\/","logo":{"@type":"ImageObject","inLanguage":"fr-FR","@id":"https:\/\/restyling.exenia.eu\/#\/schema\/logo\/image\/","url":"https:\/\/restyling.exenia.eu\/wp-content\/uploads\/2022\/09\/logo_exenia-e1678467519405.png","contentUrl":"https:\/\/restyling.exenia.eu\/wp-content\/uploads\/2022\/09\/logo_exenia-e1678467519405.png","width":600,"height":194,"caption":"Exenia"},"image":{"@id":"https:\/\/restyling.exenia.eu\/#\/schema\/logo\/image\/"},"sameAs":["https:\/\/www.facebook.com\/exenialighting","https:\/\/x.com\/ExeniaLighting"]}]}},"_links":{"self":[{"href":"https:\/\/restyling.exenia.eu\/fr\/wp-json\/wp\/v2\/product\/27500","targetHints":{"allow":["GET"]}}],"collection":[{"href":"https:\/\/restyling.exenia.eu\/fr\/wp-json\/wp\/v2\/product"}],"about":[{"href":"https:\/\/restyling.exenia.eu\/fr\/wp-json\/wp\/v2\/types\/product"}],"wp:featuredmedia":[{"embeddable":true,"href":"https:\/\/restyling.exenia.eu\/fr\/wp-json\/wp\/v2\/media\/22587"}],"wp:attachment":[{"href":"https:\/\/restyling.exenia.eu\/fr\/wp-json\/wp\/v2\/media?parent=27500"}],"wp:term":[{"taxonomy":"product_brand","embeddable":true,"href":"https:\/\/restyling.exenia.eu\/fr\/wp-json\/wp\/v2\/product_brand?post=27500"},{"taxonomy":"product_cat","embeddable":true,"href":"https:\/\/restyling.exenia.eu\/fr\/wp-json\/wp\/v2\/product_cat?post=27500"},{"taxonomy":"product_tag","embeddable":true,"href":"https:\/\/restyling.exenia.eu\/fr\/wp-json\/wp\/v2\/product_tag?post=27500"},{"taxonomy":"categoria-admin-prodotto","embeddable":true,"href":"https:\/\/restyling.exenia.eu\/fr\/wp-json\/wp\/v2\/categoria-admin-prodotto?post=27500"}],"curies":[{"name":"wp","href":"https:\/\/api.w.org\/{rel}","templated":true}]}}