{"id":27713,"date":"2022-11-24T09:51:46","date_gmt":"2022-11-24T08:51:46","guid":{"rendered":"https:\/\/www.exenia.eu\/prodotto\/wolf-proiettore-base\/"},"modified":"2023-06-13T14:39:42","modified_gmt":"2023-06-13T12:39:42","slug":"wolf-projecteur-base","status":"publish","type":"product","link":"https:\/\/restyling.exenia.eu\/fr\/produit\/wolf-projecteur-base\/","title":{"rendered":"Wolf Projecteur Base"},"content":{"rendered":"<p>Projecteur de base avec source lumineuse LED, corps en aluminium moul\u00e9 sous pression et chambre optique scell\u00e9e en verre.<br \/>\nLe corps optique permet une rotation de 305\u00b0 et une inclinaison de 135\u00b0. Puissances de 7W et 13W disponibles en 2700K, 3000K ou 4000K en CRI95 ou 3000K en CRI85. Maintien du flux lumineux pendant 115 000 heures selon la norme L80 B10.<br \/>\nLes options de finition en peinture poudre naturelle comprennent le gris anthracite, le brun boue, le sable, le txt blanc mat et l&rsquo;effet rouille.<br \/>\nLe choix des optiques comprend Spot, Flood, Medium et Wide.<br \/>\nWOLF est disponible avec une gamme d&rsquo;accessoires optiques comprenant une grille en nid d&rsquo;abeille (mont\u00e9e en usine) ainsi qu&rsquo;un anneau color\u00e9 ou une visi\u00e8re snoot et une lentille elliptique r\u00e9glable de (18\u00b0x40\u00b0 pour 7W ou 23\u00b0x65\u00b0 pour 13W)(\u00e0 commander s\u00e9par\u00e9ment).<br \/>\nLes anneaux color\u00e9s sont fabriqu\u00e9s en PMMA r\u00e9sistant aux UV et sont disponibles en orange translucide, bleu translucide, vert translucide et neutre. Degr\u00e9 de protection IP66.<br \/>\nLuminaire de classe I avec ballast ON\/OFF install\u00e9 dans la base. Ce produit est conforme \u00e0 la norme EN 62471:2008 et aux amendements\/mises \u00e0 jour ult\u00e9rieurs sur le risque photobiologique des syst\u00e8mes d&rsquo;\u00e9clairage \u00e9lectrique et est class\u00e9 \u00e0 faible risque (RG1).<\/p>\n","protected":false},"excerpt":{"rendered":"<p>Projecteur de base avec source lumineuse LED, corps en aluminium&#8230;<\/p>\n","protected":false},"featured_media":24242,"template":"","meta":{"_acf_changed":false},"product_brand":[],"product_cat":[2722],"product_tag":[7559,7669],"categoria-admin-prodotto":[],"class_list":{"0":"post-27713","1":"product","2":"type-product","3":"status-publish","4":"has-post-thumbnail","6":"product_cat-wolf-projecteurs-outdoor","7":"product_tag-84024a-fr","8":"product_tag-840240-fr","9":"pa_cct-2700k-fr","10":"pa_cct-3000k-fr","11":"pa_cct-4000k-fr","12":"pa_certificazione-conformita-ce-fr","13":"pa_classe-f-oui","14":"pa_cri-85-fr","15":"pa_cri-95-fr","16":"pa_grado-ip-ip66-fr","17":"pa_grado-ip-ik08-fr","18":"pa_lifetime-l80b10-115-000-h-fr","19":"pa_temperatura-di-esercizio-10-30-fr","21":"first","22":"instock","23":"purchasable","24":"product-type-composite"},"composite_virtual":false,"composite_layout":"single","composite_add_to_cart_form_location":"default","composite_editable_in_cart":false,"composite_sold_individually_context":"product","composite_shop_price_calc":"defaults","composite_components":[{"id":"1674057197","title":"Corp de l&#039;appareil","description":"","query_type":"product_ids","query_ids":[13586],"default_option_id":13586,"thumbnail_id":"","thumbnail_src":"","quantity_min":1,"quantity_max":1,"priced_individually":false,"shipped_individually":false,"optional":false,"discount":"","options_style":"radios","pagination_style":"classic","display_prices":"absolute","show_sorting_options":false,"show_filtering_options":false,"attribute_filter_ids":[],"product_title_visible":false,"product_descr_visible":false,"product_price_visible":false,"product_thumb_visible":false,"subtotal_visible_product":false,"subtotal_visible_cart":false,"subtotal_visible_orders":false},{"id":"1674057198","title":"Puissance","description":"","query_type":"product_ids","query_ids":[19043,19169],"default_option_id":"","thumbnail_id":"","thumbnail_src":"","quantity_min":1,"quantity_max":1,"priced_individually":false,"shipped_individually":false,"optional":true,"discount":"","options_style":"radios","pagination_style":"classic","display_prices":"absolute","show_sorting_options":false,"show_filtering_options":false,"attribute_filter_ids":[],"product_title_visible":false,"product_descr_visible":false,"product_price_visible":false,"product_thumb_visible":false,"subtotal_visible_product":false,"subtotal_visible_cart":false,"subtotal_visible_orders":false},{"id":"1674057199","title":"Controle","description":"","query_type":"product_ids","query_ids":[18444],"default_option_id":18444,"thumbnail_id":"","thumbnail_src":"","quantity_min":1,"quantity_max":1,"priced_individually":false,"shipped_individually":false,"optional":false,"discount":"","options_style":"radios","pagination_style":"classic","display_prices":"absolute","show_sorting_options":false,"show_filtering_options":false,"attribute_filter_ids":[],"product_title_visible":false,"product_descr_visible":false,"product_price_visible":false,"product_thumb_visible":false,"subtotal_visible_product":false,"subtotal_visible_cart":false,"subtotal_visible_orders":false},{"id":"1674057200","title":"Finition","description":"","query_type":"product_ids","query_ids":[18758,18762,18765,18767,18774],"default_option_id":"","thumbnail_id":"","thumbnail_src":"","quantity_min":1,"quantity_max":1,"priced_individually":false,"shipped_individually":false,"optional":true,"discount":"","options_style":"radios","pagination_style":"classic","display_prices":"absolute","show_sorting_options":false,"show_filtering_options":false,"attribute_filter_ids":[],"product_title_visible":false,"product_descr_visible":false,"product_price_visible":false,"product_thumb_visible":false,"subtotal_visible_product":false,"subtotal_visible_cart":false,"subtotal_visible_orders":false},{"id":"1674057201","title":"CRI-CCT","description":"","query_type":"product_ids","query_ids":[18653,18631,18632,18633],"default_option_id":"","thumbnail_id":"","thumbnail_src":"","quantity_min":1,"quantity_max":1,"priced_individually":false,"shipped_individually":false,"optional":true,"discount":"","options_style":"radios","pagination_style":"classic","display_prices":"absolute","show_sorting_options":false,"show_filtering_options":false,"attribute_filter_ids":[],"product_title_visible":false,"product_descr_visible":false,"product_price_visible":false,"product_thumb_visible":false,"subtotal_visible_product":false,"subtotal_visible_cart":false,"subtotal_visible_orders":false},{"id":"1674057202","title":"Optique","description":"","query_type":"product_ids","query_ids":[18911,18855,18885,18929,18917,18856,18886,18930],"default_option_id":"","thumbnail_id":"","thumbnail_src":"","quantity_min":1,"quantity_max":1,"priced_individually":false,"shipped_individually":false,"optional":true,"discount":"","options_style":"radios","pagination_style":"classic","display_prices":"absolute","show_sorting_options":false,"show_filtering_options":false,"attribute_filter_ids":[],"product_title_visible":false,"product_descr_visible":false,"product_price_visible":false,"product_thumb_visible":false,"subtotal_visible_product":false,"subtotal_visible_cart":false,"subtotal_visible_orders":false},{"id":"1674057203","title":"Accessoires optiques primaires","description":"","query_type":"product_ids","query_ids":[18388],"default_option_id":"","thumbnail_id":"","thumbnail_src":"","quantity_min":1,"quantity_max":1,"priced_individually":false,"shipped_individually":false,"optional":true,"discount":"","options_style":"radios","pagination_style":"classic","display_prices":"absolute","show_sorting_options":false,"show_filtering_options":false,"attribute_filter_ids":[],"product_title_visible":false,"product_descr_visible":false,"product_price_visible":false,"product_thumb_visible":false,"subtotal_visible_product":false,"subtotal_visible_cart":false,"subtotal_visible_orders":false},{"id":"1675701946","title":"Accessoires secondaires","description":"","query_type":"product_ids","query_ids":[41018],"default_option_id":41018,"thumbnail_id":"","thumbnail_src":"","quantity_min":1,"quantity_max":1,"priced_individually":false,"shipped_individually":false,"optional":false,"discount":"","options_style":"radios","pagination_style":"classic","display_prices":"absolute","show_sorting_options":false,"show_filtering_options":false,"attribute_filter_ids":[],"product_title_visible":false,"product_descr_visible":true,"product_price_visible":false,"product_thumb_visible":false,"subtotal_visible_product":false,"subtotal_visible_cart":false,"subtotal_visible_orders":false},{"id":"1675701947","title":" ","description":"","query_type":"product_ids","query_ids":[41039],"default_option_id":41039,"thumbnail_id":"","thumbnail_src":"","quantity_min":1,"quantity_max":1,"priced_individually":false,"shipped_individually":false,"optional":false,"discount":"","options_style":"radios","pagination_style":"classic","display_prices":"absolute","show_sorting_options":false,"show_filtering_options":false,"attribute_filter_ids":[],"product_title_visible":false,"product_descr_visible":true,"product_price_visible":false,"product_thumb_visible":false,"subtotal_visible_product":false,"subtotal_visible_cart":false,"subtotal_visible_orders":false},{"id":"1675702046","title":"S\u00e9lectionnez pour activer l&#039;anneau","description":"","query_type":"product_ids","query_ids":[7634],"default_option_id":"","thumbnail_id":"","thumbnail_src":"","quantity_min":1,"quantity_max":1,"priced_individually":false,"shipped_individually":false,"optional":true,"discount":"","options_style":"radios","pagination_style":"classic","display_prices":"absolute","show_sorting_options":false,"show_filtering_options":false,"attribute_filter_ids":[],"product_title_visible":false,"product_descr_visible":false,"product_price_visible":false,"product_thumb_visible":false,"subtotal_visible_product":false,"subtotal_visible_cart":false,"subtotal_visible_orders":false},{"id":"1675702047","title":" ","description":"","query_type":"product_ids","query_ids":[41692],"default_option_id":41692,"thumbnail_id":"","thumbnail_src":"","quantity_min":1,"quantity_max":1,"priced_individually":false,"shipped_individually":false,"optional":false,"discount":"","options_style":"radios","pagination_style":"classic","display_prices":"absolute","show_sorting_options":false,"show_filtering_options":false,"attribute_filter_ids":[],"product_title_visible":false,"product_descr_visible":true,"product_price_visible":false,"product_thumb_visible":true,"subtotal_visible_product":false,"subtotal_visible_cart":false,"subtotal_visible_orders":false},{"id":"1675701948","title":"Connecteurs","description":"","query_type":"product_ids","query_ids":[33021],"default_option_id":33021,"thumbnail_id":"","thumbnail_src":"","quantity_min":1,"quantity_max":1,"priced_individually":false,"shipped_individually":false,"optional":false,"discount":"","options_style":"radios","pagination_style":"classic","display_prices":"absolute","show_sorting_options":false,"show_filtering_options":false,"attribute_filter_ids":[],"product_title_visible":false,"product_descr_visible":true,"product_price_visible":false,"product_thumb_visible":false,"subtotal_visible_product":false,"subtotal_visible_cart":false,"subtotal_visible_orders":false}],"composite_scenarios":[{"id":"1674057304","name":"7w","description":"","configuration":[{"component_id":"1674057198","options_modifier":"in","component_options":[19043]}],"actions":[{"action_id":"compat_group","is_active":false},{"action_id":"conditional_components","is_active":false,"hidden_components":[]},{"action_id":"conditional_options","is_active":true,"hidden_options":[{"component_id":"1674057202","component_options":[18917,18856,18886,18930],"options_modifier":"in"}]}],"enabled":true},{"id":"1674057305","name":"13w","description":"","configuration":[{"component_id":"1674057198","options_modifier":"in","component_options":[19169]}],"actions":[{"action_id":"compat_group","is_active":false},{"action_id":"conditional_components","is_active":false,"hidden_components":[]},{"action_id":"conditional_options","is_active":true,"hidden_options":[{"component_id":"1674057202","component_options":[18911,18855,18885,18929],"options_modifier":"in"}]}],"enabled":true},{"id":"1674057306","name":"ottica 7w no SPOT","description":"","configuration":[{"component_id":"1674057202","options_modifier":"in","component_options":[18855,18885,18929]}],"actions":[{"action_id":"compat_group","is_active":false},{"action_id":"conditional_components","is_active":true,"hidden_components":["1675701947"]},{"action_id":"conditional_options","is_active":true,"hidden_options":[{"component_id":"1674057198","component_options":[19169],"options_modifier":"in"},{"component_id":"1675701947","component_options":[-1],"options_modifier":"not-in"}]}],"enabled":true},{"id":"1682066134","name":"ottica 7w SPOT","description":"","configuration":[{"component_id":"1674057202","options_modifier":"in","component_options":[18911]}],"actions":[{"action_id":"compat_group","is_active":false},{"action_id":"conditional_components","is_active":false,"hidden_components":[]},{"action_id":"conditional_options","is_active":true,"hidden_options":[{"component_id":"1674057198","component_options":[19169],"options_modifier":"in"}]}],"enabled":true},{"id":"1674057307","name":"ottica 13w no SPOT","description":"","configuration":[{"component_id":"1674057202","options_modifier":"in","component_options":[18856,18886,18930]}],"actions":[{"action_id":"compat_group","is_active":false},{"action_id":"conditional_components","is_active":true,"hidden_components":["1675701947"]},{"action_id":"conditional_options","is_active":true,"hidden_options":[{"component_id":"1674057198","component_options":[19043],"options_modifier":"in"},{"component_id":"1675701947","component_options":[-1],"options_modifier":"not-in"}]}],"enabled":true},{"id":"1682066135","name":"ottica 13w SPOT","description":"","configuration":[{"component_id":"1674057202","options_modifier":"in","component_options":[18917]}],"actions":[{"action_id":"compat_group","is_active":false},{"action_id":"conditional_components","is_active":false,"hidden_components":[]},{"action_id":"conditional_options","is_active":true,"hidden_options":[{"component_id":"1674057198","component_options":[19043],"options_modifier":"in"}]}],"enabled":true},{"id":"1675702112","name":"no anello","description":"","configuration":[{"component_id":"1675702046","options_modifier":"in","component_options":[-1]}],"actions":[{"action_id":"compat_group","is_active":false},{"action_id":"conditional_components","is_active":true,"hidden_components":["1675702047"]},{"action_id":"conditional_options","is_active":true,"hidden_options":[{"component_id":"1675702047","component_options":[-1],"options_modifier":"not-in"}]}],"enabled":true}],"bundled_by":[],"bundle_stock_status":"instock","bundle_stock_quantity":null,"bundle_virtual":false,"bundle_layout":"","bundle_add_to_cart_form_location":"","bundle_editable_in_cart":false,"bundle_sold_individually_context":"","bundle_item_grouping":"","bundle_min_size":"","bundle_max_size":"","bundled_items":[],"bundle_sell_ids":[],"acf":[],"yoast_head":"<!-- This site is optimized with the Yoast SEO plugin v27.5 - https:\/\/yoast.com\/product\/yoast-seo-wordpress\/ -->\n<title>Wolf Projecteur Base | Exenia<\/title>\n<meta name=\"robots\" content=\"noindex, follow, max-snippet:-1, max-image-preview:large, max-video-preview:-1\" \/>\n<meta property=\"og:locale\" content=\"fr_FR\" \/>\n<meta property=\"og:type\" content=\"article\" \/>\n<meta property=\"og:title\" content=\"Wolf Projecteur Base | Exenia\" \/>\n<meta property=\"og:description\" content=\"Projecteur de base avec source lumineuse LED, corps en aluminium...\" \/>\n<meta property=\"og:url\" content=\"https:\/\/restyling.exenia.eu\/fr\/produit\/wolf-projecteur-base\/\" \/>\n<meta property=\"og:site_name\" content=\"Exenia\" \/>\n<meta property=\"article:publisher\" content=\"https:\/\/www.facebook.com\/exenialighting\" \/>\n<meta property=\"article:modified_time\" content=\"2023-06-13T12:39:42+00:00\" \/>\n<meta property=\"og:image\" content=\"https:\/\/restyling.exenia.eu\/wp-content\/uploads\/2023\/01\/Wolf-base-prodotto.jpg\" \/>\n\t<meta property=\"og:image:width\" content=\"2000\" \/>\n\t<meta property=\"og:image:height\" content=\"1919\" \/>\n\t<meta property=\"og:image:type\" content=\"image\/jpeg\" \/>\n<!-- \/ Yoast SEO plugin. -->","yoast_head_json":{"title":"Wolf Projecteur Base | Exenia","robots":{"index":"noindex","follow":"follow","max-snippet":"max-snippet:-1","max-image-preview":"max-image-preview:large","max-video-preview":"max-video-preview:-1"},"og_locale":"fr_FR","og_type":"article","og_title":"Wolf Projecteur Base | Exenia","og_description":"Projecteur de base avec source lumineuse LED, corps en aluminium...","og_url":"https:\/\/restyling.exenia.eu\/fr\/produit\/wolf-projecteur-base\/","og_site_name":"Exenia","article_publisher":"https:\/\/www.facebook.com\/exenialighting","article_modified_time":"2023-06-13T12:39:42+00:00","og_image":[{"width":2000,"height":1919,"url":"https:\/\/restyling.exenia.eu\/wp-content\/uploads\/2023\/01\/Wolf-base-prodotto.jpg","type":"image\/jpeg"}],"schema":{"@context":"https:\/\/schema.org","@graph":[{"@type":"WebPage","@id":"https:\/\/restyling.exenia.eu\/fr\/produit\/wolf-projecteur-base\/","url":"https:\/\/restyling.exenia.eu\/fr\/produit\/wolf-projecteur-base\/","name":"Wolf Projecteur Base | Exenia","isPartOf":{"@id":"https:\/\/restyling.exenia.eu\/#website"},"primaryImageOfPage":{"@id":"https:\/\/restyling.exenia.eu\/fr\/produit\/wolf-projecteur-base\/#primaryimage"},"image":{"@id":"https:\/\/restyling.exenia.eu\/fr\/produit\/wolf-projecteur-base\/#primaryimage"},"thumbnailUrl":"https:\/\/restyling.exenia.eu\/wp-content\/uploads\/2023\/01\/Wolf-base-prodotto.jpg","datePublished":"2022-11-24T08:51:46+00:00","dateModified":"2023-06-13T12:39:42+00:00","breadcrumb":{"@id":"https:\/\/restyling.exenia.eu\/fr\/produit\/wolf-projecteur-base\/#breadcrumb"},"inLanguage":"fr-FR","potentialAction":[{"@type":"ReadAction","target":["https:\/\/restyling.exenia.eu\/fr\/produit\/wolf-projecteur-base\/"]}]},{"@type":"ImageObject","inLanguage":"fr-FR","@id":"https:\/\/restyling.exenia.eu\/fr\/produit\/wolf-projecteur-base\/#primaryimage","url":"https:\/\/restyling.exenia.eu\/wp-content\/uploads\/2023\/01\/Wolf-base-prodotto.jpg","contentUrl":"https:\/\/restyling.exenia.eu\/wp-content\/uploads\/2023\/01\/Wolf-base-prodotto.jpg","width":2000,"height":1919},{"@type":"BreadcrumbList","@id":"https:\/\/restyling.exenia.eu\/fr\/produit\/wolf-projecteur-base\/#breadcrumb","itemListElement":[{"@type":"ListItem","position":1,"name":"Home","item":"https:\/\/restyling.exenia.eu\/"},{"@type":"ListItem","position":2,"name":"Produits","item":"https:\/\/restyling.exenia.eu\/prodotti\/"},{"@type":"ListItem","position":3,"name":"Outdoor","item":"https:\/\/restyling.exenia.eu\/fr\/c\/outdoor\/"},{"@type":"ListItem","position":4,"name":"Projecteurs","item":"https:\/\/restyling.exenia.eu\/fr\/c\/outdoor\/projecteurs\/"},{"@type":"ListItem","position":5,"name":"Wolf","item":"https:\/\/restyling.exenia.eu\/c\/outdoor\/proiettori-a-base-outdoor\/wolf\/"},{"@type":"ListItem","position":6,"name":"Wolf Projecteur Base"}]},{"@type":"WebSite","@id":"https:\/\/restyling.exenia.eu\/#website","url":"https:\/\/restyling.exenia.eu\/","name":"Exenia","description":"","publisher":{"@id":"https:\/\/restyling.exenia.eu\/#organization"},"potentialAction":[{"@type":"SearchAction","target":{"@type":"EntryPoint","urlTemplate":"https:\/\/restyling.exenia.eu\/?s={search_term_string}"},"query-input":{"@type":"PropertyValueSpecification","valueRequired":true,"valueName":"search_term_string"}}],"inLanguage":"fr-FR"},{"@type":"Organization","@id":"https:\/\/restyling.exenia.eu\/#organization","name":"Exenia","url":"https:\/\/restyling.exenia.eu\/","logo":{"@type":"ImageObject","inLanguage":"fr-FR","@id":"https:\/\/restyling.exenia.eu\/#\/schema\/logo\/image\/","url":"https:\/\/restyling.exenia.eu\/wp-content\/uploads\/2022\/09\/logo_exenia-e1678467519405.png","contentUrl":"https:\/\/restyling.exenia.eu\/wp-content\/uploads\/2022\/09\/logo_exenia-e1678467519405.png","width":600,"height":194,"caption":"Exenia"},"image":{"@id":"https:\/\/restyling.exenia.eu\/#\/schema\/logo\/image\/"},"sameAs":["https:\/\/www.facebook.com\/exenialighting","https:\/\/x.com\/ExeniaLighting"]}]}},"_links":{"self":[{"href":"https:\/\/restyling.exenia.eu\/fr\/wp-json\/wp\/v2\/product\/27713","targetHints":{"allow":["GET"]}}],"collection":[{"href":"https:\/\/restyling.exenia.eu\/fr\/wp-json\/wp\/v2\/product"}],"about":[{"href":"https:\/\/restyling.exenia.eu\/fr\/wp-json\/wp\/v2\/types\/product"}],"wp:featuredmedia":[{"embeddable":true,"href":"https:\/\/restyling.exenia.eu\/fr\/wp-json\/wp\/v2\/media\/24242"}],"wp:attachment":[{"href":"https:\/\/restyling.exenia.eu\/fr\/wp-json\/wp\/v2\/media?parent=27713"}],"wp:term":[{"taxonomy":"product_brand","embeddable":true,"href":"https:\/\/restyling.exenia.eu\/fr\/wp-json\/wp\/v2\/product_brand?post=27713"},{"taxonomy":"product_cat","embeddable":true,"href":"https:\/\/restyling.exenia.eu\/fr\/wp-json\/wp\/v2\/product_cat?post=27713"},{"taxonomy":"product_tag","embeddable":true,"href":"https:\/\/restyling.exenia.eu\/fr\/wp-json\/wp\/v2\/product_tag?post=27713"},{"taxonomy":"categoria-admin-prodotto","embeddable":true,"href":"https:\/\/restyling.exenia.eu\/fr\/wp-json\/wp\/v2\/categoria-admin-prodotto?post=27713"}],"curies":[{"name":"wp","href":"https:\/\/api.w.org\/{rel}","templated":true}]}}