{"id":52667,"date":"2024-06-25T09:48:17","date_gmt":"2024-06-25T07:48:17","guid":{"rendered":"https:\/\/www.exenia.eu\/?post_type=product&#038;p=52667"},"modified":"2024-07-29T16:05:04","modified_gmt":"2024-07-29T14:05:04","slug":"metrix","status":"publish","type":"product","link":"https:\/\/restyling.exenia.eu\/fr\/produit\/metrix\/","title":{"rendered":"Metrix"},"content":{"rendered":"<p>Projecteurs lin\u00e9aires \u00e0 alimentation par courant en aluminium extrud\u00e9 avec pilote d\u00e9port\u00e9, disponibles en quatre longueurs et trois puissances.<\/p>\n<p>Les nouveaux syst\u00e8mes optiques Microflat garantissent un rendement \u00e9lev\u00e9, une tr\u00e8s grande pr\u00e9cision du faisceau dans les formes contenues et des facteurs d&rsquo;\u00e9blouissement tr\u00e8s faibles.<\/p>\n<p>D\u00e9di\u00e9s \u00e0 la conception professionnelle, ils sont disponibles en deux angles de faisceau sym\u00e9triques, une rondelle rasante asym\u00e9trique et un faisceau large transversal sp\u00e9cifique dans trois gammes de puissance avec des rendements de 1300Lm\/m, 2600Lm\/m et 3800Lm\/m.<\/p>\n<p>La gamme compl\u00e8te d&rsquo;accessoires permet des installations au plafond, en corniche, sur \u00e9tag\u00e8re et r\u00e9glables.<\/p>\n<p><a href=\"https:\/\/restyling.exenia.eu\/wp-content\/uploads\/2023\/04\/METRIX-FR-min.pdf\"><img fetchpriority=\"high\" decoding=\"async\" class=\"alignnone size-medium wp-image-57352\" src=\"https:\/\/restyling.exenia.eu\/wp-content\/uploads\/2024\/07\/METRIX-COVER-4-212x300.jpg\" alt=\"\" width=\"212\" height=\"300\" srcset=\"https:\/\/restyling.exenia.eu\/wp-content\/uploads\/2024\/07\/METRIX-COVER-4-212x300.jpg 212w, https:\/\/restyling.exenia.eu\/wp-content\/uploads\/2024\/07\/METRIX-COVER-4-725x1024.jpg 725w, https:\/\/restyling.exenia.eu\/wp-content\/uploads\/2024\/07\/METRIX-COVER-4-768x1085.jpg 768w, https:\/\/restyling.exenia.eu\/wp-content\/uploads\/2024\/07\/METRIX-COVER-4.jpg 903w\" sizes=\"(max-width: 212px) 100vw, 212px\" \/><\/a><\/p>\n","protected":false},"excerpt":{"rendered":"<p>Projecteurs lin\u00e9aires \u00e0 alimentation par courant en aluminium extrud\u00e9 avec&#8230;<\/p>\n","protected":false},"featured_media":56006,"template":"","meta":{"_acf_changed":false},"product_brand":[],"product_cat":[6496],"product_tag":[6662,6668,6669,6673],"categoria-admin-prodotto":[],"class_list":{"0":"post-52667","1":"product","2":"type-product","3":"status-publish","4":"has-post-thumbnail","6":"product_cat-metrix-fr","7":"product_tag-72440-fr","8":"product_tag-72441-fr","9":"product_tag-72442-fr","10":"product_tag-72443-fr","11":"pa_alimentazione-cc-fr","12":"pa_cct-2700k-fr","13":"pa_cct-3000k-fr","14":"pa_cct-3500k-fr","15":"pa_cct-4000k-fr","16":"pa_certificazione-conformita-ce-fr","17":"pa_classe-f-oui","18":"pa_cri-92-fr","19":"pa_cri-98-fr","20":"pa_grado-ip-ip40-fr","21":"pa_lifetime-l80b10-150-000-h-fr","22":"pa_temperatura-di-esercizio-10-35-fr","24":"first","25":"instock","26":"virtual","27":"purchasable","28":"product-type-composite"},"composite_virtual":false,"composite_layout":"single","composite_add_to_cart_form_location":"default","composite_editable_in_cart":false,"composite_sold_individually_context":"product","composite_shop_price_calc":"defaults","composite_components":[{"id":"1717691996","title":"Housing body","description":"","query_type":"product_ids","query_ids":[52647],"default_option_id":52647,"thumbnail_id":"","thumbnail_src":"","quantity_min":1,"quantity_max":1,"priced_individually":false,"shipped_individually":true,"optional":false,"discount":"","options_style":"radios","pagination_style":"classic","display_prices":"absolute","show_sorting_options":false,"show_filtering_options":false,"attribute_filter_ids":[],"product_title_visible":false,"product_descr_visible":false,"product_price_visible":false,"product_thumb_visible":false,"subtotal_visible_product":false,"subtotal_visible_cart":false,"subtotal_visible_orders":false},{"id":"1717691997","title":"Dimension","description":"","query_type":"product_ids","query_ids":[52654,52659,53270,53274],"default_option_id":"","thumbnail_id":"","thumbnail_src":"","quantity_min":1,"quantity_max":1,"priced_individually":false,"shipped_individually":true,"optional":true,"discount":"","options_style":"radios","pagination_style":"classic","display_prices":"absolute","show_sorting_options":false,"show_filtering_options":false,"attribute_filter_ids":[],"product_title_visible":false,"product_descr_visible":false,"product_price_visible":false,"product_thumb_visible":false,"subtotal_visible_product":false,"subtotal_visible_cart":false,"subtotal_visible_orders":false},{"id":"1719850285","title":"Output","description":"","query_type":"product_ids","query_ids":[54007,54011,54015],"default_option_id":"","thumbnail_id":"","thumbnail_src":"","quantity_min":1,"quantity_max":1,"priced_individually":false,"shipped_individually":true,"optional":true,"discount":"","options_style":"radios","pagination_style":"classic","display_prices":"absolute","show_sorting_options":false,"show_filtering_options":false,"attribute_filter_ids":[],"product_title_visible":false,"product_descr_visible":false,"product_price_visible":false,"product_thumb_visible":false,"subtotal_visible_product":false,"subtotal_visible_cart":false,"subtotal_visible_orders":false},{"id":"1717691998","title":"Control","description":"","query_type":"product_ids","query_ids":[18493],"default_option_id":18493,"thumbnail_id":"","thumbnail_src":"","quantity_min":1,"quantity_max":1,"priced_individually":false,"shipped_individually":true,"optional":false,"discount":"","options_style":"radios","pagination_style":"classic","display_prices":"absolute","show_sorting_options":false,"show_filtering_options":false,"attribute_filter_ids":[],"product_title_visible":false,"product_descr_visible":false,"product_price_visible":false,"product_thumb_visible":false,"subtotal_visible_product":false,"subtotal_visible_cart":false,"subtotal_visible_orders":false},{"id":"1717691999","title":"Finish","description":"","query_type":"product_ids","query_ids":[18774,53399,18749],"default_option_id":"","thumbnail_id":"","thumbnail_src":"","quantity_min":1,"quantity_max":1,"priced_individually":false,"shipped_individually":true,"optional":true,"discount":"","options_style":"radios","pagination_style":"classic","display_prices":"absolute","show_sorting_options":false,"show_filtering_options":false,"attribute_filter_ids":[],"product_title_visible":false,"product_descr_visible":false,"product_price_visible":false,"product_thumb_visible":false,"subtotal_visible_product":false,"subtotal_visible_cart":false,"subtotal_visible_orders":false},{"id":"1717692000","title":"CRI-CCT","description":"","query_type":"product_ids","query_ids":[18627,18628,18630,18629,18637,18638,18640,18639],"default_option_id":"","thumbnail_id":"","thumbnail_src":"","quantity_min":1,"quantity_max":1,"priced_individually":false,"shipped_individually":true,"optional":true,"discount":"","options_style":"radios","pagination_style":"classic","display_prices":"absolute","show_sorting_options":false,"show_filtering_options":false,"attribute_filter_ids":[],"product_title_visible":false,"product_descr_visible":false,"product_price_visible":false,"product_thumb_visible":false,"subtotal_visible_product":false,"subtotal_visible_cart":false,"subtotal_visible_orders":false},{"id":"1717692001","title":"Optic","description":"","query_type":"product_ids","query_ids":[54065,54069,55453,53296],"default_option_id":"","thumbnail_id":"","thumbnail_src":"","quantity_min":1,"quantity_max":1,"priced_individually":false,"shipped_individually":true,"optional":true,"discount":"","options_style":"radios","pagination_style":"classic","display_prices":"absolute","show_sorting_options":false,"show_filtering_options":false,"attribute_filter_ids":[],"product_title_visible":false,"product_descr_visible":false,"product_price_visible":false,"product_thumb_visible":false,"subtotal_visible_product":false,"subtotal_visible_cart":false,"subtotal_visible_orders":false},{"id":"1720100744","title":" ","description":"","query_type":"product_ids","query_ids":[7634],"default_option_id":7634,"thumbnail_id":"","thumbnail_src":"","quantity_min":1,"quantity_max":1,"priced_individually":false,"shipped_individually":true,"optional":false,"discount":"","options_style":"radios","pagination_style":"classic","display_prices":"absolute","show_sorting_options":false,"show_filtering_options":false,"attribute_filter_ids":[],"product_title_visible":false,"product_descr_visible":false,"product_price_visible":false,"product_thumb_visible":false,"subtotal_visible_product":false,"subtotal_visible_cart":false,"subtotal_visible_orders":false},{"id":"1720100745","title":"Kit d&#039;application","description":"","query_type":"product_ids","query_ids":[54389,54390,54391],"default_option_id":"","thumbnail_id":"","thumbnail_src":"","quantity_min":1,"quantity_max":1,"priced_individually":false,"shipped_individually":true,"optional":true,"discount":"","options_style":"radios","pagination_style":"classic","display_prices":"absolute","show_sorting_options":false,"show_filtering_options":false,"attribute_filter_ids":[],"product_title_visible":false,"product_descr_visible":true,"product_price_visible":false,"product_thumb_visible":true,"subtotal_visible_product":false,"subtotal_visible_cart":false,"subtotal_visible_orders":false},{"id":"1720110432","title":" ","description":"","query_type":"product_ids","query_ids":[7634],"default_option_id":7634,"thumbnail_id":"","thumbnail_src":"","quantity_min":1,"quantity_max":1,"priced_individually":false,"shipped_individually":true,"optional":false,"discount":"","options_style":"radios","pagination_style":"classic","display_prices":"absolute","show_sorting_options":false,"show_filtering_options":false,"attribute_filter_ids":[],"product_title_visible":false,"product_descr_visible":false,"product_price_visible":false,"product_thumb_visible":false,"subtotal_visible_product":false,"subtotal_visible_cart":false,"subtotal_visible_orders":false},{"id":"1720108503","title":"Driver d\u00e9port\u00e9","description":"","query_type":"product_ids","query_ids":[54534],"default_option_id":54534,"thumbnail_id":"","thumbnail_src":"","quantity_min":1,"quantity_max":1,"priced_individually":false,"shipped_individually":true,"optional":false,"discount":"","options_style":"radios","pagination_style":"classic","display_prices":"absolute","show_sorting_options":false,"show_filtering_options":false,"attribute_filter_ids":[],"product_title_visible":false,"product_descr_visible":false,"product_price_visible":false,"product_thumb_visible":true,"subtotal_visible_product":false,"subtotal_visible_cart":false,"subtotal_visible_orders":false},{"id":"1721310327","title":"Puissance","description":"","query_type":"product_ids","query_ids":[56802,56794,56798,56806,13700,56810,56814,56818,55392,56822,56826,56830],"default_option_id":"","thumbnail_id":"","thumbnail_src":"","quantity_min":1,"quantity_max":1,"priced_individually":false,"shipped_individually":true,"optional":true,"discount":"","options_style":"radios","pagination_style":"classic","display_prices":"absolute","show_sorting_options":false,"show_filtering_options":false,"attribute_filter_ids":[],"product_title_visible":false,"product_descr_visible":false,"product_price_visible":false,"product_thumb_visible":false,"subtotal_visible_product":false,"subtotal_visible_cart":false,"subtotal_visible_orders":false}],"composite_scenarios":[{"id":"1721062456","name":"360 - 1300lm\/mt","description":"","configuration":[{"component_id":"1717691997","options_modifier":"in","component_options":[52654]},{"component_id":"1719850285","options_modifier":"in","component_options":[54007]}],"actions":[{"action_id":"compat_group","is_active":false},{"action_id":"conditional_components","is_active":false,"hidden_components":[]},{"action_id":"conditional_options","is_active":true,"hidden_options":[{"component_id":"1720108503","component_options":[-1,54615,54607,54574,54546],"options_modifier":"not-in"},{"component_id":"1721310327","component_options":[-1,56802],"options_modifier":"not-in"}]}],"enabled":true},{"id":"1721062553","name":"360 - 2600lm\/mt","description":"","configuration":[{"component_id":"1717691997","options_modifier":"in","component_options":[52654]},{"component_id":"1719850285","options_modifier":"in","component_options":[54011]}],"actions":[{"action_id":"compat_group","is_active":false},{"action_id":"conditional_components","is_active":false,"hidden_components":[]},{"action_id":"conditional_options","is_active":true,"hidden_options":[{"component_id":"1720108503","component_options":[-1,54616,54608,54592,54576,54562,54548],"options_modifier":"not-in"},{"component_id":"1721310327","component_options":[-1,56794],"options_modifier":"not-in"}]}],"enabled":true},{"id":"1721062802","name":"360 - 3800lm\/mt","description":"","configuration":[{"component_id":"1717691997","options_modifier":"in","component_options":[52654]},{"component_id":"1719850285","options_modifier":"in","component_options":[54015]}],"actions":[{"action_id":"compat_group","is_active":false},{"action_id":"conditional_components","is_active":false,"hidden_components":[]},{"action_id":"conditional_options","is_active":true,"hidden_options":[{"component_id":"1720108503","component_options":[-1,54617,54609,54594,54578,54564,54550],"options_modifier":"not-in"},{"component_id":"1721310327","component_options":[-1,56798],"options_modifier":"not-in"}]}],"enabled":true},{"id":"1721062803","name":"720 - 1300lm\/mt","description":"","configuration":[{"component_id":"1717691997","options_modifier":"in","component_options":[52659]},{"component_id":"1719850285","options_modifier":"in","component_options":[54007]}],"actions":[{"action_id":"compat_group","is_active":false},{"action_id":"conditional_components","is_active":false,"hidden_components":[]},{"action_id":"conditional_options","is_active":true,"hidden_options":[{"component_id":"1720108503","component_options":[-1,54616,54608,54592,54576,54562,54548],"options_modifier":"not-in"},{"component_id":"1721310327","component_options":[-1,56806],"options_modifier":"not-in"}]}],"enabled":true},{"id":"1721063750","name":"720 - 2600lm\/mt","description":"","configuration":[{"component_id":"1717691997","options_modifier":"in","component_options":[52659]},{"component_id":"1719850285","options_modifier":"in","component_options":[54011]}],"actions":[{"action_id":"compat_group","is_active":false},{"action_id":"conditional_components","is_active":false,"hidden_components":[]},{"action_id":"conditional_options","is_active":true,"hidden_options":[{"component_id":"1720108503","component_options":[-1,54618,54610,54596,54580,54566,54552],"options_modifier":"not-in"},{"component_id":"1721310327","component_options":[-1,13700],"options_modifier":"not-in"}]}],"enabled":true},{"id":"1721063751","name":"720 - 3800lm\/mt","description":"","configuration":[{"component_id":"1717691997","options_modifier":"in","component_options":[52659]},{"component_id":"1719850285","options_modifier":"in","component_options":[54015]}],"actions":[{"action_id":"compat_group","is_active":false},{"action_id":"conditional_components","is_active":false,"hidden_components":[]},{"action_id":"conditional_options","is_active":true,"hidden_options":[{"component_id":"1720108503","component_options":[-1,54619,54611,54598,54582,54567,54555],"options_modifier":"not-in"},{"component_id":"1721310327","component_options":[-1,56810],"options_modifier":"not-in"}]}],"enabled":true},{"id":"1721063752","name":"1080 - 1300lm\/mt","description":"","configuration":[{"component_id":"1717691997","options_modifier":"in","component_options":[53270]},{"component_id":"1719850285","options_modifier":"in","component_options":[54007]}],"actions":[{"action_id":"compat_group","is_active":false},{"action_id":"conditional_components","is_active":false,"hidden_components":[]},{"action_id":"conditional_options","is_active":true,"hidden_options":[{"component_id":"1720108503","component_options":[-1,54617,54609,54594,54578,54564,54550],"options_modifier":"not-in"},{"component_id":"1721310327","component_options":[-1,56814],"options_modifier":"not-in"}]}],"enabled":true},{"id":"1721063753","name":"1080 - 2600lm\/mt","description":"","configuration":[{"component_id":"1717691997","options_modifier":"in","component_options":[53270]},{"component_id":"1719850285","options_modifier":"in","component_options":[54011]}],"actions":[{"action_id":"compat_group","is_active":false},{"action_id":"conditional_components","is_active":false,"hidden_components":[]},{"action_id":"conditional_options","is_active":true,"hidden_options":[{"component_id":"1720108503","component_options":[-1,54619,54611,54598,54582,54567,54555],"options_modifier":"not-in"},{"component_id":"1721310327","component_options":[-1,56818],"options_modifier":"not-in"}]}],"enabled":true},{"id":"1721063754","name":"1080 - 3800lm\/mt","description":"","configuration":[{"component_id":"1717691997","options_modifier":"in","component_options":[53270]},{"component_id":"1719850285","options_modifier":"in","component_options":[54015]}],"actions":[{"action_id":"compat_group","is_active":false},{"action_id":"conditional_components","is_active":false,"hidden_components":[]},{"action_id":"conditional_options","is_active":true,"hidden_options":[{"component_id":"1720108503","component_options":[-1,54621,54612,54600,54584,54569,54556],"options_modifier":"not-in"},{"component_id":"1721310327","component_options":[-1,55392],"options_modifier":"not-in"}]}],"enabled":true},{"id":"1721063755","name":"1440 - 1300lm\/mt","description":"","configuration":[{"component_id":"1717691997","options_modifier":"in","component_options":[53274]},{"component_id":"1719850285","options_modifier":"in","component_options":[54007]}],"actions":[{"action_id":"compat_group","is_active":false},{"action_id":"conditional_components","is_active":false,"hidden_components":[]},{"action_id":"conditional_options","is_active":true,"hidden_options":[{"component_id":"1720108503","component_options":[-1,54618,54610,54596,54580,54566,54552],"options_modifier":"not-in"},{"component_id":"1721310327","component_options":[-1,56822],"options_modifier":"not-in"}]}],"enabled":true},{"id":"1721063756","name":"1440 - 2600lm\/mt","description":"","configuration":[{"component_id":"1717691997","options_modifier":"in","component_options":[53274]},{"component_id":"1719850285","options_modifier":"in","component_options":[54011]}],"actions":[{"action_id":"compat_group","is_active":false},{"action_id":"conditional_components","is_active":false,"hidden_components":[]},{"action_id":"conditional_options","is_active":true,"hidden_options":[{"component_id":"1720108503","component_options":[-1,54622,54613,54602,54586,54572,54558],"options_modifier":"not-in"},{"component_id":"1721310327","component_options":[-1,56826],"options_modifier":"not-in"}]}],"enabled":true},{"id":"1721063757","name":"1440 - 3800lm\/mt","description":"","configuration":[{"component_id":"1717691997","options_modifier":"in","component_options":[53274]},{"component_id":"1719850285","options_modifier":"in","component_options":[54015]}],"actions":[{"action_id":"compat_group","is_active":false},{"action_id":"conditional_components","is_active":false,"hidden_components":[]},{"action_id":"conditional_options","is_active":true,"hidden_options":[{"component_id":"1720108503","component_options":[-1,54624,54614,54605,54588,54560],"options_modifier":"not-in"},{"component_id":"1721310327","component_options":[-1,56830],"options_modifier":"not-in"}]}],"enabled":true},{"id":"1721295377","name":"no output ","description":"","configuration":[{"component_id":"1719850285","options_modifier":"in","component_options":[-1]}],"actions":[{"action_id":"compat_group","is_active":false},{"action_id":"conditional_components","is_active":false,"hidden_components":[]},{"action_id":"conditional_options","is_active":true,"hidden_options":[{"component_id":"1720108503","component_options":[-1],"options_modifier":"not-in"},{"component_id":"1721310327","component_options":[-1],"options_modifier":"not-in"}]}],"enabled":true},{"id":"1721309600","name":"no lungh.","description":"","configuration":[{"component_id":"1717691997","options_modifier":"in","component_options":[-1]}],"actions":[{"action_id":"compat_group","is_active":false},{"action_id":"conditional_components","is_active":false,"hidden_components":[]},{"action_id":"conditional_options","is_active":true,"hidden_options":[{"component_id":"1720108503","component_options":[-1],"options_modifier":"not-in"},{"component_id":"1721310327","component_options":[-1],"options_modifier":"not-in"}]}],"enabled":true}],"bundled_by":[],"bundle_stock_status":"instock","bundle_stock_quantity":null,"bundle_virtual":false,"bundle_layout":"","bundle_add_to_cart_form_location":"","bundle_editable_in_cart":false,"bundle_sold_individually_context":"","bundle_item_grouping":"","bundle_min_size":"","bundle_max_size":"","bundled_items":[],"bundle_sell_ids":[],"acf":[],"yoast_head":"<!-- This site is optimized with the Yoast SEO plugin v27.5 - https:\/\/yoast.com\/product\/yoast-seo-wordpress\/ -->\n<title>Metrix | Exenia<\/title>\n<meta name=\"robots\" content=\"noindex, follow, max-snippet:-1, max-image-preview:large, max-video-preview:-1\" \/>\n<meta property=\"og:locale\" content=\"fr_FR\" \/>\n<meta property=\"og:type\" content=\"article\" \/>\n<meta property=\"og:title\" content=\"Metrix | Exenia\" \/>\n<meta property=\"og:description\" content=\"Projecteurs lin\u00e9aires \u00e0 alimentation par courant en aluminium extrud\u00e9 avec...\" \/>\n<meta property=\"og:url\" content=\"https:\/\/restyling.exenia.eu\/fr\/produit\/metrix\/\" \/>\n<meta property=\"og:site_name\" content=\"Exenia\" \/>\n<meta property=\"article:publisher\" content=\"https:\/\/www.facebook.com\/exenialighting\" \/>\n<meta property=\"article:modified_time\" content=\"2024-07-29T14:05:04+00:00\" \/>\n<meta property=\"og:image\" content=\"https:\/\/restyling.exenia.eu\/wp-content\/uploads\/2024\/07\/Metrix-prodotto.jpg\" \/>\n\t<meta property=\"og:image:width\" content=\"2000\" \/>\n\t<meta property=\"og:image:height\" content=\"1919\" \/>\n\t<meta property=\"og:image:type\" content=\"image\/jpeg\" \/>\n<!-- \/ Yoast SEO plugin. -->","yoast_head_json":{"title":"Metrix | Exenia","robots":{"index":"noindex","follow":"follow","max-snippet":"max-snippet:-1","max-image-preview":"max-image-preview:large","max-video-preview":"max-video-preview:-1"},"og_locale":"fr_FR","og_type":"article","og_title":"Metrix | Exenia","og_description":"Projecteurs lin\u00e9aires \u00e0 alimentation par courant en aluminium extrud\u00e9 avec...","og_url":"https:\/\/restyling.exenia.eu\/fr\/produit\/metrix\/","og_site_name":"Exenia","article_publisher":"https:\/\/www.facebook.com\/exenialighting","article_modified_time":"2024-07-29T14:05:04+00:00","og_image":[{"width":2000,"height":1919,"url":"https:\/\/restyling.exenia.eu\/wp-content\/uploads\/2024\/07\/Metrix-prodotto.jpg","type":"image\/jpeg"}],"schema":{"@context":"https:\/\/schema.org","@graph":[{"@type":"WebPage","@id":"https:\/\/restyling.exenia.eu\/fr\/produit\/metrix\/","url":"https:\/\/restyling.exenia.eu\/fr\/produit\/metrix\/","name":"Metrix | Exenia","isPartOf":{"@id":"https:\/\/restyling.exenia.eu\/#website"},"primaryImageOfPage":{"@id":"https:\/\/restyling.exenia.eu\/fr\/produit\/metrix\/#primaryimage"},"image":{"@id":"https:\/\/restyling.exenia.eu\/fr\/produit\/metrix\/#primaryimage"},"thumbnailUrl":"https:\/\/restyling.exenia.eu\/wp-content\/uploads\/2024\/07\/Metrix-prodotto.jpg","datePublished":"2024-06-25T07:48:17+00:00","dateModified":"2024-07-29T14:05:04+00:00","breadcrumb":{"@id":"https:\/\/restyling.exenia.eu\/fr\/produit\/metrix\/#breadcrumb"},"inLanguage":"fr-FR","potentialAction":[{"@type":"ReadAction","target":["https:\/\/restyling.exenia.eu\/fr\/produit\/metrix\/"]}]},{"@type":"ImageObject","inLanguage":"fr-FR","@id":"https:\/\/restyling.exenia.eu\/fr\/produit\/metrix\/#primaryimage","url":"https:\/\/restyling.exenia.eu\/wp-content\/uploads\/2024\/07\/Metrix-prodotto.jpg","contentUrl":"https:\/\/restyling.exenia.eu\/wp-content\/uploads\/2024\/07\/Metrix-prodotto.jpg","width":2000,"height":1919},{"@type":"BreadcrumbList","@id":"https:\/\/restyling.exenia.eu\/fr\/produit\/metrix\/#breadcrumb","itemListElement":[{"@type":"ListItem","position":1,"name":"Home","item":"https:\/\/restyling.exenia.eu\/"},{"@type":"ListItem","position":2,"name":"Produits","item":"https:\/\/restyling.exenia.eu\/prodotti\/"},{"@type":"ListItem","position":3,"name":"Indoor","item":"https:\/\/restyling.exenia.eu\/fr\/c\/indoor\/"},{"@type":"ListItem","position":4,"name":"Suspensions et plafonniers","item":"https:\/\/restyling.exenia.eu\/fr\/c\/indoor\/suspensions-et-plafonniers\/"},{"@type":"ListItem","position":5,"name":"Metrix","item":"https:\/\/restyling.exenia.eu\/c\/indoor\/apparecchi-a-sospensione-plafoniere\/metrix\/"},{"@type":"ListItem","position":6,"name":"Metrix"}]},{"@type":"WebSite","@id":"https:\/\/restyling.exenia.eu\/#website","url":"https:\/\/restyling.exenia.eu\/","name":"Exenia","description":"","publisher":{"@id":"https:\/\/restyling.exenia.eu\/#organization"},"potentialAction":[{"@type":"SearchAction","target":{"@type":"EntryPoint","urlTemplate":"https:\/\/restyling.exenia.eu\/?s={search_term_string}"},"query-input":{"@type":"PropertyValueSpecification","valueRequired":true,"valueName":"search_term_string"}}],"inLanguage":"fr-FR"},{"@type":"Organization","@id":"https:\/\/restyling.exenia.eu\/#organization","name":"Exenia","url":"https:\/\/restyling.exenia.eu\/","logo":{"@type":"ImageObject","inLanguage":"fr-FR","@id":"https:\/\/restyling.exenia.eu\/#\/schema\/logo\/image\/","url":"https:\/\/restyling.exenia.eu\/wp-content\/uploads\/2022\/09\/logo_exenia-e1678467519405.png","contentUrl":"https:\/\/restyling.exenia.eu\/wp-content\/uploads\/2022\/09\/logo_exenia-e1678467519405.png","width":600,"height":194,"caption":"Exenia"},"image":{"@id":"https:\/\/restyling.exenia.eu\/#\/schema\/logo\/image\/"},"sameAs":["https:\/\/www.facebook.com\/exenialighting","https:\/\/x.com\/ExeniaLighting"]}]}},"_links":{"self":[{"href":"https:\/\/restyling.exenia.eu\/fr\/wp-json\/wp\/v2\/product\/52667","targetHints":{"allow":["GET"]}}],"collection":[{"href":"https:\/\/restyling.exenia.eu\/fr\/wp-json\/wp\/v2\/product"}],"about":[{"href":"https:\/\/restyling.exenia.eu\/fr\/wp-json\/wp\/v2\/types\/product"}],"wp:featuredmedia":[{"embeddable":true,"href":"https:\/\/restyling.exenia.eu\/fr\/wp-json\/wp\/v2\/media\/56006"}],"wp:attachment":[{"href":"https:\/\/restyling.exenia.eu\/fr\/wp-json\/wp\/v2\/media?parent=52667"}],"wp:term":[{"taxonomy":"product_brand","embeddable":true,"href":"https:\/\/restyling.exenia.eu\/fr\/wp-json\/wp\/v2\/product_brand?post=52667"},{"taxonomy":"product_cat","embeddable":true,"href":"https:\/\/restyling.exenia.eu\/fr\/wp-json\/wp\/v2\/product_cat?post=52667"},{"taxonomy":"product_tag","embeddable":true,"href":"https:\/\/restyling.exenia.eu\/fr\/wp-json\/wp\/v2\/product_tag?post=52667"},{"taxonomy":"categoria-admin-prodotto","embeddable":true,"href":"https:\/\/restyling.exenia.eu\/fr\/wp-json\/wp\/v2\/categoria-admin-prodotto?post=52667"}],"curies":[{"name":"wp","href":"https:\/\/api.w.org\/{rel}","templated":true}]}}