{"id":52686,"date":"2024-06-10T14:16:30","date_gmt":"2024-06-10T12:16:30","guid":{"rendered":"https:\/\/www.exenia.eu\/?post_type=product&#038;p=52686"},"modified":"2024-08-01T11:59:12","modified_gmt":"2024-08-01T09:59:12","slug":"spot-48-revo-compact","status":"publish","type":"product","link":"https:\/\/restyling.exenia.eu\/fr\/produit\/spot-48-revo-compact\/","title":{"rendered":"Spot 48 Revo Compact"},"content":{"rendered":"<p>Les spots Revo 48V sont disponibles en quatre tailles, 8 variantes optiques rotosym\u00e9triques par mod\u00e8le, 3 variantes asym\u00e9triques suppl\u00e9mentaires pour les mod\u00e8les Medium et Compact, plus un shaper sur Medium.<br \/>\nD\u00e9di\u00e9s \u00e0 la conception d&rsquo;\u00e9clairages avanc\u00e9s, les nouveaux syst\u00e8mes optiques Revo-Dark sont particuli\u00e8rement adapt\u00e9s aux environnements offrant un grand confort visuel. Equip\u00e9s d&rsquo;optiques rotosym\u00e9triques \u00e0 haute efficacit\u00e9, ils sont particuli\u00e8rement adapt\u00e9s aux applications mus\u00e9ales et aux projets ayant des exigences d&rsquo;\u00e9clairage complexes.<br \/>\nLa s\u00e9rie Spot Revo se caract\u00e9rise par un rapport performance\/taille remarquable, une riche possibilit\u00e9 d&rsquo;int\u00e9gration d&rsquo;accessoires et une large gamme de finitions, mais surtout par sa pr\u00e9cision, sa propret\u00e9 et l&rsquo;uniformit\u00e9 de sa projection.<\/p>\n<p>La version <strong>Compact<\/strong> offre 6 ouvertures de 6\u00b0 \u00e0 50\u00b0, trois loupes murales asym\u00e9triques : Grazing, Area, Deep, deux versions elliptiques.<br \/>\nLes nombreux accessoires sont con\u00e7us avec un syst\u00e8me de fixation par \u00e9l\u00e9ments superpos\u00e9s permettant une configuration optique diff\u00e9renci\u00e9e et sp\u00e9cifique. Le rendu \u00e9lev\u00e9 des couleurs, le coefficient UGR&lt;10 et la conformit\u00e9 aux param\u00e8tres d&rsquo;\u00e9clairage DARK sont compl\u00e9t\u00e9s par la qualit\u00e9 des 2 SDCM de la source et la propret\u00e9 particuli\u00e8re de la projection du faisceau.<br \/>\nLa compatibilit\u00e9 totale avec les syst\u00e8mes de contr\u00f4le les plus r\u00e9pandus fait de Spot Revo Compact l&rsquo;outil id\u00e9al dans les contextes o\u00f9 la valeur de la source est d\u00e9termin\u00e9e par une qualit\u00e9 de performance tr\u00e8s \u00e9lev\u00e9e et un minimum d&rsquo;obstruction physique et visuelle.<br \/>\nCe mod\u00e8le peut \u00e9galement \u00eatre configur\u00e9 en version shaper avec des lentilles mobiles, pour obtenir des projections quadrangulaires focalis\u00e9es avec un instrument l\u00e9ger et de petite taille.<\/p>\n","protected":false},"excerpt":{"rendered":"<p>Les spots Revo 48V sont disponibles en quatre tailles, 8&#8230;<\/p>\n","protected":false},"featured_media":55244,"template":"","meta":{"_acf_changed":false},"product_brand":[],"product_cat":[6614,6619,6624,6629,6634,6647,5372],"product_tag":[6804],"categoria-admin-prodotto":[],"class_list":{"0":"post-52686","1":"product","2":"type-product","3":"status-publish","4":"has-post-thumbnail","6":"product_cat-luminaires-track-48-fr","7":"product_cat-luminaires-track-48-evo","8":"product_cat-luminaires-track-48-trimless","9":"product_cat-luminaires-track-48-tube","10":"product_cat-luminaires-track-48-twin","11":"product_cat-tous-les-luminaires-pour-48-fr","12":"product_cat-spot-revo-48-v-fr","13":"product_tag-387t1-fr","14":"pa_alimentazione-48v","15":"pa_cct-2700k-fr","16":"pa_cct-3000k-fr","17":"pa_cct-3500k-fr","18":"pa_cct-4000k-fr","19":"pa_certificazione-conformita-ce-fr","20":"pa_classe-f-oui","21":"pa_cri-92-fr","22":"pa_cri-98-fr","23":"pa_grado-ip-ip40-fr","24":"pa_temperatura-di-esercizio-10-35-fr","26":"first","27":"instock","28":"purchasable","29":"product-type-composite"},"composite_virtual":false,"composite_layout":"single","composite_add_to_cart_form_location":"default","composite_editable_in_cart":false,"composite_sold_individually_context":"product","composite_shop_price_calc":"defaults","composite_components":[{"id":"1674741490","title":"Corp de l&#039;appareil","description":"","query_type":"product_ids","query_ids":[53342],"default_option_id":53342,"thumbnail_id":"","thumbnail_src":"","quantity_min":1,"quantity_max":1,"priced_individually":false,"shipped_individually":false,"optional":false,"discount":"","options_style":"radios","pagination_style":"classic","display_prices":"absolute","show_sorting_options":false,"show_filtering_options":false,"attribute_filter_ids":[],"product_title_visible":false,"product_descr_visible":false,"product_price_visible":false,"product_thumb_visible":false,"subtotal_visible_product":false,"subtotal_visible_cart":false,"subtotal_visible_orders":false},{"id":"1674741491","title":"Version","description":"","query_type":"product_ids","query_ids":[52690],"default_option_id":52690,"thumbnail_id":"","thumbnail_src":"","quantity_min":1,"quantity_max":1,"priced_individually":false,"shipped_individually":false,"optional":false,"discount":"","options_style":"radios","pagination_style":"classic","display_prices":"absolute","show_sorting_options":false,"show_filtering_options":false,"attribute_filter_ids":[],"product_title_visible":false,"product_descr_visible":false,"product_price_visible":false,"product_thumb_visible":false,"subtotal_visible_product":false,"subtotal_visible_cart":false,"subtotal_visible_orders":false},{"id":"1674741492","title":"Controle","description":"","query_type":"product_ids","query_ids":[18444,53442,18492,18471],"default_option_id":"","thumbnail_id":"","thumbnail_src":"","quantity_min":1,"quantity_max":1,"priced_individually":false,"shipped_individually":false,"optional":true,"discount":"","options_style":"radios","pagination_style":"classic","display_prices":"absolute","show_sorting_options":false,"show_filtering_options":false,"attribute_filter_ids":[],"product_title_visible":false,"product_descr_visible":true,"product_price_visible":false,"product_thumb_visible":false,"subtotal_visible_product":false,"subtotal_visible_cart":false,"subtotal_visible_orders":false},{"id":"1674741493","title":"Finition du bo\u00eetier","description":"","query_type":"product_ids","query_ids":[18774,18749,18707,18753,18762,18761],"default_option_id":"","thumbnail_id":"","thumbnail_src":"","quantity_min":1,"quantity_max":1,"priced_individually":false,"shipped_individually":false,"optional":true,"discount":"","options_style":"radios","pagination_style":"classic","display_prices":"absolute","show_sorting_options":false,"show_filtering_options":false,"attribute_filter_ids":[],"product_title_visible":false,"product_descr_visible":false,"product_price_visible":false,"product_thumb_visible":false,"subtotal_visible_product":false,"subtotal_visible_cart":false,"subtotal_visible_orders":false},{"id":"1674741494","title":"Finition de l&#039;adaptateur","description":"","query_type":"product_ids","query_ids":[18703,18704],"default_option_id":"","thumbnail_id":"","thumbnail_src":"","quantity_min":1,"quantity_max":1,"priced_individually":false,"shipped_individually":false,"optional":true,"discount":"","options_style":"radios","pagination_style":"classic","display_prices":"absolute","show_sorting_options":false,"show_filtering_options":false,"attribute_filter_ids":[],"product_title_visible":false,"product_descr_visible":false,"product_price_visible":false,"product_thumb_visible":false,"subtotal_visible_product":false,"subtotal_visible_cart":false,"subtotal_visible_orders":false},{"id":"1674741495","title":"CRI-CCT","description":"","query_type":"product_ids","query_ids":[18627,18628,18630,18629,18637,18638,18640,18639],"default_option_id":"","thumbnail_id":"","thumbnail_src":"","quantity_min":1,"quantity_max":1,"priced_individually":false,"shipped_individually":false,"optional":true,"discount":"","options_style":"radios","pagination_style":"classic","display_prices":"absolute","show_sorting_options":false,"show_filtering_options":false,"attribute_filter_ids":[],"product_title_visible":false,"product_descr_visible":false,"product_price_visible":false,"product_thumb_visible":false,"subtotal_visible_product":false,"subtotal_visible_cart":false,"subtotal_visible_orders":false},{"id":"1674741496","title":"Optique","description":"","query_type":"product_ids","query_ids":[18922,18901,18791,18909,18889,18858,18935,18798,18871,18849,18853],"default_option_id":"","thumbnail_id":"","thumbnail_src":"","quantity_min":1,"quantity_max":1,"priced_individually":false,"shipped_individually":false,"optional":true,"discount":"","options_style":"radios","pagination_style":"classic","display_prices":"absolute","show_sorting_options":false,"show_filtering_options":false,"attribute_filter_ids":[],"product_title_visible":false,"product_descr_visible":false,"product_price_visible":false,"product_thumb_visible":false,"subtotal_visible_product":false,"subtotal_visible_cart":false,"subtotal_visible_orders":false},{"id":"1674741497","title":"Accessoires","description":"","query_type":"product_ids","query_ids":[29271],"default_option_id":29271,"thumbnail_id":"","thumbnail_src":"","quantity_min":1,"quantity_max":1,"priced_individually":false,"shipped_individually":false,"optional":false,"discount":"","options_style":"radios","pagination_style":"classic","display_prices":"absolute","show_sorting_options":false,"show_filtering_options":false,"attribute_filter_ids":[],"product_title_visible":false,"product_descr_visible":true,"product_price_visible":false,"product_thumb_visible":true,"subtotal_visible_product":false,"subtotal_visible_cart":false,"subtotal_visible_orders":false},{"id":"1676654331","title":"Accessoires ind\u00e9pendants","description":"","query_type":"product_ids","query_ids":[40652],"default_option_id":40652,"thumbnail_id":"","thumbnail_src":"","quantity_min":1,"quantity_max":1,"priced_individually":false,"shipped_individually":false,"optional":false,"discount":"","options_style":"radios","pagination_style":"classic","display_prices":"absolute","show_sorting_options":false,"show_filtering_options":false,"attribute_filter_ids":[],"product_title_visible":false,"product_descr_visible":true,"product_price_visible":false,"product_thumb_visible":false,"subtotal_visible_product":false,"subtotal_visible_cart":false,"subtotal_visible_orders":false},{"id":"1689330898","title":"Dur\u00e9e de vie","description":"","query_type":"product_ids","query_ids":[50124,50128],"default_option_id":"","thumbnail_id":"","thumbnail_src":"","quantity_min":1,"quantity_max":1,"priced_individually":false,"shipped_individually":false,"optional":true,"discount":"","options_style":"radios","pagination_style":"classic","display_prices":"absolute","show_sorting_options":false,"show_filtering_options":false,"attribute_filter_ids":[],"product_title_visible":false,"product_descr_visible":false,"product_price_visible":false,"product_thumb_visible":false,"subtotal_visible_product":false,"subtotal_visible_cart":false,"subtotal_visible_orders":false},{"id":"1721989531","title":"Module de gestion PUSH des produits DALI","description":"","query_type":"product_ids","query_ids":[57768],"default_option_id":57768,"thumbnail_id":"","thumbnail_src":"","quantity_min":1,"quantity_max":1,"priced_individually":false,"shipped_individually":false,"optional":false,"discount":"","options_style":"radios","pagination_style":"classic","display_prices":"absolute","show_sorting_options":false,"show_filtering_options":false,"attribute_filter_ids":[],"product_title_visible":false,"product_descr_visible":false,"product_price_visible":false,"product_thumb_visible":false,"subtotal_visible_product":false,"subtotal_visible_cart":false,"subtotal_visible_orders":false}],"composite_scenarios":[{"id":"1674741895","name":"cri98","description":"","configuration":[{"component_id":"1674741495","options_modifier":"in","component_options":[18637,18638,18640,18639]}],"actions":[{"action_id":"compat_group","is_active":false},{"action_id":"conditional_components","is_active":false,"hidden_components":[]},{"action_id":"conditional_options","is_active":true,"hidden_options":[{"component_id":"1674741496","component_options":[18922],"options_modifier":"in"}]}],"enabled":true},{"id":"1674741896","name":"very narrow","description":"","configuration":[{"component_id":"1674741496","options_modifier":"in","component_options":[18922]}],"actions":[{"action_id":"compat_group","is_active":false},{"action_id":"conditional_components","is_active":false,"hidden_components":[]},{"action_id":"conditional_options","is_active":true,"hidden_options":[{"component_id":"1674741495","component_options":[18637,18638,18640,18639],"options_modifier":"in"}]}],"enabled":true},{"id":"1674741897","name":"narrow spot \/ wide flood","description":"","configuration":[{"component_id":"1674741496","options_modifier":"in","component_options":[18901,18935]}],"actions":[{"action_id":"compat_group","is_active":false},{"action_id":"conditional_components","is_active":false,"hidden_components":[]},{"action_id":"conditional_options","is_active":true,"hidden_options":[{"component_id":"1674741497","component_options":[29492,29497,29504,29505,29508,29509],"options_modifier":"in"}]}],"enabled":true},{"id":"1674741898","name":"ellittiche","description":"","configuration":[{"component_id":"1674741496","options_modifier":"in","component_options":[18791,18798]}],"actions":[{"action_id":"compat_group","is_active":false},{"action_id":"conditional_components","is_active":false,"hidden_components":[]},{"action_id":"conditional_options","is_active":true,"hidden_options":[{"component_id":"1674741497","component_options":[-1,29488],"options_modifier":"not-in"}]}],"enabled":true},{"id":"1674741899","name":"ww","description":"","configuration":[{"component_id":"1674741496","options_modifier":"in","component_options":[18871,18849,18853]}],"actions":[{"action_id":"compat_group","is_active":false},{"action_id":"conditional_components","is_active":true,"hidden_components":["1676654331"]},{"action_id":"conditional_options","is_active":true,"hidden_options":[{"component_id":"1674741497","component_options":[-1,29488],"options_modifier":"not-in"}]}],"enabled":true},{"id":"1674741900","name":"honeycomb \/ diffondente \/ snoot","description":"","configuration":[{"component_id":"1674741497","options_modifier":"in","component_options":[29489,29491,29493,29495,29496,29497,29498,29499,29500,29502,29503,29504,29506,29507,29508,29509,29510,29511]}],"actions":[{"action_id":"compat_group","is_active":false},{"action_id":"conditional_components","is_active":false,"hidden_components":[]},{"action_id":"conditional_options","is_active":true,"hidden_options":[{"component_id":"1674741496","component_options":[18791,18798,18871,18849,18853],"options_modifier":"in"}]}],"enabled":true},{"id":"1674741901","name":"vetro protezione \/ visor","description":"","configuration":[{"component_id":"1674741497","options_modifier":"in","component_options":[29490,29494,29495,29499,29500,29501,29503,29505,29507,29509,29510,29511]}],"actions":[{"action_id":"compat_group","is_active":false},{"action_id":"conditional_components","is_active":false,"hidden_components":[]},{"action_id":"conditional_options","is_active":true,"hidden_options":[{"component_id":"1674741496","component_options":[18871,18849,18853],"options_modifier":"in"}]}],"enabled":true},{"id":"1674741902","name":"lente ellittica","description":"","configuration":[{"component_id":"1674741497","options_modifier":"in","component_options":[29492,29497,29504,29505,29508,29509]}],"actions":[{"action_id":"compat_group","is_active":false},{"action_id":"conditional_components","is_active":false,"hidden_components":[]},{"action_id":"conditional_options","is_active":true,"hidden_options":[{"component_id":"1674741496","component_options":[18901,18791,18935,18798,18871,18849,18853],"options_modifier":"in"}]}],"enabled":true},{"id":"1689330961","name":"LT 80","description":"","configuration":[{"component_id":"1674741496","options_modifier":"in","component_options":[18901,18791]}],"actions":[{"action_id":"compat_group","is_active":false},{"action_id":"conditional_components","is_active":false,"hidden_components":[]},{"action_id":"conditional_options","is_active":true,"hidden_options":[{"component_id":"1689330898","component_options":[-1,50124],"options_modifier":"not-in"}]}],"enabled":true},{"id":"1689330962","name":"LT 100","description":"","configuration":[{"component_id":"1674741496","options_modifier":"in","component_options":[18922,18909,18889,18858,18935,18798,18871,18849,18853]}],"actions":[{"action_id":"compat_group","is_active":false},{"action_id":"conditional_components","is_active":false,"hidden_components":[]},{"action_id":"conditional_options","is_active":true,"hidden_options":[{"component_id":"1689330898","component_options":[-1,50128],"options_modifier":"not-in"}]}],"enabled":true},{"id":"1721989748","name":"no modulo push","description":"","configuration":[{"component_id":"1674741492","options_modifier":"in","component_options":[18444,18492,18471]}],"actions":[{"action_id":"compat_group","is_active":false},{"action_id":"conditional_components","is_active":true,"hidden_components":["1721989531"]},{"action_id":"conditional_options","is_active":false,"hidden_options":[]}],"enabled":true}],"bundled_by":[],"bundle_stock_status":"instock","bundle_stock_quantity":null,"bundle_virtual":false,"bundle_layout":"","bundle_add_to_cart_form_location":"","bundle_editable_in_cart":false,"bundle_sold_individually_context":"","bundle_item_grouping":"","bundle_min_size":"","bundle_max_size":"","bundled_items":[],"bundle_sell_ids":[],"acf":[],"yoast_head":"<!-- This site is optimized with the Yoast SEO plugin v27.5 - https:\/\/yoast.com\/product\/yoast-seo-wordpress\/ -->\n<title>Spot 48 Revo Compact | Exenia<\/title>\n<meta name=\"robots\" content=\"noindex, follow, max-snippet:-1, max-image-preview:large, max-video-preview:-1\" \/>\n<meta property=\"og:locale\" content=\"fr_FR\" \/>\n<meta property=\"og:type\" content=\"article\" \/>\n<meta property=\"og:title\" content=\"Spot 48 Revo Compact | Exenia\" \/>\n<meta property=\"og:description\" content=\"Les spots Revo 48V sont disponibles en quatre tailles, 8...\" \/>\n<meta property=\"og:url\" content=\"https:\/\/restyling.exenia.eu\/prodotto\/spot-48-revo-compact\/\" \/>\n<meta property=\"og:site_name\" content=\"Exenia\" \/>\n<meta property=\"article:publisher\" content=\"https:\/\/www.facebook.com\/exenialighting\" \/>\n<meta property=\"article:modified_time\" content=\"2024-08-01T09:59:12+00:00\" \/>\n<meta property=\"og:image\" content=\"https:\/\/restyling.exenia.eu\/wp-content\/uploads\/2024\/06\/Spot-48-compact-prodotto.jpg\" \/>\n\t<meta property=\"og:image:width\" content=\"2000\" \/>\n\t<meta property=\"og:image:height\" content=\"1919\" \/>\n\t<meta property=\"og:image:type\" content=\"image\/jpeg\" \/>\n<!-- \/ Yoast SEO plugin. -->","yoast_head_json":{"title":"Spot 48 Revo Compact | Exenia","robots":{"index":"noindex","follow":"follow","max-snippet":"max-snippet:-1","max-image-preview":"max-image-preview:large","max-video-preview":"max-video-preview:-1"},"og_locale":"fr_FR","og_type":"article","og_title":"Spot 48 Revo Compact | Exenia","og_description":"Les spots Revo 48V sont disponibles en quatre tailles, 8...","og_url":"https:\/\/restyling.exenia.eu\/prodotto\/spot-48-revo-compact\/","og_site_name":"Exenia","article_publisher":"https:\/\/www.facebook.com\/exenialighting","article_modified_time":"2024-08-01T09:59:12+00:00","og_image":[{"width":2000,"height":1919,"url":"https:\/\/restyling.exenia.eu\/wp-content\/uploads\/2024\/06\/Spot-48-compact-prodotto.jpg","type":"image\/jpeg"}],"schema":{"@context":"https:\/\/schema.org","@graph":[{"@type":"WebPage","@id":"https:\/\/restyling.exenia.eu\/prodotto\/spot-48-revo-compact\/","url":"https:\/\/restyling.exenia.eu\/prodotto\/spot-48-revo-compact\/","name":"Spot 48 Revo Compact | Exenia","isPartOf":{"@id":"https:\/\/restyling.exenia.eu\/#website"},"primaryImageOfPage":{"@id":"https:\/\/restyling.exenia.eu\/prodotto\/spot-48-revo-compact\/#primaryimage"},"image":{"@id":"https:\/\/restyling.exenia.eu\/prodotto\/spot-48-revo-compact\/#primaryimage"},"thumbnailUrl":"https:\/\/restyling.exenia.eu\/wp-content\/uploads\/2024\/06\/Spot-48-compact-prodotto.jpg","datePublished":"2024-06-10T12:16:30+00:00","dateModified":"2024-08-01T09:59:12+00:00","breadcrumb":{"@id":"https:\/\/restyling.exenia.eu\/prodotto\/spot-48-revo-compact\/#breadcrumb"},"inLanguage":"fr-FR","potentialAction":[{"@type":"ReadAction","target":["https:\/\/restyling.exenia.eu\/prodotto\/spot-48-revo-compact\/"]}]},{"@type":"ImageObject","inLanguage":"fr-FR","@id":"https:\/\/restyling.exenia.eu\/prodotto\/spot-48-revo-compact\/#primaryimage","url":"https:\/\/restyling.exenia.eu\/wp-content\/uploads\/2024\/06\/Spot-48-compact-prodotto.jpg","contentUrl":"https:\/\/restyling.exenia.eu\/wp-content\/uploads\/2024\/06\/Spot-48-compact-prodotto.jpg","width":2000,"height":1919},{"@type":"BreadcrumbList","@id":"https:\/\/restyling.exenia.eu\/prodotto\/spot-48-revo-compact\/#breadcrumb","itemListElement":[{"@type":"ListItem","position":1,"name":"Home","item":"https:\/\/restyling.exenia.eu\/"},{"@type":"ListItem","position":2,"name":"Produits","item":"https:\/\/restyling.exenia.eu\/prodotti\/"},{"@type":"ListItem","position":3,"name":"Indoor","item":"https:\/\/restyling.exenia.eu\/c\/indoor\/"},{"@type":"ListItem","position":4,"name":"Apparecchi per sistemi\/binari elettrificati","item":"https:\/\/restyling.exenia.eu\/c\/indoor\/apparecchi-per-sistemi-binari-elettrificati\/"},{"@type":"ListItem","position":5,"name":"48 V","item":"https:\/\/restyling.exenia.eu\/c\/indoor\/apparecchi-per-sistemi-binari-elettrificati\/48-v\/"},{"@type":"ListItem","position":6,"name":"Tutti gli apparecchi 48","item":"https:\/\/restyling.exenia.eu\/c\/indoor\/apparecchi-per-sistemi-binari-elettrificati\/48-v\/tutti-gli-apparecchi-48\/"},{"@type":"ListItem","position":7,"name":"Spot Revo","item":"https:\/\/restyling.exenia.eu\/c\/indoor\/apparecchi-per-sistemi-binari-elettrificati\/48-v\/tutti-gli-apparecchi-48\/spot-revo-48v\/"},{"@type":"ListItem","position":8,"name":"Spot 48 Revo Compact"}]},{"@type":"WebSite","@id":"https:\/\/restyling.exenia.eu\/#website","url":"https:\/\/restyling.exenia.eu\/","name":"Exenia","description":"","publisher":{"@id":"https:\/\/restyling.exenia.eu\/#organization"},"potentialAction":[{"@type":"SearchAction","target":{"@type":"EntryPoint","urlTemplate":"https:\/\/restyling.exenia.eu\/?s={search_term_string}"},"query-input":{"@type":"PropertyValueSpecification","valueRequired":true,"valueName":"search_term_string"}}],"inLanguage":"fr-FR"},{"@type":"Organization","@id":"https:\/\/restyling.exenia.eu\/#organization","name":"Exenia","url":"https:\/\/restyling.exenia.eu\/","logo":{"@type":"ImageObject","inLanguage":"fr-FR","@id":"https:\/\/restyling.exenia.eu\/#\/schema\/logo\/image\/","url":"https:\/\/restyling.exenia.eu\/wp-content\/uploads\/2022\/09\/logo_exenia-e1678467519405.png","contentUrl":"https:\/\/restyling.exenia.eu\/wp-content\/uploads\/2022\/09\/logo_exenia-e1678467519405.png","width":600,"height":194,"caption":"Exenia"},"image":{"@id":"https:\/\/restyling.exenia.eu\/#\/schema\/logo\/image\/"},"sameAs":["https:\/\/www.facebook.com\/exenialighting","https:\/\/x.com\/ExeniaLighting"]}]}},"_links":{"self":[{"href":"https:\/\/restyling.exenia.eu\/fr\/wp-json\/wp\/v2\/product\/52686","targetHints":{"allow":["GET"]}}],"collection":[{"href":"https:\/\/restyling.exenia.eu\/fr\/wp-json\/wp\/v2\/product"}],"about":[{"href":"https:\/\/restyling.exenia.eu\/fr\/wp-json\/wp\/v2\/types\/product"}],"wp:featuredmedia":[{"embeddable":true,"href":"https:\/\/restyling.exenia.eu\/fr\/wp-json\/wp\/v2\/media\/55244"}],"wp:attachment":[{"href":"https:\/\/restyling.exenia.eu\/fr\/wp-json\/wp\/v2\/media?parent=52686"}],"wp:term":[{"taxonomy":"product_brand","embeddable":true,"href":"https:\/\/restyling.exenia.eu\/fr\/wp-json\/wp\/v2\/product_brand?post=52686"},{"taxonomy":"product_cat","embeddable":true,"href":"https:\/\/restyling.exenia.eu\/fr\/wp-json\/wp\/v2\/product_cat?post=52686"},{"taxonomy":"product_tag","embeddable":true,"href":"https:\/\/restyling.exenia.eu\/fr\/wp-json\/wp\/v2\/product_tag?post=52686"},{"taxonomy":"categoria-admin-prodotto","embeddable":true,"href":"https:\/\/restyling.exenia.eu\/fr\/wp-json\/wp\/v2\/categoria-admin-prodotto?post=52686"}],"curies":[{"name":"wp","href":"https:\/\/api.w.org\/{rel}","templated":true}]}}