{"id":52705,"date":"2024-06-10T16:14:02","date_gmt":"2024-06-10T14:14:02","guid":{"rendered":"https:\/\/www.exenia.eu\/?post_type=product&#038;p=52705"},"modified":"2024-08-01T11:56:05","modified_gmt":"2024-08-01T09:56:05","slug":"spot-48-revo-small-2","status":"publish","type":"product","link":"https:\/\/restyling.exenia.eu\/fr\/produit\/spot-48-revo-small-2\/","title":{"rendered":"Spot 48 Revo Small"},"content":{"rendered":"<p>Les spots Revo 48V sont disponibles en quatre tailles, 8 variantes optiques rotosym\u00e9triques par mod\u00e8le, 3 variantes asym\u00e9triques suppl\u00e9mentaires pour les mod\u00e8les Medium et Compact, plus un shaper sur Medium.<br \/>\nD\u00e9di\u00e9s \u00e0 la conception d&rsquo;\u00e9clairages avanc\u00e9s, les nouveaux syst\u00e8mes optiques Revo-Dark sont particuli\u00e8rement adapt\u00e9s aux environnements offrant un grand confort visuel. \u00c9quip\u00e9s d&rsquo;optiques asym\u00e9triques et crois\u00e9es tr\u00e8s efficaces, ils sont particuli\u00e8rement adapt\u00e9s aux applications mus\u00e9ales et aux projets aux exigences d&rsquo;\u00e9clairage complexes.<br \/>\nLa s\u00e9rie Spot Revo se caract\u00e9rise par un rapport performance\/taille prononc\u00e9, une multitude d&rsquo;accessoires et une large gamme de finitions, mais surtout par la pr\u00e9cision, la propret\u00e9 et l&rsquo;uniformit\u00e9 de la projection.<\/p>\n<p>La version <b>Small <\/b>offre 6 ouvertures sym\u00e9triques de 8\u00b0 \u00e0 50\u00b0, 2 version elliptique et de nombreux accessoires.<br \/>\nLe haut rendu des couleurs, le coefficient UGR&lt;10 et la conformit\u00e9 aux param\u00e8tres d&rsquo;\u00e9clairage DARK sont compl\u00e9t\u00e9s par la qualit\u00e9 des 2 SDCM de la source et la propret\u00e9 particuli\u00e8re de la projection du faisceau.<br \/>\nLa compatibilit\u00e9 totale avec les syst\u00e8mes de contr\u00f4le les plus r\u00e9pandus fait de Spot Revo Small l&rsquo;outil id\u00e9al dans les contextes o\u00f9 la valeur de la source est d\u00e9termin\u00e9e par une tr\u00e8s haute qualit\u00e9 de performance et une intrusion physique et visuelle minimale.<\/p>\n","protected":false},"excerpt":{"rendered":"<p>Les spots Revo 48V sont disponibles en quatre tailles, 8&#8230;<\/p>\n","protected":false},"featured_media":23962,"template":"","meta":{"_acf_changed":false},"product_brand":[],"product_cat":[6614,6619,6624,6629,6634,6647,5372],"product_tag":[6792,6797],"categoria-admin-prodotto":[],"class_list":{"0":"post-52705","1":"product","2":"type-product","3":"status-publish","4":"has-post-thumbnail","6":"product_cat-luminaires-track-48-fr","7":"product_cat-luminaires-track-48-evo","8":"product_cat-luminaires-track-48-trimless","9":"product_cat-luminaires-track-48-tube","10":"product_cat-luminaires-track-48-twin","11":"product_cat-tous-les-luminaires-pour-48-fr","12":"product_cat-spot-revo-48-v-fr","13":"product_tag-385t1-fr","14":"product_tag-385t2-fr","15":"pa_alimentazione-48v","16":"pa_cct-2700k-fr","17":"pa_cct-3000k-fr","18":"pa_cct-3500k-fr","19":"pa_cct-4000k-fr","20":"pa_certificazione-conformita-ce-fr","21":"pa_classe-f-oui","22":"pa_cri-92-fr","23":"pa_cri-98-fr","24":"pa_grado-ip-ip20-fr","25":"pa_temperatura-di-esercizio-10-35-fr","27":"first","28":"instock","29":"purchasable","30":"product-type-composite"},"composite_virtual":false,"composite_layout":"single","composite_add_to_cart_form_location":"default","composite_editable_in_cart":false,"composite_sold_individually_context":"product","composite_shop_price_calc":"defaults","composite_components":[{"id":"1674732720","title":"Corp de l&#039;appareil","description":"","query_type":"product_ids","query_ids":[53332],"default_option_id":53332,"thumbnail_id":"","thumbnail_src":"","quantity_min":1,"quantity_max":1,"priced_individually":false,"shipped_individually":false,"optional":false,"discount":"","options_style":"radios","pagination_style":"classic","display_prices":"absolute","show_sorting_options":false,"show_filtering_options":false,"attribute_filter_ids":[],"product_title_visible":false,"product_descr_visible":false,"product_price_visible":false,"product_thumb_visible":false,"subtotal_visible_product":false,"subtotal_visible_cart":false,"subtotal_visible_orders":false},{"id":"1674732721","title":"Version","description":"","query_type":"product_ids","query_ids":[52690,53451],"default_option_id":"","thumbnail_id":"","thumbnail_src":"","quantity_min":1,"quantity_max":1,"priced_individually":false,"shipped_individually":false,"optional":true,"discount":"","options_style":"radios","pagination_style":"classic","display_prices":"absolute","show_sorting_options":false,"show_filtering_options":false,"attribute_filter_ids":[],"product_title_visible":false,"product_descr_visible":false,"product_price_visible":false,"product_thumb_visible":false,"subtotal_visible_product":false,"subtotal_visible_cart":false,"subtotal_visible_orders":false},{"id":"1674732722","title":"Controle","description":"","query_type":"product_ids","query_ids":[18444,53442,18492,18471],"default_option_id":"","thumbnail_id":"","thumbnail_src":"","quantity_min":1,"quantity_max":1,"priced_individually":false,"shipped_individually":false,"optional":true,"discount":"","options_style":"radios","pagination_style":"classic","display_prices":"absolute","show_sorting_options":false,"show_filtering_options":false,"attribute_filter_ids":[],"product_title_visible":false,"product_descr_visible":true,"product_price_visible":false,"product_thumb_visible":false,"subtotal_visible_product":false,"subtotal_visible_cart":false,"subtotal_visible_orders":false},{"id":"1674732723","title":"Finition du bo\u00eetier","description":"","query_type":"product_ids","query_ids":[18774,18749,18707,18753,18762,18761],"default_option_id":"","thumbnail_id":"","thumbnail_src":"","quantity_min":1,"quantity_max":1,"priced_individually":false,"shipped_individually":false,"optional":true,"discount":"","options_style":"radios","pagination_style":"classic","display_prices":"absolute","show_sorting_options":false,"show_filtering_options":false,"attribute_filter_ids":[],"product_title_visible":false,"product_descr_visible":false,"product_price_visible":false,"product_thumb_visible":false,"subtotal_visible_product":false,"subtotal_visible_cart":false,"subtotal_visible_orders":false},{"id":"1674732724","title":"Finition de l&#039;adaptateur","description":"","query_type":"product_ids","query_ids":[18703,18704],"default_option_id":"","thumbnail_id":"","thumbnail_src":"","quantity_min":1,"quantity_max":1,"priced_individually":false,"shipped_individually":false,"optional":true,"discount":"","options_style":"radios","pagination_style":"classic","display_prices":"absolute","show_sorting_options":false,"show_filtering_options":false,"attribute_filter_ids":[],"product_title_visible":false,"product_descr_visible":false,"product_price_visible":false,"product_thumb_visible":false,"subtotal_visible_product":false,"subtotal_visible_cart":false,"subtotal_visible_orders":false},{"id":"1674732725","title":"CRI-CCT","description":"","query_type":"product_ids","query_ids":[18627,18628,18630,18629,18637,18638,18640,18639],"default_option_id":"","thumbnail_id":"","thumbnail_src":"","quantity_min":1,"quantity_max":1,"priced_individually":false,"shipped_individually":false,"optional":true,"discount":"","options_style":"radios","pagination_style":"classic","display_prices":"absolute","show_sorting_options":false,"show_filtering_options":false,"attribute_filter_ids":[],"product_title_visible":false,"product_descr_visible":false,"product_price_visible":false,"product_thumb_visible":false,"subtotal_visible_product":false,"subtotal_visible_cart":false,"subtotal_visible_orders":false},{"id":"1674732726","title":"Optique","description":"","query_type":"product_ids","query_ids":[18925,18898,18794,18914,18892,18862,18931,18801],"default_option_id":"","thumbnail_id":"","thumbnail_src":"","quantity_min":1,"quantity_max":1,"priced_individually":false,"shipped_individually":false,"optional":true,"discount":"","options_style":"radios","pagination_style":"classic","display_prices":"absolute","show_sorting_options":false,"show_filtering_options":false,"attribute_filter_ids":[],"product_title_visible":false,"product_descr_visible":false,"product_price_visible":false,"product_thumb_visible":false,"subtotal_visible_product":false,"subtotal_visible_cart":false,"subtotal_visible_orders":false},{"id":"1674732727","title":"Accessoires","description":"","query_type":"product_ids","query_ids":[18413,18388,18417,18419,18383],"default_option_id":"","thumbnail_id":"","thumbnail_src":"","quantity_min":1,"quantity_max":1,"priced_individually":false,"shipped_individually":false,"optional":true,"discount":"","options_style":"radios","pagination_style":"classic","display_prices":"absolute","show_sorting_options":false,"show_filtering_options":false,"attribute_filter_ids":[],"product_title_visible":false,"product_descr_visible":false,"product_price_visible":false,"product_thumb_visible":false,"subtotal_visible_product":false,"subtotal_visible_cart":false,"subtotal_visible_orders":false},{"id":"1676887108","title":"Accessoires ind\u00e9pendants","description":"","query_type":"product_ids","query_ids":[40640],"default_option_id":40640,"thumbnail_id":"","thumbnail_src":"","quantity_min":1,"quantity_max":1,"priced_individually":false,"shipped_individually":false,"optional":false,"discount":"","options_style":"radios","pagination_style":"classic","display_prices":"absolute","show_sorting_options":false,"show_filtering_options":false,"attribute_filter_ids":[],"product_title_visible":false,"product_descr_visible":true,"product_price_visible":false,"product_thumb_visible":false,"subtotal_visible_product":false,"subtotal_visible_cart":false,"subtotal_visible_orders":false},{"id":"1689328472","title":"Dur\u00e9e de vie","description":"","query_type":"product_ids","query_ids":[50124,50128],"default_option_id":"","thumbnail_id":"","thumbnail_src":"","quantity_min":1,"quantity_max":1,"priced_individually":false,"shipped_individually":false,"optional":true,"discount":"","options_style":"radios","pagination_style":"classic","display_prices":"absolute","show_sorting_options":false,"show_filtering_options":false,"attribute_filter_ids":[],"product_title_visible":false,"product_descr_visible":false,"product_price_visible":false,"product_thumb_visible":false,"subtotal_visible_product":false,"subtotal_visible_cart":false,"subtotal_visible_orders":false},{"id":"1721990357","title":"Module de gestion PUSH des produits DALI","description":"","query_type":"product_ids","query_ids":[57768],"default_option_id":57768,"thumbnail_id":"","thumbnail_src":"","quantity_min":1,"quantity_max":1,"priced_individually":false,"shipped_individually":false,"optional":false,"discount":"","options_style":"radios","pagination_style":"classic","display_prices":"absolute","show_sorting_options":false,"show_filtering_options":false,"attribute_filter_ids":[],"product_title_visible":false,"product_descr_visible":false,"product_price_visible":false,"product_thumb_visible":false,"subtotal_visible_product":false,"subtotal_visible_cart":false,"subtotal_visible_orders":false}],"composite_scenarios":[{"id":"1674732957","name":"cri98","description":"","configuration":[{"component_id":"1674732725","options_modifier":"in","component_options":[18637,18638,18640,18639]}],"actions":[{"action_id":"compat_group","is_active":false},{"action_id":"conditional_components","is_active":false,"hidden_components":[]},{"action_id":"conditional_options","is_active":true,"hidden_options":[{"component_id":"1674732726","component_options":[18925,18898,18794],"options_modifier":"in"}]}],"enabled":true},{"id":"1674732958","name":"narrow spot \/ wide flood","description":"","configuration":[{"component_id":"1674732726","options_modifier":"in","component_options":[18898,18931]}],"actions":[{"action_id":"compat_group","is_active":false},{"action_id":"conditional_components","is_active":false,"hidden_components":[]},{"action_id":"conditional_options","is_active":true,"hidden_options":[{"component_id":"1674732727","component_options":[18383],"options_modifier":"in"}]}],"enabled":true},{"id":"1674732959","name":"ellittiche","description":"","configuration":[{"component_id":"1674732726","options_modifier":"in","component_options":[18794,18801]}],"actions":[{"action_id":"compat_group","is_active":false},{"action_id":"conditional_components","is_active":false,"hidden_components":[]},{"action_id":"conditional_options","is_active":true,"hidden_options":[{"component_id":"1674732727","component_options":[-1,18413],"options_modifier":"not-in"}]}],"enabled":true},{"id":"1674732960","name":"VN \/ narrow spot \/ell.nar spot cri98","description":"","configuration":[{"component_id":"1674732726","options_modifier":"in","component_options":[18925,18898,18794]}],"actions":[{"action_id":"compat_group","is_active":false},{"action_id":"conditional_components","is_active":false,"hidden_components":[]},{"action_id":"conditional_options","is_active":true,"hidden_options":[{"component_id":"1674732725","component_options":[18637,18638,18640,18639],"options_modifier":"in"}]}],"enabled":true},{"id":"1674732961","name":"honeycomb \/ snoot \/ visor","description":"","configuration":[{"component_id":"1674732727","options_modifier":"in","component_options":[18388,18417,18419]}],"actions":[{"action_id":"compat_group","is_active":false},{"action_id":"conditional_components","is_active":false,"hidden_components":[]},{"action_id":"conditional_options","is_active":true,"hidden_options":[{"component_id":"1674732726","component_options":[18794,18801],"options_modifier":"in"}]}],"enabled":true},{"id":"1674732962","name":"lente ellittica","description":"","configuration":[{"component_id":"1674732727","options_modifier":"in","component_options":[18383]}],"actions":[{"action_id":"compat_group","is_active":false},{"action_id":"conditional_components","is_active":false,"hidden_components":[]},{"action_id":"conditional_options","is_active":true,"hidden_options":[{"component_id":"1674732726","component_options":[18898,18794,18931,18801],"options_modifier":"in"}]}],"enabled":true},{"id":"1689328749","name":"LT 80","description":"","configuration":[{"component_id":"1674732726","options_modifier":"in","component_options":[18914,18892,18862,18931,18801]}],"actions":[{"action_id":"compat_group","is_active":false},{"action_id":"conditional_components","is_active":false,"hidden_components":[]},{"action_id":"conditional_options","is_active":true,"hidden_options":[{"component_id":"1689328472","component_options":[-1,50124],"options_modifier":"not-in"}]}],"enabled":true},{"id":"1689328750","name":"LT 100","description":"","configuration":[{"component_id":"1674732726","options_modifier":"in","component_options":[18925,18898,18794]}],"actions":[{"action_id":"compat_group","is_active":false},{"action_id":"conditional_components","is_active":false,"hidden_components":[]},{"action_id":"conditional_options","is_active":true,"hidden_options":[{"component_id":"1689328472","component_options":[-1,50128],"options_modifier":"not-in"}]}],"enabled":true},{"id":"1721990389","name":"no controllo push","description":"","configuration":[{"component_id":"1674732722","options_modifier":"in","component_options":[18444,18492,18471]}],"actions":[{"action_id":"compat_group","is_active":false},{"action_id":"conditional_components","is_active":true,"hidden_components":["1721990357"]},{"action_id":"conditional_options","is_active":false,"hidden_options":[]}],"enabled":true},{"id":"1725979899","name":"2x no potenz.","description":"","configuration":[{"component_id":"1674732721","options_modifier":"in","component_options":[53451]}],"actions":[{"action_id":"compat_group","is_active":false},{"action_id":"conditional_components","is_active":false,"hidden_components":[]},{"action_id":"conditional_options","is_active":true,"hidden_options":[{"component_id":"1674732722","component_options":[18492],"options_modifier":"in"}]}],"enabled":true},{"id":"1725979900","name":"potenz. no 2x","description":"","configuration":[{"component_id":"1674732722","options_modifier":"in","component_options":[18492]}],"actions":[{"action_id":"compat_group","is_active":false},{"action_id":"conditional_components","is_active":false,"hidden_components":[]},{"action_id":"conditional_options","is_active":true,"hidden_options":[{"component_id":"1674732721","component_options":[53451],"options_modifier":"in"}]}],"enabled":true}],"bundled_by":[],"bundle_stock_status":"instock","bundle_stock_quantity":null,"bundle_virtual":false,"bundle_layout":"","bundle_add_to_cart_form_location":"","bundle_editable_in_cart":false,"bundle_sold_individually_context":"","bundle_item_grouping":"","bundle_min_size":"","bundle_max_size":"","bundled_items":[],"bundle_sell_ids":[],"acf":[],"yoast_head":"<!-- This site is optimized with the Yoast SEO plugin v27.4 - https:\/\/yoast.com\/product\/yoast-seo-wordpress\/ -->\n<title>Spot 48 Revo Small | Exenia<\/title>\n<meta name=\"robots\" content=\"noindex, follow, max-snippet:-1, max-image-preview:large, max-video-preview:-1\" \/>\n<meta property=\"og:locale\" content=\"fr_FR\" \/>\n<meta property=\"og:type\" content=\"article\" \/>\n<meta property=\"og:title\" content=\"Spot 48 Revo Small | Exenia\" \/>\n<meta property=\"og:description\" content=\"Les spots Revo 48V sont disponibles en quatre tailles, 8...\" \/>\n<meta property=\"og:url\" content=\"https:\/\/restyling.exenia.eu\/fr\/produit\/spot-48-revo-small-2\/\" \/>\n<meta property=\"og:site_name\" content=\"Exenia\" \/>\n<meta property=\"article:publisher\" content=\"https:\/\/www.facebook.com\/exenialighting\" \/>\n<meta property=\"article:modified_time\" content=\"2024-08-01T09:56:05+00:00\" \/>\n<meta property=\"og:image\" content=\"https:\/\/restyling.exenia.eu\/wp-content\/uploads\/2023\/01\/Spot-48-revo-small-prodotto.jpg\" \/>\n\t<meta property=\"og:image:width\" content=\"2000\" \/>\n\t<meta property=\"og:image:height\" content=\"1919\" \/>\n\t<meta property=\"og:image:type\" content=\"image\/jpeg\" \/>\n<!-- \/ Yoast SEO plugin. -->","yoast_head_json":{"title":"Spot 48 Revo Small | Exenia","robots":{"index":"noindex","follow":"follow","max-snippet":"max-snippet:-1","max-image-preview":"max-image-preview:large","max-video-preview":"max-video-preview:-1"},"og_locale":"fr_FR","og_type":"article","og_title":"Spot 48 Revo Small | Exenia","og_description":"Les spots Revo 48V sont disponibles en quatre tailles, 8...","og_url":"https:\/\/restyling.exenia.eu\/fr\/produit\/spot-48-revo-small-2\/","og_site_name":"Exenia","article_publisher":"https:\/\/www.facebook.com\/exenialighting","article_modified_time":"2024-08-01T09:56:05+00:00","og_image":[{"width":2000,"height":1919,"url":"https:\/\/restyling.exenia.eu\/wp-content\/uploads\/2023\/01\/Spot-48-revo-small-prodotto.jpg","type":"image\/jpeg"}],"schema":{"@context":"https:\/\/schema.org","@graph":[{"@type":"WebPage","@id":"https:\/\/restyling.exenia.eu\/fr\/produit\/spot-48-revo-small-2\/","url":"https:\/\/restyling.exenia.eu\/fr\/produit\/spot-48-revo-small-2\/","name":"Spot 48 Revo Small | Exenia","isPartOf":{"@id":"https:\/\/restyling.exenia.eu\/#website"},"primaryImageOfPage":{"@id":"https:\/\/restyling.exenia.eu\/fr\/produit\/spot-48-revo-small-2\/#primaryimage"},"image":{"@id":"https:\/\/restyling.exenia.eu\/fr\/produit\/spot-48-revo-small-2\/#primaryimage"},"thumbnailUrl":"https:\/\/restyling.exenia.eu\/wp-content\/uploads\/2023\/01\/Spot-48-revo-small-prodotto.jpg","datePublished":"2024-06-10T14:14:02+00:00","dateModified":"2024-08-01T09:56:05+00:00","breadcrumb":{"@id":"https:\/\/restyling.exenia.eu\/fr\/produit\/spot-48-revo-small-2\/#breadcrumb"},"inLanguage":"fr-FR","potentialAction":[{"@type":"ReadAction","target":["https:\/\/restyling.exenia.eu\/fr\/produit\/spot-48-revo-small-2\/"]}]},{"@type":"ImageObject","inLanguage":"fr-FR","@id":"https:\/\/restyling.exenia.eu\/fr\/produit\/spot-48-revo-small-2\/#primaryimage","url":"https:\/\/restyling.exenia.eu\/wp-content\/uploads\/2023\/01\/Spot-48-revo-small-prodotto.jpg","contentUrl":"https:\/\/restyling.exenia.eu\/wp-content\/uploads\/2023\/01\/Spot-48-revo-small-prodotto.jpg","width":2000,"height":1919},{"@type":"BreadcrumbList","@id":"https:\/\/restyling.exenia.eu\/fr\/produit\/spot-48-revo-small-2\/#breadcrumb","itemListElement":[{"@type":"ListItem","position":1,"name":"Home","item":"https:\/\/restyling.exenia.eu\/"},{"@type":"ListItem","position":2,"name":"Produits","item":"https:\/\/restyling.exenia.eu\/prodotti\/"},{"@type":"ListItem","position":3,"name":"Indoor","item":"https:\/\/restyling.exenia.eu\/fr\/c\/indoor\/"},{"@type":"ListItem","position":4,"name":"Luminaires pour syst\u00e8mes\/pistes","item":"https:\/\/restyling.exenia.eu\/fr\/c\/indoor\/luminaires-pour-systemes-pistes\/"},{"@type":"ListItem","position":5,"name":"48 V","item":"https:\/\/restyling.exenia.eu\/fr\/c\/indoor\/luminaires-pour-systemes-pistes\/48-v-fr\/"},{"@type":"ListItem","position":6,"name":"Tous les luminaires pour 48","item":"https:\/\/restyling.exenia.eu\/fr\/c\/indoor\/luminaires-pour-systemes-pistes\/48-v-fr\/tous-les-luminaires-pour-48-fr\/"},{"@type":"ListItem","position":7,"name":"Spot Revo","item":"https:\/\/restyling.exenia.eu\/c\/indoor\/apparecchi-per-sistemi-binari-elettrificati\/48-v\/tutti-gli-apparecchi-48\/spot-revo-48v\/"},{"@type":"ListItem","position":8,"name":"Spot 48 Revo Small"}]},{"@type":"WebSite","@id":"https:\/\/restyling.exenia.eu\/#website","url":"https:\/\/restyling.exenia.eu\/","name":"Exenia","description":"","publisher":{"@id":"https:\/\/restyling.exenia.eu\/#organization"},"potentialAction":[{"@type":"SearchAction","target":{"@type":"EntryPoint","urlTemplate":"https:\/\/restyling.exenia.eu\/?s={search_term_string}"},"query-input":{"@type":"PropertyValueSpecification","valueRequired":true,"valueName":"search_term_string"}}],"inLanguage":"fr-FR"},{"@type":"Organization","@id":"https:\/\/restyling.exenia.eu\/#organization","name":"Exenia","url":"https:\/\/restyling.exenia.eu\/","logo":{"@type":"ImageObject","inLanguage":"fr-FR","@id":"https:\/\/restyling.exenia.eu\/#\/schema\/logo\/image\/","url":"https:\/\/restyling.exenia.eu\/wp-content\/uploads\/2022\/09\/logo_exenia-e1678467519405.png","contentUrl":"https:\/\/restyling.exenia.eu\/wp-content\/uploads\/2022\/09\/logo_exenia-e1678467519405.png","width":600,"height":194,"caption":"Exenia"},"image":{"@id":"https:\/\/restyling.exenia.eu\/#\/schema\/logo\/image\/"},"sameAs":["https:\/\/www.facebook.com\/exenialighting","https:\/\/x.com\/ExeniaLighting"]}]}},"_links":{"self":[{"href":"https:\/\/restyling.exenia.eu\/fr\/wp-json\/wp\/v2\/product\/52705","targetHints":{"allow":["GET"]}}],"collection":[{"href":"https:\/\/restyling.exenia.eu\/fr\/wp-json\/wp\/v2\/product"}],"about":[{"href":"https:\/\/restyling.exenia.eu\/fr\/wp-json\/wp\/v2\/types\/product"}],"wp:featuredmedia":[{"embeddable":true,"href":"https:\/\/restyling.exenia.eu\/fr\/wp-json\/wp\/v2\/media\/23962"}],"wp:attachment":[{"href":"https:\/\/restyling.exenia.eu\/fr\/wp-json\/wp\/v2\/media?parent=52705"}],"wp:term":[{"taxonomy":"product_brand","embeddable":true,"href":"https:\/\/restyling.exenia.eu\/fr\/wp-json\/wp\/v2\/product_brand?post=52705"},{"taxonomy":"product_cat","embeddable":true,"href":"https:\/\/restyling.exenia.eu\/fr\/wp-json\/wp\/v2\/product_cat?post=52705"},{"taxonomy":"product_tag","embeddable":true,"href":"https:\/\/restyling.exenia.eu\/fr\/wp-json\/wp\/v2\/product_tag?post=52705"},{"taxonomy":"categoria-admin-prodotto","embeddable":true,"href":"https:\/\/restyling.exenia.eu\/fr\/wp-json\/wp\/v2\/categoria-admin-prodotto?post=52705"}],"curies":[{"name":"wp","href":"https:\/\/api.w.org\/{rel}","templated":true}]}}