{"id":54130,"date":"2024-07-02T09:23:51","date_gmt":"2024-07-02T07:23:51","guid":{"rendered":"https:\/\/www.exenia.eu\/?post_type=product&#038;p=54130"},"modified":"2024-09-25T11:50:05","modified_gmt":"2024-09-25T09:50:05","slug":"superlinea-systeme-suspension","status":"publish","type":"product","link":"https:\/\/restyling.exenia.eu\/fr\/produit\/superlinea-systeme-suspension\/","title":{"rendered":"Superlinea Syst\u00e8me Suspension"},"content":{"rendered":"<p>Nouveau venu dans la collection Exenia, le plafonnier Superlinea Syst\u00e8me Suspension red\u00e9finit les normes d&rsquo;\u00e9clairage des bureaux gr\u00e2ce \u00e0 un design raffin\u00e9 et \u00e0 des performances exceptionnelles. Les nouvelles micro-optiques polysph\u00e9riques et fly-eye cr\u00e9ent des solutions d&rsquo;\u00e9clairage subtiles, \u00e9l\u00e9gantes et uniques.<\/p>\n<p>Un confort visuel maximal, \u00e0 la fois longitudinal et transversal, est garanti par un UGR inf\u00e9rieur \u00e0 19 \u00e0 tout moment, sans compromis sur les performances \u00e9lev\u00e9es (jusqu&rsquo;\u00e0 140 lumens\/W). Avec ses options de distribution lumineuse directe et indirecte, Superlinea offre une polyvalence in\u00e9gal\u00e9e.<\/p>\n<p>Id\u00e9al pour ceux qui recherchent un \u00e9clairage de bureau \u00e0 haute efficacit\u00e9 \u00e9nerg\u00e9tique, Superlinea allie compacit\u00e9 et puissance, portant l&rsquo;esth\u00e9tique minimaliste \u00e0 de nouveaux niveaux.<\/p>\n<p>Superlinea est le choix parfait pour un \u00e9clairage de bureau de pointe qui allie esth\u00e9tique et durabilit\u00e9.<\/p>\n<p><a href=\"https:\/\/restyling.exenia.eu\/wp-content\/uploads\/2023\/04\/SUPERLINEA-FR-min.pdf\"><img fetchpriority=\"high\" decoding=\"async\" class=\"alignnone size-medium wp-image-57354\" src=\"https:\/\/restyling.exenia.eu\/wp-content\/uploads\/2024\/07\/SUPERLINEA-COVER-4-212x300.jpg\" alt=\"\" width=\"212\" height=\"300\" srcset=\"https:\/\/restyling.exenia.eu\/wp-content\/uploads\/2024\/07\/SUPERLINEA-COVER-4-212x300.jpg 212w, https:\/\/restyling.exenia.eu\/wp-content\/uploads\/2024\/07\/SUPERLINEA-COVER-4-725x1024.jpg 725w, https:\/\/restyling.exenia.eu\/wp-content\/uploads\/2024\/07\/SUPERLINEA-COVER-4-768x1085.jpg 768w, https:\/\/restyling.exenia.eu\/wp-content\/uploads\/2024\/07\/SUPERLINEA-COVER-4.jpg 903w\" sizes=\"(max-width: 212px) 100vw, 212px\" \/><\/a><\/p>\n","protected":false},"excerpt":{"rendered":"<p>Nouveau venu dans la collection Exenia, le plafonnier Superlinea Syst\u00e8me&#8230;<\/p>\n","protected":false},"featured_media":56350,"template":"","meta":{"_acf_changed":false},"product_brand":[],"product_cat":[6506],"product_tag":[6752,6757,6759,6764],"categoria-admin-prodotto":[],"class_list":{"0":"post-54130","1":"product","2":"type-product","3":"status-publish","4":"has-post-thumbnail","6":"product_cat-superlinea-systeme","7":"product_tag-72370-fr","8":"product_tag-72371-fr-2","9":"product_tag-72372-fr-2","10":"product_tag-72373-fr-2","11":"pa_alimentazione-ac-fr","12":"pa_cct-2700k-fr","13":"pa_cct-3000k-fr","14":"pa_cct-3500k-fr","15":"pa_cct-4000k-fr","16":"pa_certificazione-conformita-ce-fr","17":"pa_classe-f-oui","18":"pa_cri-92-fr","19":"pa_cri-98-fr","20":"pa_grado-ip-ip40-fr","21":"pa_lifetime-l90b10-100-000-h-fr","22":"pa_temperatura-di-esercizio-10-35-fr","24":"first","25":"instock","26":"virtual","27":"purchasable","28":"product-type-composite"},"composite_virtual":false,"composite_layout":"single","composite_add_to_cart_form_location":"default","composite_editable_in_cart":false,"composite_sold_individually_context":"product","composite_shop_price_calc":"defaults","composite_components":[{"id":"1717691996","title":"Housing body","description":"","query_type":"product_ids","query_ids":[53389],"default_option_id":53389,"thumbnail_id":"","thumbnail_src":"","quantity_min":1,"quantity_max":1,"priced_individually":false,"shipped_individually":true,"optional":false,"discount":"","options_style":"radios","pagination_style":"classic","display_prices":"absolute","show_sorting_options":false,"show_filtering_options":false,"attribute_filter_ids":[],"product_title_visible":false,"product_descr_visible":false,"product_price_visible":false,"product_thumb_visible":false,"subtotal_visible_product":false,"subtotal_visible_cart":false,"subtotal_visible_orders":false},{"id":"1717691997","title":"Dimension","description":"","query_type":"product_ids","query_ids":[54111,54115,54119,54123],"default_option_id":"","thumbnail_id":"","thumbnail_src":"","quantity_min":1,"quantity_max":1,"priced_individually":false,"shipped_individually":true,"optional":true,"discount":"","options_style":"radios","pagination_style":"classic","display_prices":"absolute","show_sorting_options":false,"show_filtering_options":false,"attribute_filter_ids":[],"product_title_visible":false,"product_descr_visible":false,"product_price_visible":false,"product_thumb_visible":false,"subtotal_visible_product":false,"subtotal_visible_cart":false,"subtotal_visible_orders":false},{"id":"1719911268","title":"\u00c9mission","description":"","query_type":"product_ids","query_ids":[54994,54083,72341,72345,54998],"default_option_id":"","thumbnail_id":"","thumbnail_src":"","quantity_min":1,"quantity_max":1,"priced_individually":false,"shipped_individually":true,"optional":true,"discount":"","options_style":"radios","pagination_style":"classic","display_prices":"absolute","show_sorting_options":false,"show_filtering_options":false,"attribute_filter_ids":[],"product_title_visible":false,"product_descr_visible":true,"product_price_visible":false,"product_thumb_visible":false,"subtotal_visible_product":false,"subtotal_visible_cart":false,"subtotal_visible_orders":false},{"id":"1719911269","title":"Output","description":"","query_type":"product_ids","query_ids":[57517,55024,54011],"default_option_id":"","thumbnail_id":"","thumbnail_src":"","quantity_min":1,"quantity_max":1,"priced_individually":false,"shipped_individually":true,"optional":true,"discount":"","options_style":"radios","pagination_style":"classic","display_prices":"absolute","show_sorting_options":false,"show_filtering_options":false,"attribute_filter_ids":[],"product_title_visible":false,"product_descr_visible":false,"product_price_visible":false,"product_thumb_visible":false,"subtotal_visible_product":false,"subtotal_visible_cart":false,"subtotal_visible_orders":false},{"id":"1717691998","title":"Control","description":"","query_type":"product_ids","query_ids":[18444,18473,18494,18471],"default_option_id":"","thumbnail_id":"","thumbnail_src":"","quantity_min":1,"quantity_max":1,"priced_individually":false,"shipped_individually":true,"optional":true,"discount":"","options_style":"radios","pagination_style":"classic","display_prices":"absolute","show_sorting_options":false,"show_filtering_options":false,"attribute_filter_ids":[],"product_title_visible":false,"product_descr_visible":false,"product_price_visible":false,"product_thumb_visible":false,"subtotal_visible_product":false,"subtotal_visible_cart":false,"subtotal_visible_orders":false},{"id":"1717691999","title":"Finish","description":"","query_type":"product_ids","query_ids":[18774,18749,56895],"default_option_id":"","thumbnail_id":"","thumbnail_src":"","quantity_min":1,"quantity_max":1,"priced_individually":false,"shipped_individually":true,"optional":true,"discount":"","options_style":"radios","pagination_style":"classic","display_prices":"absolute","show_sorting_options":false,"show_filtering_options":false,"attribute_filter_ids":[],"product_title_visible":false,"product_descr_visible":false,"product_price_visible":false,"product_thumb_visible":false,"subtotal_visible_product":false,"subtotal_visible_cart":false,"subtotal_visible_orders":false},{"id":"1717692000","title":"CRI-CCT","description":"","query_type":"product_ids","query_ids":[18627,18628,18630,18629,18637,18638,18640,18639],"default_option_id":"","thumbnail_id":"","thumbnail_src":"","quantity_min":1,"quantity_max":1,"priced_individually":false,"shipped_individually":true,"optional":true,"discount":"","options_style":"radios","pagination_style":"classic","display_prices":"absolute","show_sorting_options":false,"show_filtering_options":false,"attribute_filter_ids":[],"product_title_visible":false,"product_descr_visible":false,"product_price_visible":false,"product_thumb_visible":false,"subtotal_visible_product":false,"subtotal_visible_cart":false,"subtotal_visible_orders":false},{"id":"1719911270","title":"DOWN Optique","description":"","query_type":"product_ids","query_ids":[54200,55305,54208,55309],"default_option_id":"","thumbnail_id":"","thumbnail_src":"","quantity_min":1,"quantity_max":1,"priced_individually":false,"shipped_individually":true,"optional":true,"discount":"","options_style":"radios","pagination_style":"classic","display_prices":"absolute","show_sorting_options":false,"show_filtering_options":false,"attribute_filter_ids":[],"product_title_visible":false,"product_descr_visible":false,"product_price_visible":false,"product_thumb_visible":false,"subtotal_visible_product":false,"subtotal_visible_cart":false,"subtotal_visible_orders":false},{"id":"1719911271","title":"UP Optique","description":"","query_type":"product_ids","query_ids":[55314,54107],"default_option_id":"","thumbnail_id":"","thumbnail_src":"","quantity_min":1,"quantity_max":1,"priced_individually":false,"shipped_individually":true,"optional":true,"discount":"","options_style":"radios","pagination_style":"classic","display_prices":"absolute","show_sorting_options":false,"show_filtering_options":false,"attribute_filter_ids":[],"product_title_visible":false,"product_descr_visible":false,"product_price_visible":false,"product_thumb_visible":false,"subtotal_visible_product":false,"subtotal_visible_cart":false,"subtotal_visible_orders":false},{"id":"1728645651","title":"Kit de suspension","description":"","query_type":"product_ids","query_ids":[57346],"default_option_id":57346,"thumbnail_id":"","thumbnail_src":"","quantity_min":1,"quantity_max":1,"priced_individually":false,"shipped_individually":true,"optional":false,"discount":"","options_style":"radios","pagination_style":"classic","display_prices":"absolute","show_sorting_options":false,"show_filtering_options":false,"attribute_filter_ids":[],"product_title_visible":false,"product_descr_visible":false,"product_price_visible":false,"product_thumb_visible":false,"subtotal_visible_product":false,"subtotal_visible_cart":false,"subtotal_visible_orders":false}],"composite_scenarios":[{"id":"1719909140","name":"768 no up\/down DA","description":"","configuration":[{"component_id":"1717691997","options_modifier":"in","component_options":[54111]}],"actions":[{"action_id":"compat_group","is_active":false},{"action_id":"conditional_components","is_active":false,"hidden_components":[]},{"action_id":"conditional_options","is_active":true,"hidden_options":[{"component_id":"1719911268","component_options":[72345],"options_modifier":"in"}]}],"enabled":true},{"id":"1720448862","name":"solo up","description":"","configuration":[{"component_id":"1719911268","options_modifier":"in","component_options":[54083]}],"actions":[{"action_id":"compat_group","is_active":false},{"action_id":"conditional_components","is_active":true,"hidden_components":["1719911270"]},{"action_id":"conditional_options","is_active":false,"hidden_options":[]}],"enabled":true},{"id":"1720448863","name":"solo down","description":"","configuration":[{"component_id":"1719911268","options_modifier":"in","component_options":[54994]}],"actions":[{"action_id":"compat_group","is_active":false},{"action_id":"conditional_components","is_active":true,"hidden_components":["1719911271"]},{"action_id":"conditional_options","is_active":false,"hidden_options":[]}],"enabled":true},{"id":"1720448865","name":"up&amp;down DA no 768","description":"","configuration":[{"component_id":"1719911268","options_modifier":"in","component_options":[72345]}],"actions":[{"action_id":"compat_group","is_active":false},{"action_id":"conditional_components","is_active":false,"hidden_components":[]},{"action_id":"conditional_options","is_active":true,"hidden_options":[{"component_id":"1717691997","component_options":[54111],"options_modifier":"in"}]}],"enabled":true},{"id":"1720448866","name":"modulo vuoto","description":"","configuration":[{"component_id":"1719911268","options_modifier":"in","component_options":[54998]}],"actions":[{"action_id":"compat_group","is_active":false},{"action_id":"conditional_components","is_active":true,"hidden_components":["1719911269","1717691998","1717692000","1719911270","1719911271"]},{"action_id":"conditional_options","is_active":false,"hidden_options":[]}],"enabled":true},{"id":"1742906174","name":"3076 UP&amp;DOWN Mono solo ON-OFF","description":"","configuration":[{"component_id":"1717691997","options_modifier":"in","component_options":[54123]},{"component_id":"1719911268","options_modifier":"in","component_options":[72341]}],"actions":[{"action_id":"compat_group","is_active":false},{"action_id":"conditional_components","is_active":false,"hidden_components":[]},{"action_id":"conditional_options","is_active":true,"hidden_options":[{"component_id":"1717691998","component_options":[18473,18494,18471],"options_modifier":"in"}]}],"enabled":true}],"bundled_by":[],"bundle_stock_status":"instock","bundle_stock_quantity":null,"bundle_virtual":false,"bundle_layout":"","bundle_add_to_cart_form_location":"","bundle_editable_in_cart":false,"bundle_sold_individually_context":"","bundle_item_grouping":"","bundle_min_size":"","bundle_max_size":"","bundled_items":[],"bundle_sell_ids":[],"acf":[],"yoast_head":"<!-- This site is optimized with the Yoast SEO plugin v27.4 - https:\/\/yoast.com\/product\/yoast-seo-wordpress\/ -->\n<title>Superlinea Syst\u00e8me Suspension | Exenia<\/title>\n<meta name=\"robots\" content=\"noindex, follow, max-snippet:-1, max-image-preview:large, max-video-preview:-1\" \/>\n<meta property=\"og:locale\" content=\"fr_FR\" \/>\n<meta property=\"og:type\" content=\"article\" \/>\n<meta property=\"og:title\" content=\"Superlinea Syst\u00e8me Suspension | Exenia\" \/>\n<meta property=\"og:description\" content=\"Nouveau venu dans la collection Exenia, le plafonnier Superlinea Syst\u00e8me...\" \/>\n<meta property=\"og:url\" content=\"https:\/\/restyling.exenia.eu\/fr\/produit\/superlinea-systeme-suspension\/\" \/>\n<meta property=\"og:site_name\" content=\"Exenia\" \/>\n<meta property=\"article:publisher\" content=\"https:\/\/www.facebook.com\/exenialighting\" \/>\n<meta property=\"article:modified_time\" content=\"2024-09-25T09:50:05+00:00\" \/>\n<meta property=\"og:image\" content=\"https:\/\/restyling.exenia.eu\/wp-content\/uploads\/2024\/07\/Superlinea-sistema-sospensione-prodotto.jpg\" \/>\n\t<meta property=\"og:image:width\" content=\"2000\" \/>\n\t<meta property=\"og:image:height\" content=\"1919\" \/>\n\t<meta property=\"og:image:type\" content=\"image\/jpeg\" \/>\n<!-- \/ Yoast SEO plugin. -->","yoast_head_json":{"title":"Superlinea Syst\u00e8me Suspension | Exenia","robots":{"index":"noindex","follow":"follow","max-snippet":"max-snippet:-1","max-image-preview":"max-image-preview:large","max-video-preview":"max-video-preview:-1"},"og_locale":"fr_FR","og_type":"article","og_title":"Superlinea Syst\u00e8me Suspension | Exenia","og_description":"Nouveau venu dans la collection Exenia, le plafonnier Superlinea Syst\u00e8me...","og_url":"https:\/\/restyling.exenia.eu\/fr\/produit\/superlinea-systeme-suspension\/","og_site_name":"Exenia","article_publisher":"https:\/\/www.facebook.com\/exenialighting","article_modified_time":"2024-09-25T09:50:05+00:00","og_image":[{"width":2000,"height":1919,"url":"https:\/\/restyling.exenia.eu\/wp-content\/uploads\/2024\/07\/Superlinea-sistema-sospensione-prodotto.jpg","type":"image\/jpeg"}],"schema":{"@context":"https:\/\/schema.org","@graph":[{"@type":"WebPage","@id":"https:\/\/restyling.exenia.eu\/fr\/produit\/superlinea-systeme-suspension\/","url":"https:\/\/restyling.exenia.eu\/fr\/produit\/superlinea-systeme-suspension\/","name":"Superlinea Syst\u00e8me Suspension | Exenia","isPartOf":{"@id":"https:\/\/restyling.exenia.eu\/#website"},"primaryImageOfPage":{"@id":"https:\/\/restyling.exenia.eu\/fr\/produit\/superlinea-systeme-suspension\/#primaryimage"},"image":{"@id":"https:\/\/restyling.exenia.eu\/fr\/produit\/superlinea-systeme-suspension\/#primaryimage"},"thumbnailUrl":"https:\/\/restyling.exenia.eu\/wp-content\/uploads\/2024\/07\/Superlinea-sistema-sospensione-prodotto.jpg","datePublished":"2024-07-02T07:23:51+00:00","dateModified":"2024-09-25T09:50:05+00:00","breadcrumb":{"@id":"https:\/\/restyling.exenia.eu\/fr\/produit\/superlinea-systeme-suspension\/#breadcrumb"},"inLanguage":"fr-FR","potentialAction":[{"@type":"ReadAction","target":["https:\/\/restyling.exenia.eu\/fr\/produit\/superlinea-systeme-suspension\/"]}]},{"@type":"ImageObject","inLanguage":"fr-FR","@id":"https:\/\/restyling.exenia.eu\/fr\/produit\/superlinea-systeme-suspension\/#primaryimage","url":"https:\/\/restyling.exenia.eu\/wp-content\/uploads\/2024\/07\/Superlinea-sistema-sospensione-prodotto.jpg","contentUrl":"https:\/\/restyling.exenia.eu\/wp-content\/uploads\/2024\/07\/Superlinea-sistema-sospensione-prodotto.jpg","width":2000,"height":1919},{"@type":"BreadcrumbList","@id":"https:\/\/restyling.exenia.eu\/fr\/produit\/superlinea-systeme-suspension\/#breadcrumb","itemListElement":[{"@type":"ListItem","position":1,"name":"Home","item":"https:\/\/restyling.exenia.eu\/"},{"@type":"ListItem","position":2,"name":"Produits","item":"https:\/\/restyling.exenia.eu\/prodotti\/"},{"@type":"ListItem","position":3,"name":"Indoor","item":"https:\/\/restyling.exenia.eu\/fr\/c\/indoor\/"},{"@type":"ListItem","position":4,"name":"Syst\u00e8mes \/ Rails","item":"https:\/\/restyling.exenia.eu\/fr\/c\/indoor\/systemes-rails\/"},{"@type":"ListItem","position":5,"name":"Superlinea","item":"https:\/\/restyling.exenia.eu\/c\/indoor\/sistemi-binari-elettrificati\/superlinea-sistema\/"},{"@type":"ListItem","position":6,"name":"Superlinea Syst\u00e8me Suspension"}]},{"@type":"WebSite","@id":"https:\/\/restyling.exenia.eu\/#website","url":"https:\/\/restyling.exenia.eu\/","name":"Exenia","description":"","publisher":{"@id":"https:\/\/restyling.exenia.eu\/#organization"},"potentialAction":[{"@type":"SearchAction","target":{"@type":"EntryPoint","urlTemplate":"https:\/\/restyling.exenia.eu\/?s={search_term_string}"},"query-input":{"@type":"PropertyValueSpecification","valueRequired":true,"valueName":"search_term_string"}}],"inLanguage":"fr-FR"},{"@type":"Organization","@id":"https:\/\/restyling.exenia.eu\/#organization","name":"Exenia","url":"https:\/\/restyling.exenia.eu\/","logo":{"@type":"ImageObject","inLanguage":"fr-FR","@id":"https:\/\/restyling.exenia.eu\/#\/schema\/logo\/image\/","url":"https:\/\/restyling.exenia.eu\/wp-content\/uploads\/2022\/09\/logo_exenia-e1678467519405.png","contentUrl":"https:\/\/restyling.exenia.eu\/wp-content\/uploads\/2022\/09\/logo_exenia-e1678467519405.png","width":600,"height":194,"caption":"Exenia"},"image":{"@id":"https:\/\/restyling.exenia.eu\/#\/schema\/logo\/image\/"},"sameAs":["https:\/\/www.facebook.com\/exenialighting","https:\/\/x.com\/ExeniaLighting"]}]}},"_links":{"self":[{"href":"https:\/\/restyling.exenia.eu\/fr\/wp-json\/wp\/v2\/product\/54130","targetHints":{"allow":["GET"]}}],"collection":[{"href":"https:\/\/restyling.exenia.eu\/fr\/wp-json\/wp\/v2\/product"}],"about":[{"href":"https:\/\/restyling.exenia.eu\/fr\/wp-json\/wp\/v2\/types\/product"}],"wp:featuredmedia":[{"embeddable":true,"href":"https:\/\/restyling.exenia.eu\/fr\/wp-json\/wp\/v2\/media\/56350"}],"wp:attachment":[{"href":"https:\/\/restyling.exenia.eu\/fr\/wp-json\/wp\/v2\/media?parent=54130"}],"wp:term":[{"taxonomy":"product_brand","embeddable":true,"href":"https:\/\/restyling.exenia.eu\/fr\/wp-json\/wp\/v2\/product_brand?post=54130"},{"taxonomy":"product_cat","embeddable":true,"href":"https:\/\/restyling.exenia.eu\/fr\/wp-json\/wp\/v2\/product_cat?post=54130"},{"taxonomy":"product_tag","embeddable":true,"href":"https:\/\/restyling.exenia.eu\/fr\/wp-json\/wp\/v2\/product_tag?post=54130"},{"taxonomy":"categoria-admin-prodotto","embeddable":true,"href":"https:\/\/restyling.exenia.eu\/fr\/wp-json\/wp\/v2\/categoria-admin-prodotto?post=54130"}],"curies":[{"name":"wp","href":"https:\/\/api.w.org\/{rel}","templated":true}]}}