{"id":73521,"date":"2025-04-01T17:37:27","date_gmt":"2025-04-01T15:37:27","guid":{"rendered":"https:\/\/www.exenia.eu\/?post_type=product&#038;p=73521"},"modified":"2025-04-02T16:52:03","modified_gmt":"2025-04-02T14:52:03","slug":"museo-revo-medium-multimetrik","status":"publish","type":"product","link":"https:\/\/restyling.exenia.eu\/fr\/produit\/museo-revo-medium-multimetrik\/","title":{"rendered":"Museo Revo Medium Multimetrik"},"content":{"rendered":"<p>Multimetrik int\u00e8gre la technologie optique REVO, offrant un syst\u00e8me de r\u00e9glage qui permet d\u2019adapter l\u2019\u00e9mission lumineuse aux besoins applicatifs. Le faisceau lumineux est r\u00e9glable sur une plage de 15\u00b0 \u00e0 60\u00b0 gr\u00e2ce \u00e0 la micro-translation du foyer, garantissant pr\u00e9cision et uniformit\u00e9.<\/p>\n<p>L\u2019intensit\u00e9 lumineuse peut \u00eatre modul\u00e9e via un variateur int\u00e9gr\u00e9.<br \/>\nL\u2019efficacit\u00e9 lumineuse atteint 132 lm\/W avec des flux allant jusqu\u2019\u00e0 3500 lm, tout en maintenant un haut standard de qualit\u00e9.<\/p>\n<p>Le design compact permet une int\u00e9gration dans les produits Exenia sans en alt\u00e9rer l\u2019esth\u00e9tique, assurant une continuit\u00e9 visuelle avec les versions \u00e0 faisceau fixe.Les lentilles interchangeables garantissent des faisceaux pr\u00e9cis et homog\u00e8nes, faisant de Multimetrik une solution polyvalente pour diverses applications.<\/p>\n<p>Disponible en variantes Medium, Compact et Max, avec du blanc dynamique (2700K-4000K) ou des temp\u00e9ratures fixes (2700K, 3000K, 3500K, 4000K) avec un CRI allant jusqu\u2019\u00e0 98 et une tol\u00e9rance chromatique jusqu\u2019\u00e0 2 MacAdam Step.<\/p>\n<p><a href=\"https:\/\/restyling.exenia.eu\/wp-content\/uploads\/2025\/04\/MULTIMETRIK-FR.pdf\"><img fetchpriority=\"high\" decoding=\"async\" class=\"alignnone wp-image-73621 size-medium\" src=\"https:\/\/restyling.exenia.eu\/wp-content\/uploads\/2025\/04\/Multimetrik-copertina-212x300.jpg\" alt=\"\" width=\"212\" height=\"300\" srcset=\"https:\/\/restyling.exenia.eu\/wp-content\/uploads\/2025\/04\/Multimetrik-copertina-212x300.jpg 212w, https:\/\/restyling.exenia.eu\/wp-content\/uploads\/2025\/04\/Multimetrik-copertina-725x1024.jpg 725w, https:\/\/restyling.exenia.eu\/wp-content\/uploads\/2025\/04\/Multimetrik-copertina-768x1085.jpg 768w, https:\/\/restyling.exenia.eu\/wp-content\/uploads\/2025\/04\/Multimetrik-copertina-1087x1536.jpg 1087w, https:\/\/restyling.exenia.eu\/wp-content\/uploads\/2025\/04\/Multimetrik-copertina.jpg 1360w\" sizes=\"(max-width: 212px) 100vw, 212px\" \/><\/a><\/p>\n","protected":false},"excerpt":{"rendered":"<p>Multimetrik int\u00e8gre la technologie optique REVO, offrant un syst\u00e8me de&#8230;<\/p>\n","protected":false},"featured_media":73564,"template":"","meta":{"_acf_changed":false},"product_brand":[],"product_cat":[6541,9070],"product_tag":[7503,9041],"categoria-admin-prodotto":[],"class_list":{"0":"post-73521","1":"product","2":"type-product","3":"status-publish","4":"has-post-thumbnail","6":"product_cat-news-fr","7":"product_cat-museo-revo-multimetrik-fr","8":"product_tag-38640-fr","9":"product_tag-multimetrik-fr","10":"pa_cct-2700k-fr","11":"pa_cct-3000k-fr","12":"pa_cct-3500k-fr","13":"pa_cct-4000k-fr","14":"pa_cct-dw-2700k-4000k-fr","15":"pa_certificazione-conformita-ce-fr","16":"pa_classe-f-oui","17":"pa_cri-92-fr","18":"pa_cri-98-fr","19":"pa_grado-ip-ip40-fr","20":"pa_temperatura-di-esercizio-10-35-fr","22":"first","23":"instock","24":"purchasable","25":"product-type-composite"},"composite_virtual":false,"composite_layout":"single","composite_add_to_cart_form_location":"default","composite_editable_in_cart":false,"composite_sold_individually_context":"product","composite_shop_price_calc":"defaults","composite_components":[{"id":"1674660327","title":"Corp de l&#039;appareil","description":"","query_type":"product_ids","query_ids":[18573],"default_option_id":18573,"thumbnail_id":"","thumbnail_src":"","quantity_min":1,"quantity_max":1,"priced_individually":false,"shipped_individually":false,"optional":false,"discount":"","options_style":"radios","pagination_style":"classic","display_prices":"absolute","show_sorting_options":false,"show_filtering_options":false,"attribute_filter_ids":[],"product_title_visible":false,"product_descr_visible":false,"product_price_visible":false,"product_thumb_visible":false,"subtotal_visible_product":false,"subtotal_visible_cart":false,"subtotal_visible_orders":false},{"id":"1674660328","title":"Version","description":"","query_type":"product_ids","query_ids":[19040],"default_option_id":19040,"thumbnail_id":"","thumbnail_src":"","quantity_min":1,"quantity_max":1,"priced_individually":false,"shipped_individually":false,"optional":false,"discount":"","options_style":"radios","pagination_style":"classic","display_prices":"absolute","show_sorting_options":false,"show_filtering_options":false,"attribute_filter_ids":[],"product_title_visible":false,"product_descr_visible":false,"product_price_visible":false,"product_thumb_visible":false,"subtotal_visible_product":false,"subtotal_visible_cart":false,"subtotal_visible_orders":false},{"id":"1674660329","title":"Controle","description":"","query_type":"product_ids","query_ids":[18444,18445,18473,18471,73421],"default_option_id":"","thumbnail_id":"","thumbnail_src":"","quantity_min":1,"quantity_max":1,"priced_individually":false,"shipped_individually":false,"optional":true,"discount":"","options_style":"radios","pagination_style":"classic","display_prices":"absolute","show_sorting_options":false,"show_filtering_options":false,"attribute_filter_ids":[],"product_title_visible":false,"product_descr_visible":false,"product_price_visible":false,"product_thumb_visible":false,"subtotal_visible_product":false,"subtotal_visible_cart":false,"subtotal_visible_orders":false},{"id":"1674660330","title":"Finition","description":"","query_type":"product_ids","query_ids":[18774,18749,18707,18767,18765,18762,18753],"default_option_id":"","thumbnail_id":"","thumbnail_src":"","quantity_min":1,"quantity_max":1,"priced_individually":false,"shipped_individually":false,"optional":true,"discount":"","options_style":"radios","pagination_style":"classic","display_prices":"absolute","show_sorting_options":false,"show_filtering_options":false,"attribute_filter_ids":[],"product_title_visible":false,"product_descr_visible":false,"product_price_visible":false,"product_thumb_visible":false,"subtotal_visible_product":false,"subtotal_visible_cart":false,"subtotal_visible_orders":false},{"id":"1674660331","title":"CRI-CCT","description":"","query_type":"product_ids","query_ids":[18627,18628,18630,18629,18637,18638,18640,18639,73425,73429],"default_option_id":"","thumbnail_id":"","thumbnail_src":"","quantity_min":1,"quantity_max":1,"priced_individually":false,"shipped_individually":false,"optional":true,"discount":"","options_style":"radios","pagination_style":"classic","display_prices":"absolute","show_sorting_options":false,"show_filtering_options":false,"attribute_filter_ids":[],"product_title_visible":false,"product_descr_visible":false,"product_price_visible":false,"product_thumb_visible":false,"subtotal_visible_product":false,"subtotal_visible_cart":false,"subtotal_visible_orders":false},{"id":"1674660332","title":"Optique","description":"","query_type":"product_ids","query_ids":[73413,73417,73433],"default_option_id":"","thumbnail_id":"","thumbnail_src":"","quantity_min":1,"quantity_max":1,"priced_individually":false,"shipped_individually":false,"optional":true,"discount":"","options_style":"radios","pagination_style":"classic","display_prices":"absolute","show_sorting_options":false,"show_filtering_options":false,"attribute_filter_ids":[],"product_title_visible":false,"product_descr_visible":true,"product_price_visible":false,"product_thumb_visible":false,"subtotal_visible_product":false,"subtotal_visible_cart":false,"subtotal_visible_orders":false},{"id":"1674660333","title":"Accessoires","description":"","query_type":"product_ids","query_ids":[13424],"default_option_id":13424,"thumbnail_id":"","thumbnail_src":"","quantity_min":1,"quantity_max":1,"priced_individually":false,"shipped_individually":false,"optional":false,"discount":"","options_style":"radios","pagination_style":"classic","display_prices":"absolute","show_sorting_options":false,"show_filtering_options":false,"attribute_filter_ids":[],"product_title_visible":false,"product_descr_visible":true,"product_price_visible":false,"product_thumb_visible":true,"subtotal_visible_product":false,"subtotal_visible_cart":false,"subtotal_visible_orders":false},{"id":"1676647682","title":"Accessoires ind\u00e9pendants","description":"","query_type":"product_ids","query_ids":[73485],"default_option_id":73485,"thumbnail_id":"","thumbnail_src":"","quantity_min":1,"quantity_max":1,"priced_individually":false,"shipped_individually":false,"optional":false,"discount":"","options_style":"radios","pagination_style":"classic","display_prices":"absolute","show_sorting_options":false,"show_filtering_options":false,"attribute_filter_ids":[],"product_title_visible":false,"product_descr_visible":true,"product_price_visible":false,"product_thumb_visible":false,"subtotal_visible_product":false,"subtotal_visible_cart":false,"subtotal_visible_orders":false}],"composite_scenarios":[{"id":"1743584007","name":"no accessori","description":"","configuration":[{"component_id":"1674660327","options_modifier":"any"}],"actions":[{"action_id":"compat_group","is_active":false},{"action_id":"conditional_components","is_active":false,"hidden_components":[]},{"action_id":"conditional_options","is_active":true,"hidden_options":[{"component_id":"1674660333","component_options":[-1,13425],"options_modifier":"not-in"}]}],"enabled":true},{"id":"1743584008","name":"bianco statico controlli","description":"","configuration":[{"component_id":"1674660329","options_modifier":"in","component_options":[18444,18445,18473]}],"actions":[{"action_id":"compat_group","is_active":false},{"action_id":"conditional_components","is_active":false,"hidden_components":[]},{"action_id":"conditional_options","is_active":true,"hidden_options":[{"component_id":"1674660331","component_options":[-1,18627,18628,18630,18629,18637,18638,18640,18639],"options_modifier":"not-in"}]}],"enabled":true},{"id":"1743584009","name":"TW controlli","description":"","configuration":[{"component_id":"1674660329","options_modifier":"in","component_options":[73421]}],"actions":[{"action_id":"compat_group","is_active":false},{"action_id":"conditional_components","is_active":false,"hidden_components":[]},{"action_id":"conditional_options","is_active":true,"hidden_options":[{"component_id":"1674660331","component_options":[-1,73425,73429],"options_modifier":"not-in"}]}],"enabled":true},{"id":"1743584010","name":"tw toglie controlli","description":"","configuration":[{"component_id":"1674660331","options_modifier":"in","component_options":[73425,73429]}],"actions":[{"action_id":"compat_group","is_active":false},{"action_id":"conditional_components","is_active":false,"hidden_components":[]},{"action_id":"conditional_options","is_active":true,"hidden_options":[{"component_id":"1674660329","component_options":[-1,18471,73421],"options_modifier":"not-in"}]}],"enabled":true},{"id":"1743584011","name":"bianco statico toglie controlli","description":"","configuration":[{"component_id":"1674660331","options_modifier":"in","component_options":[18627,18628,18630,18629,18637,18638,18640,18639]}],"actions":[{"action_id":"compat_group","is_active":false},{"action_id":"conditional_components","is_active":false,"hidden_components":[]},{"action_id":"conditional_options","is_active":true,"hidden_options":[{"component_id":"1674660329","component_options":[-1,18444,18445,18473,18471],"options_modifier":"not-in"}]}],"enabled":true}],"bundled_by":[],"bundle_stock_status":"instock","bundle_stock_quantity":null,"bundle_virtual":false,"bundle_layout":"","bundle_add_to_cart_form_location":"","bundle_editable_in_cart":false,"bundle_sold_individually_context":"","bundle_item_grouping":"","bundle_min_size":"","bundle_max_size":"","bundled_items":[],"bundle_sell_ids":[],"acf":[],"yoast_head":"<!-- This site is optimized with the Yoast SEO plugin v27.4 - https:\/\/yoast.com\/product\/yoast-seo-wordpress\/ -->\n<title>Museo Revo Medium Multimetrik | Exenia<\/title>\n<meta name=\"robots\" content=\"noindex, follow, max-snippet:-1, max-image-preview:large, max-video-preview:-1\" \/>\n<meta property=\"og:locale\" content=\"fr_FR\" \/>\n<meta property=\"og:type\" content=\"article\" \/>\n<meta property=\"og:title\" content=\"Museo Revo Medium Multimetrik | Exenia\" \/>\n<meta property=\"og:description\" content=\"Multimetrik int\u00e8gre la technologie optique REVO, offrant un syst\u00e8me de...\" \/>\n<meta property=\"og:url\" content=\"https:\/\/restyling.exenia.eu\/fr\/produit\/museo-revo-medium-multimetrik\/\" \/>\n<meta property=\"og:site_name\" content=\"Exenia\" \/>\n<meta property=\"article:publisher\" content=\"https:\/\/www.facebook.com\/exenialighting\" \/>\n<meta property=\"article:modified_time\" content=\"2025-04-02T14:52:03+00:00\" \/>\n<meta property=\"og:image\" content=\"https:\/\/restyling.exenia.eu\/wp-content\/uploads\/2025\/04\/Museo-Revo-Medium-Multimetrik.jpg\" \/>\n\t<meta property=\"og:image:width\" content=\"2560\" \/>\n\t<meta property=\"og:image:height\" content=\"1599\" \/>\n\t<meta property=\"og:image:type\" content=\"image\/jpeg\" \/>\n<!-- \/ Yoast SEO plugin. -->","yoast_head_json":{"title":"Museo Revo Medium Multimetrik | Exenia","robots":{"index":"noindex","follow":"follow","max-snippet":"max-snippet:-1","max-image-preview":"max-image-preview:large","max-video-preview":"max-video-preview:-1"},"og_locale":"fr_FR","og_type":"article","og_title":"Museo Revo Medium Multimetrik | Exenia","og_description":"Multimetrik int\u00e8gre la technologie optique REVO, offrant un syst\u00e8me de...","og_url":"https:\/\/restyling.exenia.eu\/fr\/produit\/museo-revo-medium-multimetrik\/","og_site_name":"Exenia","article_publisher":"https:\/\/www.facebook.com\/exenialighting","article_modified_time":"2025-04-02T14:52:03+00:00","og_image":[{"width":2560,"height":1599,"url":"https:\/\/restyling.exenia.eu\/wp-content\/uploads\/2025\/04\/Museo-Revo-Medium-Multimetrik.jpg","type":"image\/jpeg"}],"schema":{"@context":"https:\/\/schema.org","@graph":[{"@type":"WebPage","@id":"https:\/\/restyling.exenia.eu\/fr\/produit\/museo-revo-medium-multimetrik\/","url":"https:\/\/restyling.exenia.eu\/fr\/produit\/museo-revo-medium-multimetrik\/","name":"Museo Revo Medium Multimetrik | Exenia","isPartOf":{"@id":"https:\/\/restyling.exenia.eu\/#website"},"primaryImageOfPage":{"@id":"https:\/\/restyling.exenia.eu\/fr\/produit\/museo-revo-medium-multimetrik\/#primaryimage"},"image":{"@id":"https:\/\/restyling.exenia.eu\/fr\/produit\/museo-revo-medium-multimetrik\/#primaryimage"},"thumbnailUrl":"https:\/\/restyling.exenia.eu\/wp-content\/uploads\/2025\/04\/Museo-Revo-Medium-Multimetrik.jpg","datePublished":"2025-04-01T15:37:27+00:00","dateModified":"2025-04-02T14:52:03+00:00","breadcrumb":{"@id":"https:\/\/restyling.exenia.eu\/fr\/produit\/museo-revo-medium-multimetrik\/#breadcrumb"},"inLanguage":"fr-FR","potentialAction":[{"@type":"ReadAction","target":["https:\/\/restyling.exenia.eu\/fr\/produit\/museo-revo-medium-multimetrik\/"]}]},{"@type":"ImageObject","inLanguage":"fr-FR","@id":"https:\/\/restyling.exenia.eu\/fr\/produit\/museo-revo-medium-multimetrik\/#primaryimage","url":"https:\/\/restyling.exenia.eu\/wp-content\/uploads\/2025\/04\/Museo-Revo-Medium-Multimetrik.jpg","contentUrl":"https:\/\/restyling.exenia.eu\/wp-content\/uploads\/2025\/04\/Museo-Revo-Medium-Multimetrik.jpg","width":2560,"height":1599},{"@type":"BreadcrumbList","@id":"https:\/\/restyling.exenia.eu\/fr\/produit\/museo-revo-medium-multimetrik\/#breadcrumb","itemListElement":[{"@type":"ListItem","position":1,"name":"Home","item":"https:\/\/restyling.exenia.eu\/"},{"@type":"ListItem","position":2,"name":"Produits","item":"https:\/\/restyling.exenia.eu\/prodotti\/"},{"@type":"ListItem","position":3,"name":"Indoor","item":"https:\/\/restyling.exenia.eu\/fr\/c\/indoor\/"},{"@type":"ListItem","position":4,"name":"Projecteurs de base","item":"https:\/\/restyling.exenia.eu\/fr\/c\/indoor\/projecteurs-de-base\/"},{"@type":"ListItem","position":5,"name":"Museo Revo Multimetrik","item":"https:\/\/restyling.exenia.eu\/c\/indoor\/proiettori-a-base\/museo-revo-multimetrik\/"},{"@type":"ListItem","position":6,"name":"Museo Revo Medium Multimetrik"}]},{"@type":"WebSite","@id":"https:\/\/restyling.exenia.eu\/#website","url":"https:\/\/restyling.exenia.eu\/","name":"Exenia","description":"","publisher":{"@id":"https:\/\/restyling.exenia.eu\/#organization"},"potentialAction":[{"@type":"SearchAction","target":{"@type":"EntryPoint","urlTemplate":"https:\/\/restyling.exenia.eu\/?s={search_term_string}"},"query-input":{"@type":"PropertyValueSpecification","valueRequired":true,"valueName":"search_term_string"}}],"inLanguage":"fr-FR"},{"@type":"Organization","@id":"https:\/\/restyling.exenia.eu\/#organization","name":"Exenia","url":"https:\/\/restyling.exenia.eu\/","logo":{"@type":"ImageObject","inLanguage":"fr-FR","@id":"https:\/\/restyling.exenia.eu\/#\/schema\/logo\/image\/","url":"https:\/\/restyling.exenia.eu\/wp-content\/uploads\/2022\/09\/logo_exenia-e1678467519405.png","contentUrl":"https:\/\/restyling.exenia.eu\/wp-content\/uploads\/2022\/09\/logo_exenia-e1678467519405.png","width":600,"height":194,"caption":"Exenia"},"image":{"@id":"https:\/\/restyling.exenia.eu\/#\/schema\/logo\/image\/"},"sameAs":["https:\/\/www.facebook.com\/exenialighting","https:\/\/x.com\/ExeniaLighting"]}]}},"_links":{"self":[{"href":"https:\/\/restyling.exenia.eu\/fr\/wp-json\/wp\/v2\/product\/73521","targetHints":{"allow":["GET"]}}],"collection":[{"href":"https:\/\/restyling.exenia.eu\/fr\/wp-json\/wp\/v2\/product"}],"about":[{"href":"https:\/\/restyling.exenia.eu\/fr\/wp-json\/wp\/v2\/types\/product"}],"wp:featuredmedia":[{"embeddable":true,"href":"https:\/\/restyling.exenia.eu\/fr\/wp-json\/wp\/v2\/media\/73564"}],"wp:attachment":[{"href":"https:\/\/restyling.exenia.eu\/fr\/wp-json\/wp\/v2\/media?parent=73521"}],"wp:term":[{"taxonomy":"product_brand","embeddable":true,"href":"https:\/\/restyling.exenia.eu\/fr\/wp-json\/wp\/v2\/product_brand?post=73521"},{"taxonomy":"product_cat","embeddable":true,"href":"https:\/\/restyling.exenia.eu\/fr\/wp-json\/wp\/v2\/product_cat?post=73521"},{"taxonomy":"product_tag","embeddable":true,"href":"https:\/\/restyling.exenia.eu\/fr\/wp-json\/wp\/v2\/product_tag?post=73521"},{"taxonomy":"categoria-admin-prodotto","embeddable":true,"href":"https:\/\/restyling.exenia.eu\/fr\/wp-json\/wp\/v2\/categoria-admin-prodotto?post=73521"}],"curies":[{"name":"wp","href":"https:\/\/api.w.org\/{rel}","templated":true}]}}