{"id":73876,"date":"2025-04-03T08:22:34","date_gmt":"2025-04-03T06:22:34","guid":{"rendered":"https:\/\/www.exenia.eu\/?post_type=product&#038;p=73876"},"modified":"2025-04-22T11:31:57","modified_gmt":"2025-04-22T09:31:57","slug":"spot-230-revo-medium-easymetrik","status":"publish","type":"product","link":"https:\/\/restyling.exenia.eu\/fr\/produit\/spot-230-revo-medium-easymetrik\/","title":{"rendered":"Spot 230 Revo Medium EASYMETRIK"},"content":{"rendered":"<p><strong>Easymetrik<\/strong> est la version \u00ab plug and play \u00bb de la famille Revo, totalement adaptable, qui int\u00e8gre la gradation embarqu\u00e9e, le s\u00e9lecteur de temp\u00e9rature 2700k, 3200k et 4000k et le r\u00e9glage du faisceau en un seul mod\u00e8le.<\/p>\n<p>Le nouveau syst\u00e8me de modulation optique permet une excursion de 15\u00b0 \u00e0 60\u00b0 gr\u00e2ce \u00e0 la micro-translation de la longueur focale et \u00e0 une double lentille interchangeable, garantissant pr\u00e9cision et uniformit\u00e9.<\/p>\n<p>L&rsquo;intensit\u00e9 lumineuse peut \u00eatre modul\u00e9e au moyen d&rsquo;un variateur logarithmique standard. L&rsquo;efficacit\u00e9 lumineuse atteint 110 lm\/W avec des flux allant jusqu&rsquo;\u00e0 3276 lm, tout en maintenant un haut niveau de qualit\u00e9.<\/p>\n<p>Le design compact ne diff\u00e8re pas des s\u00e9ries homologues Revo et Revo Multimetrik, assurant une continuit\u00e9 esth\u00e9tique et un sentiment de famille.<\/p>\n<p>Les lentilles interchangeables permettent d&rsquo;inclure deux gammes compl\u00e9mentaires d&rsquo;ouvertures 15\u00b0-36\u00b0 et 32\u00b0-60\u00b0 selon les crit\u00e8res de configuration choisis.<\/p>\n<p>Disponible dans les variantes Medium, Compact et Max avec un IRC de 92 et 98 et une tol\u00e9rance de couleur de 3 MacAdam Step.<\/p>\n<p><a href=\"https:\/\/restyling.exenia.eu\/wp-content\/uploads\/2025\/04\/MULTIMETRIK-FR.pdf\"><img fetchpriority=\"high\" decoding=\"async\" class=\"alignnone wp-image-73855 size-medium\" src=\"https:\/\/restyling.exenia.eu\/wp-content\/uploads\/2025\/04\/Multimetrik-copertina-212x300.jpg\" alt=\"\" width=\"212\" height=\"300\" srcset=\"https:\/\/restyling.exenia.eu\/wp-content\/uploads\/2025\/04\/Multimetrik-copertina-212x300.jpg 212w, https:\/\/restyling.exenia.eu\/wp-content\/uploads\/2025\/04\/Multimetrik-copertina-725x1024.jpg 725w, https:\/\/restyling.exenia.eu\/wp-content\/uploads\/2025\/04\/Multimetrik-copertina-768x1085.jpg 768w, https:\/\/restyling.exenia.eu\/wp-content\/uploads\/2025\/04\/Multimetrik-copertina-1087x1536.jpg 1087w, https:\/\/restyling.exenia.eu\/wp-content\/uploads\/2025\/04\/Multimetrik-copertina.jpg 1360w\" sizes=\"(max-width: 212px) 100vw, 212px\" \/><\/a><\/p>\n","protected":false},"excerpt":{"rendered":"<p>Easymetrik est la version \u00ab plug and play \u00bb de&#8230;<\/p>\n","protected":false},"featured_media":73904,"template":"","meta":{"_acf_changed":false},"product_brand":[],"product_cat":[6541,9104],"product_tag":[7476,9041,9099],"categoria-admin-prodotto":[],"class_list":{"0":"post-73876","1":"product","2":"type-product","3":"status-publish","4":"has-post-thumbnail","6":"product_cat-news-fr","7":"product_cat-spot-revo-230-easymetrik-fr","8":"product_tag-386e0-fr","9":"product_tag-multimetrik-fr","10":"product_tag-easymetrik-fr","11":"pa_cct-dw-2700k-4000k-fr","12":"pa_certificazione-conformita-ce-fr","13":"pa_classe-f-oui","14":"pa_cri-92-fr","15":"pa_cri-98-fr","16":"pa_grado-ip-ip40-fr","17":"pa_temperatura-di-esercizio-10-35-fr","19":"first","20":"instock","21":"purchasable","22":"product-type-composite"},"composite_virtual":false,"composite_layout":"single","composite_add_to_cart_form_location":"default","composite_editable_in_cart":false,"composite_sold_individually_context":"product","composite_shop_price_calc":"defaults","composite_components":[{"id":"1674739980","title":"Corp de l&#039;appareil","description":"","query_type":"product_ids","query_ids":[18574],"default_option_id":18574,"thumbnail_id":"","thumbnail_src":"","quantity_min":1,"quantity_max":1,"priced_individually":false,"shipped_individually":false,"optional":false,"discount":"","options_style":"radios","pagination_style":"classic","display_prices":"absolute","show_sorting_options":false,"show_filtering_options":false,"attribute_filter_ids":[],"product_title_visible":false,"product_descr_visible":false,"product_price_visible":false,"product_thumb_visible":false,"subtotal_visible_product":false,"subtotal_visible_cart":false,"subtotal_visible_orders":false},{"id":"1674739981","title":"Version","description":"","query_type":"product_ids","query_ids":[19185],"default_option_id":19185,"thumbnail_id":"","thumbnail_src":"","quantity_min":1,"quantity_max":1,"priced_individually":false,"shipped_individually":false,"optional":false,"discount":"","options_style":"radios","pagination_style":"classic","display_prices":"absolute","show_sorting_options":false,"show_filtering_options":false,"attribute_filter_ids":[],"product_title_visible":false,"product_descr_visible":false,"product_price_visible":false,"product_thumb_visible":false,"subtotal_visible_product":false,"subtotal_visible_cart":false,"subtotal_visible_orders":false},{"id":"1674739982","title":"Controle","description":"","query_type":"product_ids","query_ids":[74001],"default_option_id":74001,"thumbnail_id":"","thumbnail_src":"","quantity_min":1,"quantity_max":1,"priced_individually":false,"shipped_individually":false,"optional":false,"discount":"","options_style":"radios","pagination_style":"classic","display_prices":"absolute","show_sorting_options":false,"show_filtering_options":false,"attribute_filter_ids":[],"product_title_visible":false,"product_descr_visible":true,"product_price_visible":false,"product_thumb_visible":false,"subtotal_visible_product":false,"subtotal_visible_cart":false,"subtotal_visible_orders":false},{"id":"1674740360","title":"Finition du bo\u00eetier","description":"","query_type":"product_ids","query_ids":[18774,18749,18707,18753,18762,18759],"default_option_id":"","thumbnail_id":"","thumbnail_src":"","quantity_min":1,"quantity_max":1,"priced_individually":false,"shipped_individually":false,"optional":true,"discount":"","options_style":"radios","pagination_style":"classic","display_prices":"absolute","show_sorting_options":false,"show_filtering_options":false,"attribute_filter_ids":[],"product_title_visible":false,"product_descr_visible":false,"product_price_visible":false,"product_thumb_visible":false,"subtotal_visible_product":false,"subtotal_visible_cart":false,"subtotal_visible_orders":false},{"id":"1674740361","title":"Finition de l&#039;adaptateur","description":"","query_type":"product_ids","query_ids":[18703,18704],"default_option_id":"","thumbnail_id":"","thumbnail_src":"","quantity_min":1,"quantity_max":1,"priced_individually":false,"shipped_individually":false,"optional":true,"discount":"","options_style":"radios","pagination_style":"classic","display_prices":"absolute","show_sorting_options":false,"show_filtering_options":false,"attribute_filter_ids":[],"product_title_visible":false,"product_descr_visible":false,"product_price_visible":false,"product_thumb_visible":false,"subtotal_visible_product":false,"subtotal_visible_cart":false,"subtotal_visible_orders":false},{"id":"1674740362","title":"CRI-CCT","description":"","query_type":"product_ids","query_ids":[73942,73938],"default_option_id":"","thumbnail_id":"","thumbnail_src":"","quantity_min":1,"quantity_max":1,"priced_individually":false,"shipped_individually":false,"optional":true,"discount":"","options_style":"radios","pagination_style":"classic","display_prices":"absolute","show_sorting_options":false,"show_filtering_options":false,"attribute_filter_ids":[],"product_title_visible":false,"product_descr_visible":false,"product_price_visible":false,"product_thumb_visible":false,"subtotal_visible_product":false,"subtotal_visible_cart":false,"subtotal_visible_orders":false},{"id":"1674740363","title":"Optique","description":"","query_type":"product_ids","query_ids":[73413,73417,73433],"default_option_id":"","thumbnail_id":"","thumbnail_src":"","quantity_min":1,"quantity_max":1,"priced_individually":false,"shipped_individually":false,"optional":true,"discount":"","options_style":"radios","pagination_style":"classic","display_prices":"absolute","show_sorting_options":false,"show_filtering_options":false,"attribute_filter_ids":[],"product_title_visible":false,"product_descr_visible":true,"product_price_visible":false,"product_thumb_visible":false,"subtotal_visible_product":false,"subtotal_visible_cart":false,"subtotal_visible_orders":false},{"id":"1674740364","title":"Accessoires","description":"","query_type":"product_ids","query_ids":[13424],"default_option_id":13424,"thumbnail_id":"","thumbnail_src":"","quantity_min":1,"quantity_max":1,"priced_individually":false,"shipped_individually":false,"optional":false,"discount":"","options_style":"radios","pagination_style":"classic","display_prices":"absolute","show_sorting_options":false,"show_filtering_options":false,"attribute_filter_ids":[],"product_title_visible":false,"product_descr_visible":true,"product_price_visible":false,"product_thumb_visible":true,"subtotal_visible_product":false,"subtotal_visible_cart":false,"subtotal_visible_orders":false},{"id":"1676653776","title":"Accessoires ind\u00e9pendants","description":"","query_type":"product_ids","query_ids":[73485],"default_option_id":73485,"thumbnail_id":"","thumbnail_src":"","quantity_min":1,"quantity_max":1,"priced_individually":false,"shipped_individually":false,"optional":false,"discount":"","options_style":"radios","pagination_style":"classic","display_prices":"absolute","show_sorting_options":false,"show_filtering_options":false,"attribute_filter_ids":[],"product_title_visible":false,"product_descr_visible":true,"product_price_visible":false,"product_thumb_visible":false,"subtotal_visible_product":false,"subtotal_visible_cart":false,"subtotal_visible_orders":false}],"composite_scenarios":[{"id":"1743582463","name":"no accessori","description":"","configuration":[{"component_id":"1674739980","options_modifier":"any"}],"actions":[{"action_id":"compat_group","is_active":false},{"action_id":"conditional_components","is_active":false,"hidden_components":[]},{"action_id":"conditional_options","is_active":true,"hidden_options":[{"component_id":"1674740364","component_options":[-1,13425],"options_modifier":"not-in"}]}],"enabled":true}],"bundled_by":[],"bundle_stock_status":"instock","bundle_stock_quantity":null,"bundle_virtual":false,"bundle_layout":"","bundle_add_to_cart_form_location":"","bundle_editable_in_cart":false,"bundle_sold_individually_context":"","bundle_item_grouping":"","bundle_min_size":"","bundle_max_size":"","bundled_items":[],"bundle_sell_ids":[],"acf":[],"yoast_head":"<!-- This site is optimized with the Yoast SEO plugin v27.4 - https:\/\/yoast.com\/product\/yoast-seo-wordpress\/ -->\n<title>Spot 230 Revo Medium EASYMETRIK | Exenia<\/title>\n<meta name=\"robots\" content=\"noindex, follow, max-snippet:-1, max-image-preview:large, max-video-preview:-1\" \/>\n<meta property=\"og:locale\" content=\"fr_FR\" \/>\n<meta property=\"og:type\" content=\"article\" \/>\n<meta property=\"og:title\" content=\"Spot 230 Revo Medium EASYMETRIK | Exenia\" \/>\n<meta property=\"og:description\" content=\"Easymetrik est la version \u00ab plug and play \u00bb de...\" \/>\n<meta property=\"og:url\" content=\"https:\/\/restyling.exenia.eu\/fr\/produit\/spot-230-revo-medium-easymetrik\/\" \/>\n<meta property=\"og:site_name\" content=\"Exenia\" \/>\n<meta property=\"article:publisher\" content=\"https:\/\/www.facebook.com\/exenialighting\" \/>\n<meta property=\"article:modified_time\" content=\"2025-04-22T09:31:57+00:00\" \/>\n<meta property=\"og:image\" content=\"https:\/\/restyling.exenia.eu\/wp-content\/uploads\/2025\/04\/Easymetrik-Prodotto.jpg\" \/>\n\t<meta property=\"og:image:width\" content=\"2000\" \/>\n\t<meta property=\"og:image:height\" content=\"1919\" \/>\n\t<meta property=\"og:image:type\" content=\"image\/jpeg\" \/>\n<!-- \/ Yoast SEO plugin. -->","yoast_head_json":{"title":"Spot 230 Revo Medium EASYMETRIK | Exenia","robots":{"index":"noindex","follow":"follow","max-snippet":"max-snippet:-1","max-image-preview":"max-image-preview:large","max-video-preview":"max-video-preview:-1"},"og_locale":"fr_FR","og_type":"article","og_title":"Spot 230 Revo Medium EASYMETRIK | Exenia","og_description":"Easymetrik est la version \u00ab plug and play \u00bb de...","og_url":"https:\/\/restyling.exenia.eu\/fr\/produit\/spot-230-revo-medium-easymetrik\/","og_site_name":"Exenia","article_publisher":"https:\/\/www.facebook.com\/exenialighting","article_modified_time":"2025-04-22T09:31:57+00:00","og_image":[{"width":2000,"height":1919,"url":"https:\/\/restyling.exenia.eu\/wp-content\/uploads\/2025\/04\/Easymetrik-Prodotto.jpg","type":"image\/jpeg"}],"schema":{"@context":"https:\/\/schema.org","@graph":[{"@type":"WebPage","@id":"https:\/\/restyling.exenia.eu\/fr\/produit\/spot-230-revo-medium-easymetrik\/","url":"https:\/\/restyling.exenia.eu\/fr\/produit\/spot-230-revo-medium-easymetrik\/","name":"Spot 230 Revo Medium EASYMETRIK | Exenia","isPartOf":{"@id":"https:\/\/restyling.exenia.eu\/#website"},"primaryImageOfPage":{"@id":"https:\/\/restyling.exenia.eu\/fr\/produit\/spot-230-revo-medium-easymetrik\/#primaryimage"},"image":{"@id":"https:\/\/restyling.exenia.eu\/fr\/produit\/spot-230-revo-medium-easymetrik\/#primaryimage"},"thumbnailUrl":"https:\/\/restyling.exenia.eu\/wp-content\/uploads\/2025\/04\/Easymetrik-Prodotto.jpg","datePublished":"2025-04-03T06:22:34+00:00","dateModified":"2025-04-22T09:31:57+00:00","breadcrumb":{"@id":"https:\/\/restyling.exenia.eu\/fr\/produit\/spot-230-revo-medium-easymetrik\/#breadcrumb"},"inLanguage":"fr-FR","potentialAction":[{"@type":"ReadAction","target":["https:\/\/restyling.exenia.eu\/fr\/produit\/spot-230-revo-medium-easymetrik\/"]}]},{"@type":"ImageObject","inLanguage":"fr-FR","@id":"https:\/\/restyling.exenia.eu\/fr\/produit\/spot-230-revo-medium-easymetrik\/#primaryimage","url":"https:\/\/restyling.exenia.eu\/wp-content\/uploads\/2025\/04\/Easymetrik-Prodotto.jpg","contentUrl":"https:\/\/restyling.exenia.eu\/wp-content\/uploads\/2025\/04\/Easymetrik-Prodotto.jpg","width":2000,"height":1919},{"@type":"BreadcrumbList","@id":"https:\/\/restyling.exenia.eu\/fr\/produit\/spot-230-revo-medium-easymetrik\/#breadcrumb","itemListElement":[{"@type":"ListItem","position":1,"name":"Home","item":"https:\/\/restyling.exenia.eu\/"},{"@type":"ListItem","position":2,"name":"Produits","item":"https:\/\/restyling.exenia.eu\/prodotti\/"},{"@type":"ListItem","position":3,"name":"Indoor","item":"https:\/\/restyling.exenia.eu\/fr\/c\/indoor\/"},{"@type":"ListItem","position":4,"name":"Luminaires pour syst\u00e8mes\/pistes","item":"https:\/\/restyling.exenia.eu\/fr\/c\/indoor\/luminaires-pour-systemes-pistes\/"},{"@type":"ListItem","position":5,"name":"230 V","item":"https:\/\/restyling.exenia.eu\/fr\/c\/indoor\/luminaires-pour-systemes-pistes\/230-v-fr\/"},{"@type":"ListItem","position":6,"name":"Spot Revo 230 Easymetrik","item":"https:\/\/restyling.exenia.eu\/c\/indoor\/apparecchi-per-sistemi-binari-elettrificati\/230-v\/spot-revo-230-easymetrik\/"},{"@type":"ListItem","position":7,"name":"Spot 230 Revo Medium EASYMETRIK"}]},{"@type":"WebSite","@id":"https:\/\/restyling.exenia.eu\/#website","url":"https:\/\/restyling.exenia.eu\/","name":"Exenia","description":"","publisher":{"@id":"https:\/\/restyling.exenia.eu\/#organization"},"potentialAction":[{"@type":"SearchAction","target":{"@type":"EntryPoint","urlTemplate":"https:\/\/restyling.exenia.eu\/?s={search_term_string}"},"query-input":{"@type":"PropertyValueSpecification","valueRequired":true,"valueName":"search_term_string"}}],"inLanguage":"fr-FR"},{"@type":"Organization","@id":"https:\/\/restyling.exenia.eu\/#organization","name":"Exenia","url":"https:\/\/restyling.exenia.eu\/","logo":{"@type":"ImageObject","inLanguage":"fr-FR","@id":"https:\/\/restyling.exenia.eu\/#\/schema\/logo\/image\/","url":"https:\/\/restyling.exenia.eu\/wp-content\/uploads\/2022\/09\/logo_exenia-e1678467519405.png","contentUrl":"https:\/\/restyling.exenia.eu\/wp-content\/uploads\/2022\/09\/logo_exenia-e1678467519405.png","width":600,"height":194,"caption":"Exenia"},"image":{"@id":"https:\/\/restyling.exenia.eu\/#\/schema\/logo\/image\/"},"sameAs":["https:\/\/www.facebook.com\/exenialighting","https:\/\/x.com\/ExeniaLighting"]}]}},"_links":{"self":[{"href":"https:\/\/restyling.exenia.eu\/fr\/wp-json\/wp\/v2\/product\/73876","targetHints":{"allow":["GET"]}}],"collection":[{"href":"https:\/\/restyling.exenia.eu\/fr\/wp-json\/wp\/v2\/product"}],"about":[{"href":"https:\/\/restyling.exenia.eu\/fr\/wp-json\/wp\/v2\/types\/product"}],"wp:featuredmedia":[{"embeddable":true,"href":"https:\/\/restyling.exenia.eu\/fr\/wp-json\/wp\/v2\/media\/73904"}],"wp:attachment":[{"href":"https:\/\/restyling.exenia.eu\/fr\/wp-json\/wp\/v2\/media?parent=73876"}],"wp:term":[{"taxonomy":"product_brand","embeddable":true,"href":"https:\/\/restyling.exenia.eu\/fr\/wp-json\/wp\/v2\/product_brand?post=73876"},{"taxonomy":"product_cat","embeddable":true,"href":"https:\/\/restyling.exenia.eu\/fr\/wp-json\/wp\/v2\/product_cat?post=73876"},{"taxonomy":"product_tag","embeddable":true,"href":"https:\/\/restyling.exenia.eu\/fr\/wp-json\/wp\/v2\/product_tag?post=73876"},{"taxonomy":"categoria-admin-prodotto","embeddable":true,"href":"https:\/\/restyling.exenia.eu\/fr\/wp-json\/wp\/v2\/categoria-admin-prodotto?post=73876"}],"curies":[{"name":"wp","href":"https:\/\/api.w.org\/{rel}","templated":true}]}}